{"id":3195,"date":"2025-10-18T04:48:10","date_gmt":"2025-10-18T02:48:10","guid":{"rendered":"https:\/\/fumotpuff.com\/?post_type=product&#038;p=3195"},"modified":"2025-10-18T04:48:10","modified_gmt":"2025-10-18T02:48:10","slug":"bang-leader-80000-raspberry-mojito-peach-ice-strawberry-and-watermelon-kiwi-passion-fruit-guava","status":"publish","type":"product","link":"https:\/\/fumotpuff.com\/pl\/produkt\/bang-leader-80000-raspberry-mojito-peach-ice-strawberry-and-watermelon-kiwi-passion-fruit-guava\/","title":{"rendered":"Bang Leader 80000 Raspberry Mojito Peach Ice\/Strawberry And Watermelon\/Kiwi Passion Fruit Guava"},"content":{"rendered":"<h2 class=\"text-xl font-bold text-text-100 mt-1 -mb-0.5\">Bang Leader 80000 Raspberry Mojito Peach Ice\/Strawberry And Watermelon\/Kiwi Passion Fruit Guava Jednorazowy Vape<\/h2>\n<p class=\"whitespace-normal break-words\">Bang Leader 80000 to jednorazowy e-papieros o du\u017cej pojemno\u015bci, opracowany z my\u015bl\u0105 o u\u017cytkownikach wymagaj\u0105cych r\u00f3\u017cnorodno\u015bci i sp\u00f3jno\u015bci smak\u00f3w. Unikalna koncepcja 3 w 1 \u0142\u0105czy trzy oddzielne wk\u0142ady o pojemno\u015bci 26 ml z \u0142\u0105cznie 78 ml e-liquidu i umo\u017cliwia \u0142atwe prze\u0142\u0105czanie mi\u0119dzy trzema charakterystycznymi smakami: musuj\u0105cym malinowym mojito z lodem brzoskwiniowym, s\u0142odk\u0105 kombinacj\u0105 truskawkowo-arbuzow\u0105 i tropikaln\u0105 mieszank\u0105 kiwi-passion fruit-guava.<\/p>\n<p class=\"whitespace-normal break-words\">Siatkowa cewka 1,0 \u03a9 wytwarza aksamitnie g\u0142adk\u0105 par\u0119 o autentycznym smaku. Zintegrowana bateria 850 mAh z funkcj\u0105 \u0142adowania gwarantuje d\u0142ugotrwa\u0142e dzia\u0142anie, a szybkie \u0142adowanie Type-C minimalizuje przerwy w pracy.<\/p>\n<p class=\"whitespace-normal break-words\">Dost\u0119pny w wersjach o mocy nikotyny 0 %, 2 %, 3 % i 5 % - Bang Leader 80K spe\u0142nia szeroki zakres wymaga\u0144.<\/p>\n<h3 class=\"text-lg font-bold text-text-100 mt-1 -mb-1.5\">Zalety Bang Leader 80000 Puff:<\/h3>\n<p class=\"whitespace-normal break-words\">To urz\u0105dzenie do waporyzacji wyznacza nowe standardy dzi\u0119ki imponuj\u0105cej wydajno\u015bci do 80 000 zaci\u0105gni\u0119\u0107 i imponuje niezr\u00f3wnan\u0105 trwa\u0142o\u015bci\u0105 i jako\u015bci\u0105 smaku. Idealny dla wymagaj\u0105cych waper\u00f3w, kt\u00f3rzy szukaj\u0105 zar\u00f3wno ilo\u015bci, jak i najwy\u017cszej jako\u015bci w eleganckiej, nowoczesnej obudowie.<\/p>\n<p class=\"whitespace-normal break-words\">Ka\u017cde urz\u0105dzenie oferuje system komory smakowej 3 w 1, kt\u00f3ry \u0142\u0105czy trzy r\u00f3\u017cne smaki w jednym e-papierosie. Swobodnie prze\u0142\u0105czaj si\u0119 mi\u0119dzy smakami lub mieszaj je wed\u0142ug w\u0142asnych upodoba\u0144 - odkrywaj nowe doznania smakowe i czyst\u0105 przyjemno\u015b\u0107 z ka\u017cdym zaci\u0105gni\u0119ciem si\u0119.<\/p>\n<p class=\"whitespace-normal break-words\">Pojemno\u015b\u0107 78 ml najwy\u017cszej jako\u015bci e-liquidu gwarantuje d\u0142ugotrwa\u0142e u\u017cytkowanie bez konieczno\u015bci uzupe\u0142niania. Idealny do podr\u00f3\u017cy i d\u0142u\u017cszego u\u017cytkowania.<\/p>\n<p class=\"whitespace-normal break-words\">Wyposa\u017cony w wysokowydajny akumulator 850 mAh z funkcj\u0105 \u0142adowania, oferuje wiele godzin pracy i szybkie \u0142adowanie przez Type-C, dzi\u0119ki czemu e-papieros jest zawsze gotowy do u\u017cycia.<\/p>\n<p class=\"whitespace-normal break-words\">Wbudowany system podw\u00f3jnej cewki o oporno\u015bci 1,0 \u03a9 wytwarza g\u0119st\u0105, aromatyczn\u0105 par\u0119 i zapewnia p\u0142ynne, sp\u00f3jne doznania od pierwszego do ostatniego zaci\u0105gni\u0119cia.<\/p>\n<p class=\"whitespace-normal break-words\">Dost\u0119pny w wersjach 0 %, 2 %, 3 % i 5 % nikotyny - Bang Leader 80000 jest odpowiedni zar\u00f3wno dla okazjonalnych, jak i intensywnych vaper\u00f3w.<\/p>\n<h3 class=\"text-lg font-bold text-text-100 mt-1 -mb-1.5\">Specyfikacja produktu:<\/h3>\n<p class=\"whitespace-normal break-words\"><strong>Liczba poci\u0105g\u00f3w:<\/strong> Do 80 000 poci\u0105g\u00f3w<br \/>\n<strong>Zawarto\u015b\u0107 nikotyny:<\/strong> 0 % \/ 2 % \/ 3 % \/ 5 %<br \/>\n<strong>Smaki:<\/strong> Raspberry Mojito Peach Ice, Truskawka i arbuz, Kiwi Passion Fruit Guava<br \/>\n<strong>Obj\u0119to\u015b\u0107 e-liquidu:<\/strong> 78 ml (3 kapsu\u0142ki po 26 ml ka\u017cda)<br \/>\n<strong>Bateria:<\/strong> Akumulator 850 mAh<br \/>\n<strong>Waporyzator:<\/strong> Cewka siatkowa 1,0 \u03a9<br \/>\n<strong>Interfejs \u0142adowania:<\/strong> Typ-C<\/p>\n<h3 class=\"text-lg font-bold text-text-100 mt-1 -mb-1.5\">Odkryj wi\u0119cej BANG VAPE na fumotpuff<\/h3>\n<p class=\"whitespace-normal break-words\">Przejrzyj nasz\u0105 szerok\u0105 ofert\u0119 na <strong><a class=\"underline\" href=\"https:\/\/fumotpuff.com\/pl\/\">fumotpuff.com<\/a><\/strong> i do\u015bwiadcz najwy\u017cszej klasy technologii parowej. The <strong><a class=\"underline\" href=\"https:\/\/fumotpuff.com\/pl\/product-category\/bang-vape\/\">Linia produkt\u00f3w BANG VAPE<\/a><\/strong> oferuje innowacyjne rozwi\u0105zania dla ka\u017cdej potrzeby. Wszystkie smaki Bang Leader 80000 s\u0105 dost\u0119pne w naszej ofercie <strong><a class=\"underline\" href=\"https:\/\/fumotpuff.com\/pl\/product-category\/bang-vape\/bang-leader-80000\/\">specjalny wyb\u00f3r smak\u00f3w<\/a><\/strong> dla Ciebie.<\/p>","protected":false},"excerpt":{"rendered":"<p class=\"whitespace-normal break-words\">Bang Leader 80000 Raspberry Mojito Peach Ice\/Strawberry And Watermelon\/Kiwi Passion Fruit Guava \u0142\u0105czy w sobie trzy egzotyczne smaki: musuj\u0105ce malinowe mojito z lodem brzoskwiniowym, s\u0142odki arbuz truskawkowy i tropikaln\u0105 guaw\u0119 kiwi. 78 ML e-liquidu, 80 000 zaci\u0105gni\u0119\u0107, cewka siatkowa 1,0\u03a9, bateria 850 mAh - nieograniczona przyjemno\u015b\u0107!<\/p>","protected":false},"featured_media":3196,"comment_status":"open","ping_status":"closed","template":"","meta":{"_acf_changed":false},"product_brand":[],"product_cat":[35],"product_tag":[],"class_list":{"0":"post-3195","1":"product","2":"type-product","3":"status-publish","4":"has-post-thumbnail","6":"product_cat-bang-leader-80000","8":"first","9":"instock","10":"shipping-taxable","11":"purchasable","12":"product-type-variable"},"acf":[],"_links":{"self":[{"href":"https:\/\/fumotpuff.com\/pl\/wp-json\/wp\/v2\/product\/3195","targetHints":{"allow":["GET"]}}],"collection":[{"href":"https:\/\/fumotpuff.com\/pl\/wp-json\/wp\/v2\/product"}],"about":[{"href":"https:\/\/fumotpuff.com\/pl\/wp-json\/wp\/v2\/types\/product"}],"replies":[{"embeddable":true,"href":"https:\/\/fumotpuff.com\/pl\/wp-json\/wp\/v2\/comments?post=3195"}],"wp:featuredmedia":[{"embeddable":true,"href":"https:\/\/fumotpuff.com\/pl\/wp-json\/wp\/v2\/media\/3196"}],"wp:attachment":[{"href":"https:\/\/fumotpuff.com\/pl\/wp-json\/wp\/v2\/media?parent=3195"}],"wp:term":[{"taxonomy":"product_brand","embeddable":true,"href":"https:\/\/fumotpuff.com\/pl\/wp-json\/wp\/v2\/product_brand?post=3195"},{"taxonomy":"product_cat","embeddable":true,"href":"https:\/\/fumotpuff.com\/pl\/wp-json\/wp\/v2\/product_cat?post=3195"},{"taxonomy":"product_tag","embeddable":true,"href":"https:\/\/fumotpuff.com\/pl\/wp-json\/wp\/v2\/product_tag?post=3195"}],"curies":[{"name":"wp","href":"https:\/\/api.w.org\/{rel}","templated":true}]}}