{"id":3188,"date":"2025-10-18T04:45:06","date_gmt":"2025-10-18T02:45:06","guid":{"rendered":"https:\/\/fumotpuff.com\/?post_type=product&#038;p=3188"},"modified":"2025-10-18T04:45:28","modified_gmt":"2025-10-18T02:45:28","slug":"bang-leader-80000-watermelon-ice-strawberry-and-mango-banana","status":"publish","type":"product","link":"https:\/\/fumotpuff.com\/pl\/produkt\/bang-leader-80000-watermelon-ice-strawberry-and-mango-banana\/","title":{"rendered":"Bang Leader 80000 Watermelon Ice\/Strawberry And Mango\/Banana"},"content":{"rendered":"<h2 class=\"text-xl font-bold text-text-100 mt-1 -mb-0.5\">Bang Leader 80000 Watermelon Ice\/Strawberry And Mango\/Banana jednorazowy Vape<\/h2>\n<p class=\"whitespace-normal break-words\">Bang Leader 80000 to innowacyjne jednorazowe urz\u0105dzenie do waporyzacji o wyj\u0105tkowej pojemno\u015bci, zaprojektowane dla u\u017cytkownik\u00f3w, kt\u00f3rzy oczekuj\u0105 maksymalnej r\u00f3\u017cnorodno\u015bci i wytrzyma\u0142o\u015bci podczas waporyzacji. Rewolucyjny system smakowy 3 w 1 zawiera trzy oddzielne zbiorniki o pojemno\u015bci 26 ml z \u0142\u0105cznie 78 ml e-cieczy i umo\u017cliwia p\u0142ynne prze\u0142\u0105czanie mi\u0119dzy trzema r\u00f3\u017cnymi smakami: orze\u017awiaj\u0105cym arbuzem z nut\u0105 lod\u00f3w, owocowym po\u0142\u0105czeniem truskawki i mango oraz kremowym bananem.<\/p>\n<p class=\"whitespace-normal break-words\">Wbudowany waporyzator siatkowy 1,0 \u03a9 wytwarza g\u0142adk\u0105 par\u0119 o pe\u0142nym smaku. Wydajna bateria 850 mAh z funkcj\u0105 \u0142adowania zapewnia d\u0142u\u017csze sesje waporyzacji, a technologia szybkiego \u0142adowania Type-C skraca czas oczekiwania do minimum.<\/p>\n<p class=\"whitespace-normal break-words\">Dost\u0119pny w st\u0119\u017ceniach nikotyny 0 %, 2 %, 3 % i 5 % - Bang Leader 80K zaspokoi ka\u017cdy gust.<\/p>\n<h3 class=\"text-lg font-bold text-text-100 mt-1 -mb-1.5\">Cechy szczeg\u00f3lne g\u0142o\u015bnika Bang Leader 80000:<\/h3>\n<p class=\"whitespace-normal break-words\">Ten e-papieros na nowo definiuje wydajno\u015b\u0107 dzi\u0119ki spektakularnej pojemno\u015bci do 80 000 zaci\u0105gni\u0119\u0107 i zapewnia niezr\u00f3wnan\u0105 wytrzyma\u0142o\u015b\u0107 w po\u0142\u0105czeniu z intensywnymi doznaniami smakowymi. Idealny wyb\u00f3r dla zaawansowanych waper\u00f3w, kt\u00f3rzy ceni\u0105 sobie obj\u0119to\u015b\u0107 i jako\u015b\u0107 w nowoczesnym, eleganckim designie.<\/p>\n<p class=\"whitespace-normal break-words\">Unikalny system kom\u00f3r 3 w 1 oferuje trzy r\u00f3\u017cne smaki w jednym kompaktowym urz\u0105dzeniu. Mo\u017cesz dowolnie prze\u0142\u0105cza\u0107 si\u0119 mi\u0119dzy poszczeg\u00f3lnymi smakami lub \u0142\u0105czy\u0107 je w celu stworzenia w\u0142asnej kreacji - do\u015bwiadcz nowych wymiar\u00f3w smaku i maksymalnej przyjemno\u015bci z ka\u017cdym zaci\u0105gni\u0119ciem.<\/p>\n<p class=\"whitespace-normal break-words\">Du\u017ca pojemno\u015b\u0107 78 ml e-liquidu gwarantuje d\u0142ugotrwa\u0142e u\u017cytkowanie bez konieczno\u015bci uzupe\u0142niania. Idealny do u\u017cytku mobilnego i d\u0142ugotrwa\u0142ego.<\/p>\n<p class=\"whitespace-normal break-words\">Bardzo wydajny akumulator o pojemno\u015bci 850 mAh z funkcj\u0105 \u0142adowania umo\u017cliwia kilka godzin pracy i szybkie \u0142adowanie przez z\u0142\u0105cze Type-C, dzi\u0119ki czemu urz\u0105dzenie jest zawsze gotowe do u\u017cycia.<\/p>\n<p class=\"whitespace-normal break-words\">Zintegrowana technologia podw\u00f3jnej cewki o rezystancji 1,0 \u03a9 generuje obszern\u0105, intensywn\u0105 w smaku par\u0119 i gwarantuje sp\u00f3jne, p\u0142ynne doznania od pocz\u0105tku do ko\u0144ca.<\/p>\n<p class=\"whitespace-normal break-words\">Z mocami nikotyny 0 %, 2 %, 3 % i 5 % - Bang Leader 80000 przemawia zar\u00f3wno do okazjonalnych waper\u00f3w, jak i cz\u0119stych u\u017cytkownik\u00f3w.<\/p>\n<h3 class=\"text-lg font-bold text-text-100 mt-1 -mb-1.5\">Specyfikacja produktu:<\/h3>\n<p class=\"whitespace-normal break-words\"><strong>Liczba poci\u0105g\u00f3w:<\/strong> Do 80 000 poci\u0105g\u00f3w<br \/>\n<strong>Zawarto\u015b\u0107 nikotyny:<\/strong> 0 % \/ 2 % \/ 3 % \/ 5 %<br \/>\n<strong>Smaki:<\/strong> L\u00f3d arbuzowy, truskawka i mango, banan<br \/>\n<strong>Obj\u0119to\u015b\u0107 e-liquidu:<\/strong> 78 ml (3 kapsu\u0142ki po 26 ml ka\u017cda)<br \/>\n<strong>Bateria:<\/strong> Akumulator 850 mAh<br \/>\n<strong>Waporyzator:<\/strong> Cewka siatkowa 1,0 \u03a9<br \/>\n<strong>Interfejs \u0142adowania:<\/strong> Typ-C<\/p>\n<h3 class=\"text-lg font-bold text-text-100 mt-1 -mb-1.5\">Odkryj wi\u0119cej BANG VAPE na fumotpuff<\/h3>\n<p class=\"whitespace-normal break-words\">Odwied\u017a <strong><a class=\"underline\" href=\"https:\/\/fumotpuff.com\/pl\/\">fumotpuff.com<\/a><\/strong> aby zapozna\u0107 si\u0119 z nasz\u0105 pe\u0142n\u0105 gam\u0105 produkt\u00f3w premium do opar\u00f3w. W naszym <strong><a class=\"underline\" href=\"https:\/\/fumotpuff.com\/pl\/product-category\/bang-vape\/\">Kategoria BANG VAPE<\/a><\/strong> znajdziesz wi\u0119cej wysokiej jako\u015bci jednorazowych e-papieros\u00f3w. Odkryj wszystkie smaki w <strong><a class=\"underline\" href=\"https:\/\/fumotpuff.com\/pl\/product-category\/bang-vape\/bang-leader-80000\/\">Kolekcja Bang Leader 80000<\/a><\/strong> i znajd\u017a swoj\u0105 ulubion\u0105.<\/p>","protected":false},"excerpt":{"rendered":"<p class=\"whitespace-normal break-words\">Bang Leader 80000 Watermelon Ice\/Strawberry And Mango\/Banana oferuje trzy smaki w jednym urz\u0105dzeniu: orze\u017awiaj\u0105cy arbuz z lodem, owocowe truskawki-mango i kremowy banan. 78 ML e-liquidu, 80 000 zaci\u0105gni\u0119\u0107, podw\u00f3jna cewka 1,0 \u03a9 i bateria 850 mAh - wystarczy zmieni\u0107 lub wymiesza\u0107, aby uzyska\u0107 maksymaln\u0105 przyjemno\u015b\u0107!<\/p>","protected":false},"featured_media":3189,"comment_status":"open","ping_status":"closed","template":"","meta":{"_acf_changed":false},"product_brand":[],"product_cat":[35],"product_tag":[],"class_list":{"0":"post-3188","1":"product","2":"type-product","3":"status-publish","4":"has-post-thumbnail","6":"product_cat-bang-leader-80000","8":"first","9":"instock","10":"shipping-taxable","11":"purchasable","12":"product-type-variable"},"acf":[],"_links":{"self":[{"href":"https:\/\/fumotpuff.com\/pl\/wp-json\/wp\/v2\/product\/3188","targetHints":{"allow":["GET"]}}],"collection":[{"href":"https:\/\/fumotpuff.com\/pl\/wp-json\/wp\/v2\/product"}],"about":[{"href":"https:\/\/fumotpuff.com\/pl\/wp-json\/wp\/v2\/types\/product"}],"replies":[{"embeddable":true,"href":"https:\/\/fumotpuff.com\/pl\/wp-json\/wp\/v2\/comments?post=3188"}],"wp:featuredmedia":[{"embeddable":true,"href":"https:\/\/fumotpuff.com\/pl\/wp-json\/wp\/v2\/media\/3189"}],"wp:attachment":[{"href":"https:\/\/fumotpuff.com\/pl\/wp-json\/wp\/v2\/media?parent=3188"}],"wp:term":[{"taxonomy":"product_brand","embeddable":true,"href":"https:\/\/fumotpuff.com\/pl\/wp-json\/wp\/v2\/product_brand?post=3188"},{"taxonomy":"product_cat","embeddable":true,"href":"https:\/\/fumotpuff.com\/pl\/wp-json\/wp\/v2\/product_cat?post=3188"},{"taxonomy":"product_tag","embeddable":true,"href":"https:\/\/fumotpuff.com\/pl\/wp-json\/wp\/v2\/product_tag?post=3188"}],"curies":[{"name":"wp","href":"https:\/\/api.w.org\/{rel}","templated":true}]}}