{"id":306,"date":"2025-09-11T12:33:07","date_gmt":"2025-09-11T10:33:07","guid":{"rendered":"https:\/\/fumotpuff.com\/?post_type=product&#038;p=306"},"modified":"2026-01-29T11:54:10","modified_gmt":"2026-01-29T10:54:10","slug":"fumot-leopard-40k-mixed-berries","status":"publish","type":"product","link":"https:\/\/fumotpuff.com\/pl\/produkt\/fumot-leopard-40k-mixed-berries\/","title":{"rendered":"Fumot Leopard 40K Mixed Berries"},"content":{"rendered":"<h2 class=\"text-xl font-bold text-text-100 mt-1 -mb-0.5\">Jednorazowy e-papieros Fumot Leopard 40K Mixed Berries - 40 000 zaci\u0105gni\u0119\u0107<\/h2>\n<p class=\"whitespace-normal break-words\">Fumot Leopard 40K Mixed Berries to jednorazowy e-papieros o du\u017cej pojemno\u015bci i pojemno\u015bci do 40 000 zaci\u0105gni\u0119\u0107 mieszank\u0105 owocowych jag\u00f3d. Urz\u0105dzenie zachwyca przezroczyst\u0105 obudow\u0105 zewn\u0119trzn\u0105 z efektown\u0105 ilustracj\u0105 lamparta i nadaje ka\u017cdej chwili pary niezwyk\u0142\u0105 wizualn\u0105 prezencj\u0119. Zintegrowany wy\u015bwietlacz LED nie tylko wizualizuje poziom e-liquidu i baterii, ale tak\u017ce tworzy imponuj\u0105ce efekty \u015bwietlne.<\/p>\n<h3 class=\"text-lg font-bold text-text-100 mt-1 -mb-1.5\">Fumot Leopard 40K Mixed Berries G\u0142\u00f3wne cechy<\/h3>\n<p class=\"whitespace-normal break-words\">Fumot Leopard 40K Mixed Berries zapewnia do 40 000 aromatyzowanych zaci\u0105gni\u0119\u0107 i zosta\u0142 zaprojektowany z my\u015bl\u0105 o optymalnej wydajno\u015bci. System cewek z podw\u00f3jn\u0105 siatk\u0105 gwarantuje bogaty smak jag\u00f3d i p\u0142ynny rozw\u00f3j pary od pierwszego do ostatniego wdechu.<\/p>\n<p class=\"whitespace-normal break-words\">Dzi\u0119ki opcjom nikotynowym 0%, 2%, 3% i 5% urz\u0105dzenie spe\u0142nia szeroki zakres preferencji dotycz\u0105cych pary. Akumulator o pojemno\u015bci 700 mAh zapewnia d\u0142ugi czas pracy, a wydajne \u0142adowanie typu C minimalizuje czas oczekiwania.<\/p>\n<p class=\"whitespace-normal break-words\">Dynamiczne \u015bwiat\u0142o obrotowe RGB tworzy \u017cyw\u0105 gr\u0119 kolor\u00f3w przy ka\u017cdym zaci\u0105gni\u0119ciu si\u0119 i przekszta\u0142ca wapowanie w wielozmys\u0142owe do\u015bwiadczenie. Cyfrowy wy\u015bwietlacz rurkowy zapewnia precyzyjne informacje w czasie rzeczywistym na temat poziomu p\u0142ynu i pojemno\u015bci baterii, zapewniaj\u0105c optymaln\u0105 kontrol\u0119.<\/p>\n<h3 class=\"text-lg font-bold text-text-100 mt-1 -mb-1.5\">Specyfikacja techniczna<\/h3>\n<p class=\"whitespace-normal break-words\"><strong>Poci\u0105gi:<\/strong> Do 40 000<br \/>\n<strong>Nikotyna:<\/strong> 0% \/ 2% \/ 3% \/ 5%<br \/>\n<strong>Bateria:<\/strong> Akumulator 700 mAh<br \/>\n<strong>Cewka:<\/strong> Cewka z podw\u00f3jn\u0105 siatk\u0105<br \/>\n<strong>\u0141adowanie:<\/strong> Typ-C<br \/>\n<strong>O\u015bwietlenie:<\/strong> Dynamiczne \u015bwiat\u0142o obrotowe RGB<br \/>\n<strong>Wy\u015bwietlacz:<\/strong> Cyfrowy wy\u015bwietlacz lampowy stanu cieczy i akumulatora<br \/>\n<strong>Opakowanie:<\/strong> 10 sztuk w opakowaniu<\/p>\n<h3 class=\"text-lg font-bold text-text-100 mt-1 -mb-1.5\">Odkryj wi\u0119cej FUMOT VAPE na fumotpuff<\/h3>\n<p class=\"whitespace-normal break-words\">Odkryj wi\u0119cej produkt\u00f3w premium do waporyzacji na naszej stronie <strong><a class=\"underline\" href=\"https:\/\/fumotpuff.com\/pl\/\">Strona g\u0142\u00f3wna<\/a><\/strong>zapoznaj si\u0119 z pe\u0142n\u0105 <strong><a class=\"underline\" href=\"https:\/\/fumotpuff.com\/pl\/product-category\/fumot-vape\/\">Kategoria FUMOT VAPE<\/a><\/strong> lub przegl\u0105da\u0107 ca\u0142\u0105 <strong><a class=\"underline\" href=\"https:\/\/fumotpuff.com\/pl\/product-category\/fumot-vape\/fumot-leopard-40k\/\">Kolekcja smak\u00f3w Fumot Leopard 40K<\/a><\/strong>.<\/p>","protected":false},"excerpt":{"rendered":"<div>\n<div class=\"grid-cols-1 grid gap-2.5 [&amp;_&gt;_*]:min-w-0 !gap-3.5\">\n<p class=\"whitespace-normal break-words\">Die Fumot Leopard 40K Mixed Berries Einweg-Vape vereint Premium-Beerengeschmack mit spektakul\u00e4rem Design. 40.000 Z\u00fcge, transparentes Leoparden-Geh\u00e4use, RGB-Lichteffekte und digitales Display sorgen f\u00fcr ein au\u00dfergew\u00f6hnliches Dampferlebnis. Dual-Mesh-Technologie und 700mAh Akku garantieren Performance.<\/p>\n<\/div>\n<\/div>\n<div class=\"h-8\"><\/div>\n","protected":false},"featured_media":307,"comment_status":"open","ping_status":"closed","template":"","meta":{"_acf_changed":false},"product_brand":[],"product_cat":[19],"product_tag":[],"class_list":{"0":"post-306","1":"product","2":"type-product","3":"status-publish","4":"has-post-thumbnail","6":"product_cat-fumot-leopard-40k","8":"first","9":"instock","10":"shipping-taxable","11":"purchasable","12":"product-type-variable"},"acf":[],"_links":{"self":[{"href":"https:\/\/fumotpuff.com\/pl\/wp-json\/wp\/v2\/product\/306","targetHints":{"allow":["GET"]}}],"collection":[{"href":"https:\/\/fumotpuff.com\/pl\/wp-json\/wp\/v2\/product"}],"about":[{"href":"https:\/\/fumotpuff.com\/pl\/wp-json\/wp\/v2\/types\/product"}],"replies":[{"embeddable":true,"href":"https:\/\/fumotpuff.com\/pl\/wp-json\/wp\/v2\/comments?post=306"}],"wp:featuredmedia":[{"embeddable":true,"href":"https:\/\/fumotpuff.com\/pl\/wp-json\/wp\/v2\/media\/307"}],"wp:attachment":[{"href":"https:\/\/fumotpuff.com\/pl\/wp-json\/wp\/v2\/media?parent=306"}],"wp:term":[{"taxonomy":"product_brand","embeddable":true,"href":"https:\/\/fumotpuff.com\/pl\/wp-json\/wp\/v2\/product_brand?post=306"},{"taxonomy":"product_cat","embeddable":true,"href":"https:\/\/fumotpuff.com\/pl\/wp-json\/wp\/v2\/product_cat?post=306"},{"taxonomy":"product_tag","embeddable":true,"href":"https:\/\/fumotpuff.com\/pl\/wp-json\/wp\/v2\/product_tag?post=306"}],"curies":[{"name":"wp","href":"https:\/\/api.w.org\/{rel}","templated":true}]}}