{"id":2037,"date":"2025-10-05T05:50:50","date_gmt":"2025-10-05T03:50:50","guid":{"rendered":"https:\/\/fumotpuff.com\/?post_type=product&#038;p=2037"},"modified":"2025-10-05T05:50:51","modified_gmt":"2025-10-05T03:50:51","slug":"randm-tornado-9000-blue-razz-kush","status":"publish","type":"product","link":"https:\/\/fumotpuff.com\/pl\/produkt\/randm-tornado-9000-blue-razz-kush\/","title":{"rendered":"RandM Tornado 9000 Blue Razz Kush"},"content":{"rendered":"<h2 class=\"text-xl font-bold text-text-100 mt-1 -mb-0.5\">RandM Tornado 9000 Blue Razz Kush jednorazowy vape<\/h2>\n<p class=\"whitespace-normal break-words\">RandM Tornado 9000 Blue Razz Kush prezentuje niezwyk\u0142\u0105 kompozycj\u0119 smakow\u0105 s\u0142odkich i kwa\u015bnych niebieskich malin ze specjaln\u0105 nut\u0105 Kush. Ta wyj\u0105tkowa mieszanka oferuje z\u0142o\u017cony profil smakowy, kt\u00f3ry jest zar\u00f3wno owocowy, jak i pikantny. Dzi\u0119ki imponuj\u0105cej pojemno\u015bci 9000 zaci\u0105gni\u0119\u0107 i pojemnemu zbiornikowi 18 ml, to jednorazowe urz\u0105dzenie vape zapewnia d\u0142ugotrwa\u0142\u0105 przyjemno\u015b\u0107. Wysokiej jako\u015bci technologia cewki siatkowej doskonale wydobywa wielowarstwowe smaki i zapewnia intensywne doznania podczas ka\u017cdej inhalacji.<\/p>\n<h3 class=\"text-lg font-bold text-text-100 mt-1 -mb-1.5\">Najwa\u017cniejsze cechy produktu Blue Razz Kush:<\/h3>\n<p class=\"whitespace-normal break-words\">Dzi\u0119ki elastycznej mocy soli nikotyny 0%, 2%, 3% i 5%, znajdziesz idealn\u0105 dawk\u0119 dla swoich potrzeb.<\/p>\n<p class=\"whitespace-normal break-words\">Pot\u0119\u017cna cewka siatkowa 0,8 oma doskonale rozwija z\u0142o\u017con\u0105 kombinacj\u0119 smak\u00f3w i wytwarza g\u0119ste chmury pary.<\/p>\n<p class=\"whitespace-normal break-words\">Nowoczesny wy\u015bwietlacz LED zawsze informuje o pojemno\u015bci akumulatora i stanie systemu.<\/p>\n<p class=\"whitespace-normal break-words\">Niezawodna bateria o pojemno\u015bci 850 mAh z praktyczn\u0105 funkcj\u0105 \u0142adowania typu C zapewnia ci\u0105g\u0142\u0105 gotowo\u015b\u0107 do pracy.<\/p>\n<p class=\"whitespace-normal break-words\">Automatyczna aktywacja zaci\u0105gania umo\u017cliwia intuicyjn\u0105 i bezwysi\u0142kow\u0105 waporyzacj\u0119.<\/p>\n<h3 class=\"text-lg font-bold text-text-100 mt-1 -mb-1.5\">Dane techniczne:<\/h3>\n<p class=\"whitespace-normal break-words\"><strong>Poci\u0105gi:<\/strong> 9000<br \/>\n<strong>Zawarto\u015b\u0107 nikotyny:<\/strong> 0%\/2%\/3%\/5%<br \/>\n<strong>Rodzaj nikotyny:<\/strong> S\u00f3l nikotynowa<br \/>\n<strong>Pojemno\u015b\u0107 zbiornika:<\/strong> 18 ml<br \/>\n<strong>Odporno\u015b\u0107:<\/strong> Cewka siatkowa 0,8 Ohm<br \/>\n<strong>Bateria:<\/strong> Akumulator 850 mAh<br \/>\n<strong>Z\u0142\u0105cze \u0142adowania:<\/strong> USB typu C<br \/>\n<strong>Aktywacja:<\/strong> Automatyczne sterowanie poci\u0105giem<\/p>\n<h3 class=\"text-lg font-bold text-text-100 mt-1 -mb-1.5\">Odkryj wi\u0119cej FUMOT VAPE na fumotpuff<\/h3>\n<p class=\"whitespace-normal break-words\">Odwied\u017a nasz\u0105 stron\u0119 <strong><a class=\"underline\" href=\"https:\/\/fumotpuff.com\/pl\/\">Sklep internetowy<\/a><\/strong> Wi\u0119cej wysokiej jako\u015bci produkt\u00f3w lub odkryj wszechstronne <strong><a class=\"underline\" href=\"https:\/\/fumotpuff.com\/pl\/product-category\/fumot-vape\/\">Wyb\u00f3r FUMOT VAPE<\/a><\/strong>. Ca\u0142\u0105 gam\u0119 smak\u00f3w mo\u017cna znale\u017a\u0107 na stronie <strong><a class=\"underline\" href=\"https:\/\/fumotpuff.com\/pl\/product-category\/fumot-vape\/randm-tornado-9000\/\">RandM Tornado 9000 \u015bwiat smaku<\/a><\/strong>.<\/p>","protected":false},"excerpt":{"rendered":"<p class=\"whitespace-normal break-words\">Jednorazowy waporyzator RandM Tornado 9000 Blue Razz Kush zapewnia do 9000 zaci\u0105gni\u0119\u0107 o s\u0142odko-kwa\u015bnym smaku niebieskiej maliny i pikantnego kush. Wyposa\u017cony w 18 ml p\u0142ynu z sol\u0105 nikotynow\u0105, cewk\u0119 siatkow\u0105 0,8 \u03a9, akumulator 850 mAh, regulowany przep\u0142yw powietrza i wy\u015bwietlacz LED dla z\u0142o\u017conej, wielowarstwowej przyjemno\u015bci z pary.<\/p>","protected":false},"featured_media":2039,"comment_status":"open","ping_status":"closed","template":"","meta":{"_acf_changed":false},"product_brand":[],"product_cat":[25],"product_tag":[],"class_list":{"0":"post-2037","1":"product","2":"type-product","3":"status-publish","4":"has-post-thumbnail","6":"product_cat-randm-tornado-9000","8":"first","9":"instock","10":"shipping-taxable","11":"purchasable","12":"product-type-variable"},"acf":[],"_links":{"self":[{"href":"https:\/\/fumotpuff.com\/pl\/wp-json\/wp\/v2\/product\/2037","targetHints":{"allow":["GET"]}}],"collection":[{"href":"https:\/\/fumotpuff.com\/pl\/wp-json\/wp\/v2\/product"}],"about":[{"href":"https:\/\/fumotpuff.com\/pl\/wp-json\/wp\/v2\/types\/product"}],"replies":[{"embeddable":true,"href":"https:\/\/fumotpuff.com\/pl\/wp-json\/wp\/v2\/comments?post=2037"}],"wp:featuredmedia":[{"embeddable":true,"href":"https:\/\/fumotpuff.com\/pl\/wp-json\/wp\/v2\/media\/2039"}],"wp:attachment":[{"href":"https:\/\/fumotpuff.com\/pl\/wp-json\/wp\/v2\/media?parent=2037"}],"wp:term":[{"taxonomy":"product_brand","embeddable":true,"href":"https:\/\/fumotpuff.com\/pl\/wp-json\/wp\/v2\/product_brand?post=2037"},{"taxonomy":"product_cat","embeddable":true,"href":"https:\/\/fumotpuff.com\/pl\/wp-json\/wp\/v2\/product_cat?post=2037"},{"taxonomy":"product_tag","embeddable":true,"href":"https:\/\/fumotpuff.com\/pl\/wp-json\/wp\/v2\/product_tag?post=2037"}],"curies":[{"name":"wp","href":"https:\/\/api.w.org\/{rel}","templated":true}]}}