{"id":1979,"date":"2025-10-05T05:27:00","date_gmt":"2025-10-05T03:27:00","guid":{"rendered":"https:\/\/fumotpuff.com\/?post_type=product&#038;p=1979"},"modified":"2025-10-05T05:27:01","modified_gmt":"2025-10-05T03:27:01","slug":"randm-tornado-9000-fizzy-cherry","status":"publish","type":"product","link":"https:\/\/fumotpuff.com\/pl\/produkt\/randm-tornado-9000-fizzy-cherry\/","title":{"rendered":"RandM Tornado 9000 Fizzy Cherry"},"content":{"rendered":"<h2 class=\"text-xl font-bold text-text-100 mt-1 -mb-0.5\">RandM Tornado 9000 Fizzy Cherry jednorazowy vape<\/h2>\n<p class=\"whitespace-normal break-words\">RandM Tornado 9000 Fizzy Cherry wprowadza mrowi\u0105c\u0105 \u015bwie\u017co\u015b\u0107 do \u015bwiata jednorazowych waporyzator\u00f3w. Ten specjalny wariant \u0142\u0105czy w sobie klasyczny wi\u015bniowy smak z orze\u017awiaj\u0105c\u0105 gazowan\u0105 nut\u0105 przypominaj\u0105c\u0105 wi\u015bniow\u0105 lemoniad\u0119. Dzi\u0119ki imponuj\u0105cej pojemno\u015bci 9000 zaci\u0105gni\u0119\u0107 i 18 ml wst\u0119pnie nape\u0142nionego e-liquidu, urz\u0105dzenie to zapewnia d\u0142ugotrwa\u0142\u0105 przyjemno\u015b\u0107 z waporyzacji. Musuj\u0105ca wi\u015bniowa kompozycja jest doskonale wyeksponowana dzi\u0119ki wysokiej jako\u015bci technologii cewek siatkowych i zapewnia mrowienie smaku przy ka\u017cdym zaci\u0105gni\u0119ciu.<\/p>\n<h3 class=\"text-lg font-bold text-text-100 mt-1 -mb-1.5\">Najwa\u017cniejsze cechy produktu Fizzy Cherry:<\/h3>\n<p class=\"whitespace-normal break-words\">Dzi\u0119ki elastycznym opcjom nikotyny od 0% do 5%, zar\u00f3wno pocz\u0105tkuj\u0105cy, jak i do\u015bwiadczeni waperzy znajd\u0105 odpowiedni\u0105 moc.<\/p>\n<p class=\"whitespace-normal break-words\">Innowacyjna cewka siatkowa o oporno\u015bci 0,8 oma zapewnia r\u00f3wnomiern\u0105 waporyzacj\u0119 i optymalnie podkre\u015bla \u017cywe nuty gazowane.<\/p>\n<p class=\"whitespace-normal break-words\">Czytelny wy\u015bwietlacz LED na bie\u017c\u0105co informuje o stanie na\u0142adowania i gotowo\u015bci do pracy.<\/p>\n<p class=\"whitespace-normal break-words\">Dzi\u0119ki pot\u0119\u017cnej baterii 850 mAh i funkcji szybkiego \u0142adowania Type-C, zawsze jeste\u015b gotowy do dzia\u0142ania.<\/p>\n<p class=\"whitespace-normal break-words\">Automatyczny zaci\u0105g umo\u017cliwia nieskomplikowan\u0105 waporyzacj\u0119 bez skomplikowanej obs\u0142ugi.<\/p>\n<h3 class=\"text-lg font-bold text-text-100 mt-1 -mb-1.5\">Dane techniczne:<\/h3>\n<p class=\"whitespace-normal break-words\"><strong>Poci\u0105gi:<\/strong> 9000<br \/>\n<strong>Zawarto\u015b\u0107 nikotyny:<\/strong> 0%\/2%\/3%\/5%<br \/>\n<strong>Rodzaj nikotyny:<\/strong> S\u00f3l nikotynowa<br \/>\n<strong>Pojemno\u015b\u0107 zbiornika:<\/strong> 18 ml<br \/>\n<strong>Odporno\u015b\u0107:<\/strong> Cewka siatkowa 0,8 Ohm<br \/>\n<strong>Bateria:<\/strong> Akumulator 850 mAh<br \/>\n<strong>Z\u0142\u0105cze \u0142adowania:<\/strong> USB typu C<br \/>\n<strong>Aktywacja:<\/strong> Automatyczne sterowanie poci\u0105giem<\/p>\n<h3 class=\"text-lg font-bold text-text-100 mt-1 -mb-1.5\">Odkryj wi\u0119cej FUMOT VAPE na fumotpuff<\/h3>\n<p class=\"whitespace-normal break-words\">Zapoznaj si\u0119 z nasz\u0105 ofert\u0105 <strong><a class=\"underline\" href=\"https:\/\/fumotpuff.com\/pl\/\">Strona g\u0142\u00f3wna<\/a><\/strong> lub przegl\u0105da\u0107 szerok\u0105 gam\u0119 <strong><a class=\"underline\" href=\"https:\/\/fumotpuff.com\/pl\/product-category\/fumot-vape\/\">Wyb\u00f3r FUMOT VAPE<\/a><\/strong>. Odkryj pe\u0142n\u0105 gam\u0119 smak\u00f3w w <strong><a class=\"underline\" href=\"https:\/\/fumotpuff.com\/pl\/product-category\/fumot-vape\/randm-tornado-9000\/\">Kolekcja RandM Tornado 9000<\/a><\/strong>.<\/p>","protected":false},"excerpt":{"rendered":"<p class=\"whitespace-normal break-words\">Jednorazowy waporyzator RandM Tornado 9000 Fizzy Cherry oferuje do 9000 zaci\u0105gni\u0119\u0107 o smaku wi\u015bniowej lemoniady. Wyposa\u017cony w 18 ml p\u0142ynu z sol\u0105 nikotynow\u0105, cewk\u0119 siatkow\u0105 0,8 \u03a9, akumulator 850 mAh, regulowany przep\u0142yw powietrza i wy\u015bwietlacz LED zapewniaj\u0105cy mrowienie i orze\u017awiaj\u0105c\u0105 przyjemno\u015b\u0107 z pary.<\/p>","protected":false},"featured_media":1981,"comment_status":"open","ping_status":"closed","template":"","meta":{"_acf_changed":false},"product_brand":[],"product_cat":[25],"product_tag":[],"class_list":{"0":"post-1979","1":"product","2":"type-product","3":"status-publish","4":"has-post-thumbnail","6":"product_cat-randm-tornado-9000","8":"first","9":"instock","10":"shipping-taxable","11":"purchasable","12":"product-type-variable"},"acf":[],"_links":{"self":[{"href":"https:\/\/fumotpuff.com\/pl\/wp-json\/wp\/v2\/product\/1979","targetHints":{"allow":["GET"]}}],"collection":[{"href":"https:\/\/fumotpuff.com\/pl\/wp-json\/wp\/v2\/product"}],"about":[{"href":"https:\/\/fumotpuff.com\/pl\/wp-json\/wp\/v2\/types\/product"}],"replies":[{"embeddable":true,"href":"https:\/\/fumotpuff.com\/pl\/wp-json\/wp\/v2\/comments?post=1979"}],"wp:featuredmedia":[{"embeddable":true,"href":"https:\/\/fumotpuff.com\/pl\/wp-json\/wp\/v2\/media\/1981"}],"wp:attachment":[{"href":"https:\/\/fumotpuff.com\/pl\/wp-json\/wp\/v2\/media?parent=1979"}],"wp:term":[{"taxonomy":"product_brand","embeddable":true,"href":"https:\/\/fumotpuff.com\/pl\/wp-json\/wp\/v2\/product_brand?post=1979"},{"taxonomy":"product_cat","embeddable":true,"href":"https:\/\/fumotpuff.com\/pl\/wp-json\/wp\/v2\/product_cat?post=1979"},{"taxonomy":"product_tag","embeddable":true,"href":"https:\/\/fumotpuff.com\/pl\/wp-json\/wp\/v2\/product_tag?post=1979"}],"curies":[{"name":"wp","href":"https:\/\/api.w.org\/{rel}","templated":true}]}}