{"id":1972,"date":"2025-10-05T05:24:22","date_gmt":"2025-10-05T03:24:22","guid":{"rendered":"https:\/\/fumotpuff.com\/?post_type=product&#038;p=1972"},"modified":"2025-10-05T05:24:22","modified_gmt":"2025-10-05T03:24:22","slug":"randm-tornado-9000-cherry","status":"publish","type":"product","link":"https:\/\/fumotpuff.com\/pl\/produkt\/randm-tornado-9000-cherry\/","title":{"rendered":"RandM Tornado 9000 Cherry"},"content":{"rendered":"<h2 class=\"text-xl font-bold text-text-100 mt-1 -mb-0.5\">Jednorazowe vape RandM Tornado 9000 Cherry<\/h2>\n<p class=\"whitespace-normal break-words\">RandM Tornado 9000 Cherry zachwyca autentycznym smakiem w pe\u0142ni dojrza\u0142ych, s\u0142odkich wi\u015bni. Ten jednorazowy e-papieros zapewnia do 9000 aromatycznych zaci\u0105gni\u0119\u0107 i \u0142\u0105czy w sobie \u0142atwo\u015b\u0107 obs\u0142ugi z pierwszorz\u0119dn\u0105 jako\u015bci\u0105 pary. Intensywny wi\u015bniowy smak jest optymalnie rozprowadzany przez zaawansowan\u0105 technologi\u0119 cewki siatkowej i zapewnia aksamitne, owocowe doznania. Dzi\u0119ki kompaktowej konstrukcji i akumulatorowi 850 mAh urz\u0105dzenie to jest idealnym towarzyszem podr\u00f3\u017cy.<\/p>\n<h3 class=\"text-lg font-bold text-text-100 mt-1 -mb-1.5\">Najwa\u017cniejsze cechy produktu Cherry:<\/h3>\n<p class=\"whitespace-normal break-words\">Wybierz jedn\u0105 z czterech r\u00f3\u017cnych mocy soli nikotyny (0%, 2%, 3%, 5%), aby dostosowa\u0107 swoje osobiste wra\u017cenia z waporyzacji.<\/p>\n<p class=\"whitespace-normal break-words\">Pojemny zbiornik e-liquidu o pojemno\u015bci 18 ml w po\u0142\u0105czeniu z cewk\u0105 siatkow\u0105 0,8 ohm gwarantuje d\u0142ugotrwa\u0142\u0105 przyjemno\u015b\u0107 z intensywnego wi\u015bniowego smaku.<\/p>\n<p class=\"whitespace-normal break-words\">Dzi\u0119ki zintegrowanemu wy\u015bwietlaczowi LED mo\u017cna zawsze \u015bledzi\u0107 poziom na\u0142adowania baterii i stan urz\u0105dzenia.<\/p>\n<p class=\"whitespace-normal break-words\">Praktyczna funkcja \u0142adowania USB Type-C umo\u017cliwia szybkie i nieskomplikowane \u0142adowanie baterii o pojemno\u015bci 850 mAh.<\/p>\n<p class=\"whitespace-normal break-words\">Bez przycisk\u00f3w, bez ustawie\u0144 - po prostu wapuj z intuicyjnym automatycznym zaci\u0105ganiem.<\/p>\n<h3 class=\"text-lg font-bold text-text-100 mt-1 -mb-1.5\">Dane techniczne:<\/h3>\n<p class=\"whitespace-normal break-words\"><strong>Poci\u0105gi:<\/strong> 9000<br \/>\n<strong>Zawarto\u015b\u0107 nikotyny:<\/strong> 0%\/2%\/3%\/5%<br \/>\n<strong>Rodzaj nikotyny:<\/strong> S\u00f3l nikotynowa<br \/>\n<strong>Pojemno\u015b\u0107 zbiornika:<\/strong> 18 ml<br \/>\n<strong>Odporno\u015b\u0107:<\/strong> Cewka siatkowa 0,8 Ohm<br \/>\n<strong>Bateria:<\/strong> Akumulator 850 mAh<br \/>\n<strong>Z\u0142\u0105cze \u0142adowania:<\/strong> USB typu C<br \/>\n<strong>Aktywacja:<\/strong> Automatyczne sterowanie poci\u0105giem<\/p>\n<h3 class=\"text-lg font-bold text-text-100 mt-1 -mb-1.5\">Odkryj wi\u0119cej FUMOT VAPE na fumotpuff<\/h3>\n<p class=\"whitespace-normal break-words\">Odwied\u017a nasz\u0105 stron\u0119 <strong><a class=\"underline\" href=\"https:\/\/fumotpuff.com\/pl\/\">Sklep g\u0142\u00f3wny<\/a><\/strong> aby zapozna\u0107 si\u0119 z szerok\u0105 gam\u0105 produkt\u00f3w lub odkry\u0107 kompletne <strong><a class=\"underline\" href=\"https:\/\/fumotpuff.com\/pl\/product-category\/fumot-vape\/\">Gama produkt\u00f3w FUMOT VAPE<\/a><\/strong>. Wi\u0119cej ekscytuj\u0105cych smak\u00f3w czeka w naszym <strong><a class=\"underline\" href=\"https:\/\/fumotpuff.com\/pl\/product-category\/fumot-vape\/randm-tornado-9000\/\">Wyb\u00f3r smak\u00f3w RandM Tornado 9000<\/a><\/strong>.<\/p>","protected":false},"excerpt":{"rendered":"<p class=\"whitespace-normal break-words\">Jednorazowy waporyzator RandM Tornado 9000 Cherry zapewnia do 9000 zaci\u0105gni\u0119\u0107 o s\u0142odkim, w pe\u0142ni dojrza\u0142ym smaku wi\u015bni. Wyposa\u017cony w 18 ml p\u0142ynu z sol\u0105 nikotynow\u0105, cewk\u0119 siatkow\u0105 0,8 \u03a9, akumulator 850 mAh, regulowany przep\u0142yw powietrza i wy\u015bwietlacz LED dla aksamitnej, owocowej przyjemno\u015bci z pary.<\/p>","protected":false},"featured_media":1974,"comment_status":"open","ping_status":"closed","template":"","meta":{"_acf_changed":false},"product_brand":[],"product_cat":[25],"product_tag":[],"class_list":{"0":"post-1972","1":"product","2":"type-product","3":"status-publish","4":"has-post-thumbnail","6":"product_cat-randm-tornado-9000","8":"first","9":"instock","10":"shipping-taxable","11":"purchasable","12":"product-type-variable"},"acf":[],"_links":{"self":[{"href":"https:\/\/fumotpuff.com\/pl\/wp-json\/wp\/v2\/product\/1972","targetHints":{"allow":["GET"]}}],"collection":[{"href":"https:\/\/fumotpuff.com\/pl\/wp-json\/wp\/v2\/product"}],"about":[{"href":"https:\/\/fumotpuff.com\/pl\/wp-json\/wp\/v2\/types\/product"}],"replies":[{"embeddable":true,"href":"https:\/\/fumotpuff.com\/pl\/wp-json\/wp\/v2\/comments?post=1972"}],"wp:featuredmedia":[{"embeddable":true,"href":"https:\/\/fumotpuff.com\/pl\/wp-json\/wp\/v2\/media\/1974"}],"wp:attachment":[{"href":"https:\/\/fumotpuff.com\/pl\/wp-json\/wp\/v2\/media?parent=1972"}],"wp:term":[{"taxonomy":"product_brand","embeddable":true,"href":"https:\/\/fumotpuff.com\/pl\/wp-json\/wp\/v2\/product_brand?post=1972"},{"taxonomy":"product_cat","embeddable":true,"href":"https:\/\/fumotpuff.com\/pl\/wp-json\/wp\/v2\/product_cat?post=1972"},{"taxonomy":"product_tag","embeddable":true,"href":"https:\/\/fumotpuff.com\/pl\/wp-json\/wp\/v2\/product_tag?post=1972"}],"curies":[{"name":"wp","href":"https:\/\/api.w.org\/{rel}","templated":true}]}}