{"id":1965,"date":"2025-10-05T05:21:48","date_gmt":"2025-10-05T03:21:48","guid":{"rendered":"https:\/\/fumotpuff.com\/?post_type=product&#038;p=1965"},"modified":"2025-10-05T05:21:48","modified_gmt":"2025-10-05T03:21:48","slug":"randm-tornado-9000-lemon-lime","status":"publish","type":"product","link":"https:\/\/fumotpuff.com\/pl\/produkt\/randm-tornado-9000-lemon-lime\/","title":{"rendered":"RandM Tornado 9000 Lemon &amp; Lime"},"content":{"rendered":"<h2 class=\"text-xl font-bold text-text-100 mt-1 -mb-0.5\">Jednorazowe vape RandM Tornado 9000 Lemon &amp; Lime<\/h2>\n<p class=\"whitespace-normal break-words\">RandM Tornado 9000 o smaku Lemon &amp; Lime \u0142\u0105czy pikantn\u0105 cytryn\u0119 z cierpk\u0105 limonk\u0105, tworz\u0105c orze\u017awiaj\u0105ce doznania podczas waporyzacji. To wst\u0119pnie nape\u0142nione jednorazowe urz\u0105dzenie vape oferuje imponuj\u0105ce 9000 zaci\u0105gni\u0119\u0107 i du\u017c\u0105 pojemno\u015b\u0107 18 ml e-liquidu. Idealna r\u00f3wnowaga mi\u0119dzy s\u0142odk\u0105 cytryn\u0105 i cierpk\u0105 limonk\u0105 zapewnia orze\u017awiaj\u0105cy smak, kt\u00f3ry zapewni ci przyjemno\u015b\u0107 przez ca\u0142y dzie\u0144. Dzi\u0119ki zintegrowanej cewce siatkowej, ka\u017cde zaci\u0105gni\u0119cie to intensywne doznanie smakowe z optymalnym rozwojem pary.<\/p>\n<h3 class=\"text-lg font-bold text-text-100 mt-1 -mb-1.5\">Najwa\u017cniejsze cechy produktu Lemon &amp; Lime:<\/h3>\n<p class=\"whitespace-normal break-words\">Dost\u0119pne st\u0119\u017cenia nikotyny 0%, 2%, 3% i 5% pozwalaj\u0105 wybra\u0107 intensywno\u015b\u0107 zgodnie z osobistymi preferencjami.<\/p>\n<p class=\"whitespace-normal break-words\">Dzi\u0119ki wysokiej jako\u015bci cewce siatkowej 0,8 oma do\u015bwiadczysz niezwyk\u0142ego rozwoju smaku, kt\u00f3ry doskonale podkre\u015bla \u015bwie\u017ce nuty cytrusowe.<\/p>\n<p class=\"whitespace-normal break-words\">Praktyczny wy\u015bwietlacz LED zawsze pokazuje aktualny stan baterii i wa\u017cne informacje o urz\u0105dzeniu.<\/p>\n<p class=\"whitespace-normal break-words\">Pot\u0119\u017cna bateria o pojemno\u015bci 850 mAh jest \u0142adowana przez port USB typu C i gwarantuje ci\u0105g\u0142\u0105 przyjemno\u015b\u0107 z waporyzacji bez d\u0142ugiego czasu oczekiwania.<\/p>\n<p class=\"whitespace-normal break-words\">Tryb aktywowany poci\u0105gni\u0119ciem sprawia, \u017ce urz\u0105dzenie jest szczeg\u00f3lnie \u0142atwe w u\u017cyciu i wygodne dla pocz\u0105tkuj\u0105cych.<\/p>\n<h3 class=\"text-lg font-bold text-text-100 mt-1 -mb-1.5\">Dane techniczne:<\/h3>\n<p class=\"whitespace-normal break-words\"><strong>Poci\u0105gi:<\/strong> 9000<br \/>\n<strong>Zawarto\u015b\u0107 nikotyny:<\/strong> 0%\/2%\/3%\/5%<br \/>\n<strong>Rodzaj nikotyny:<\/strong> S\u00f3l nikotynowa<br \/>\n<strong>Pojemno\u015b\u0107 zbiornika:<\/strong> 18 ml<br \/>\n<strong>Odporno\u015b\u0107:<\/strong> Cewka siatkowa 0,8 Ohm<br \/>\n<strong>Bateria:<\/strong> Akumulator 850 mAh<br \/>\n<strong>Z\u0142\u0105cze \u0142adowania:<\/strong> USB typu C<br \/>\n<strong>Aktywacja:<\/strong> Automatyczne sterowanie poci\u0105giem<\/p>\n<h3 class=\"text-lg font-bold text-text-100 mt-1 -mb-1.5\">Odkryj wi\u0119cej FUMOT VAPE na fumotpuff<\/h3>\n<p class=\"whitespace-normal break-words\">Odkryj wi\u0119cej produkt\u00f3w premium w naszej ofercie <strong><a class=\"underline\" href=\"https:\/\/fumotpuff.com\/pl\/\">Sklep internetowy<\/a><\/strong> lub przejrzyj nasze ekskluzywne <strong><a class=\"underline\" href=\"https:\/\/fumotpuff.com\/pl\/product-category\/fumot-vape\/\">Kolekcja FUMOT VAPE<\/a><\/strong>. Wszystkie dost\u0119pne smaki mo\u017cna znale\u017a\u0107 w naszym <strong><a class=\"underline\" href=\"https:\/\/fumotpuff.com\/pl\/product-category\/fumot-vape\/randm-tornado-9000\/\">Przegl\u0105d RandM Tornado 9000<\/a><\/strong>.<\/p>","protected":false},"excerpt":{"rendered":"<p class=\"whitespace-normal break-words\">Jednorazowy waporyzator RandM Tornado 9000 Lemon &amp; Lime oferuje do 9000 zaci\u0105gni\u0119\u0107 orze\u017awiaj\u0105cym cytrynowo-limonkowym aromatem. Wyposa\u017cony w 18 ml p\u0142ynu z sol\u0105 nikotynow\u0105, cewk\u0119 siatkow\u0105 0,8 \u03a9, akumulator 850 mAh, regulowany przep\u0142yw powietrza i wy\u015bwietlacz LED dla orze\u017awiaj\u0105cej cytrusowej przyjemno\u015bci z pary.<\/p>","protected":false},"featured_media":1967,"comment_status":"open","ping_status":"closed","template":"","meta":{"_acf_changed":false},"product_brand":[],"product_cat":[25],"product_tag":[],"class_list":{"0":"post-1965","1":"product","2":"type-product","3":"status-publish","4":"has-post-thumbnail","6":"product_cat-randm-tornado-9000","8":"first","9":"instock","10":"shipping-taxable","11":"purchasable","12":"product-type-variable"},"acf":[],"_links":{"self":[{"href":"https:\/\/fumotpuff.com\/pl\/wp-json\/wp\/v2\/product\/1965","targetHints":{"allow":["GET"]}}],"collection":[{"href":"https:\/\/fumotpuff.com\/pl\/wp-json\/wp\/v2\/product"}],"about":[{"href":"https:\/\/fumotpuff.com\/pl\/wp-json\/wp\/v2\/types\/product"}],"replies":[{"embeddable":true,"href":"https:\/\/fumotpuff.com\/pl\/wp-json\/wp\/v2\/comments?post=1965"}],"wp:featuredmedia":[{"embeddable":true,"href":"https:\/\/fumotpuff.com\/pl\/wp-json\/wp\/v2\/media\/1967"}],"wp:attachment":[{"href":"https:\/\/fumotpuff.com\/pl\/wp-json\/wp\/v2\/media?parent=1965"}],"wp:term":[{"taxonomy":"product_brand","embeddable":true,"href":"https:\/\/fumotpuff.com\/pl\/wp-json\/wp\/v2\/product_brand?post=1965"},{"taxonomy":"product_cat","embeddable":true,"href":"https:\/\/fumotpuff.com\/pl\/wp-json\/wp\/v2\/product_cat?post=1965"},{"taxonomy":"product_tag","embeddable":true,"href":"https:\/\/fumotpuff.com\/pl\/wp-json\/wp\/v2\/product_tag?post=1965"}],"curies":[{"name":"wp","href":"https:\/\/api.w.org\/{rel}","templated":true}]}}