{"id":1612,"date":"2025-09-29T04:36:05","date_gmt":"2025-09-29T02:36:05","guid":{"rendered":"https:\/\/fumotpuff.com\/?post_type=product&#038;p=1612"},"modified":"2025-09-29T04:36:05","modified_gmt":"2025-09-29T02:36:05","slug":"randm-digital-box-12000-watermelon-bubble-gum","status":"publish","type":"product","link":"https:\/\/fumotpuff.com\/pl\/produkt\/randm-digital-box-12000-watermelon-bubble-gum\/","title":{"rendered":"RandM Digital Box 12000 Watermelon Bubble Gum"},"content":{"rendered":"<h2 class=\"text-xl font-bold text-text-100 mt-1 -mb-0.5\">Jednorazowy e-papieros RandM Digital Box 12000 Watermelon Bubble Gum<\/h2>\n<p class=\"whitespace-normal break-words\">Z <strong>RandM Digital Box 12000 Watermelon Bubble Gum<\/strong> Do\u015bwiadcz nostalgicznego po\u0142\u0105czenia soczystego arbuza i s\u0142odkiego smaku gumy do \u017cucia. To \u0142adowalne urz\u0105dzenie jest wyposa\u017cone w cyfrowy wy\u015bwietlacz, kt\u00f3ry pokazuje poziom na\u0142adowania baterii i poziom p\u0142ynu w czasie rzeczywistym. Zbiornik o pojemno\u015bci 20 ml i opcje soli nikotyny 0\/2\/3\/5 % zapewniaj\u0105 do 12 000 aromatyzowanych zaci\u0105gni\u0119\u0107. Cyfrowy wy\u015bwietlacz stale informuje o pozosta\u0142ej pojemno\u015bci baterii i ilo\u015bci e-liquidu, aby unikn\u0105\u0107 przerw w dzia\u0142aniu. Z\u0142\u0105cze \u0142adowania typu C zapewnia mo\u017cliwo\u015b\u0107 wykorzystania ca\u0142ego e-cieczy.<\/p>\n<h3 class=\"text-lg font-bold text-text-100 mt-1 -mb-1.5\">Zalety RandM Digital Box 12000 Watermelon Bubble Gum:<\/h3>\n<p class=\"whitespace-normal break-words\"><strong>Wyj\u0105tkowa zdolno\u015b\u0107 holowania:<\/strong> Do 12 000 zaci\u0105gni\u0119\u0107 zapewnia wiele dni przyjemno\u015bci z pary bez konieczno\u015bci uzupe\u0142niania.<\/p>\n<p class=\"whitespace-normal break-words\"><strong>Zbiornik o du\u017cej pojemno\u015bci:<\/strong> Pojemno\u015b\u0107 20 ml minimalizuje wysi\u0142ek zwi\u0105zany z konserwacj\u0105 i zwi\u0119ksza \u0142atwo\u015b\u0107 u\u017cytkowania.<\/p>\n<p class=\"whitespace-normal break-words\"><strong>Solidna technologia akumulator\u00f3w:<\/strong> Akumulator 850 mAh z interfejsem Type-C zapewnia wydajne zasilanie.<\/p>\n<p class=\"whitespace-normal break-words\"><strong>Konsekwentne uwalnianie smaku:<\/strong> Siatkowa cewka 1\u03a9 gwarantuje autentyczny smak.<\/p>\n<p class=\"whitespace-normal break-words\"><strong>Precyzyjny wy\u015bwietlacz LCD:<\/strong> Wbudowany wy\u015bwietlacz do precyzyjnego monitorowania stanu baterii i licznika zaci\u0105gni\u0119\u0107.<\/p>\n<h3 class=\"text-lg font-bold text-text-100 mt-1 -mb-1.5\">Dane techniczne:<\/h3>\n<p class=\"whitespace-normal break-words\"><strong>S\u00f3l nikotynowa:<\/strong> 0% \/ 2% \/ 3% \/ 5%<\/p>\n<p class=\"whitespace-normal break-words\"><strong>Obj\u0119to\u015b\u0107 e-liquidu:<\/strong> 20 ml<\/p>\n<p class=\"whitespace-normal break-words\"><strong>Poci\u0105gi na jednostk\u0119:<\/strong> 12.000<\/p>\n<p class=\"whitespace-normal break-words\"><strong>Sprz\u0119t:<\/strong> Cyfrowy wska\u017anik poziomu baterii i cieczy<\/p>\n<p class=\"whitespace-normal break-words\"><strong>Bateria:<\/strong> Wbudowany akumulator 850 mAh<\/p>\n<p class=\"whitespace-normal break-words\"><strong>Jednostka opakowania:<\/strong> 10 sztuk w pude\u0142ku ekspozycyjnym<\/p>\n<h3 class=\"text-lg font-bold text-text-100 mt-1 -mb-1.5\">Odkryj wi\u0119cej FUMOT VAPE na fumotpuff<\/h3>\n<p class=\"whitespace-normal break-words\">Wi\u0119cej najwy\u017cszej klasy produkt\u00f3w vapour mo\u017cna znale\u017a\u0107 na naszej stronie <strong><a class=\"underline\" href=\"https:\/\/fumotpuff.com\/pl\/\">Strona g\u0142\u00f3wna<\/a><\/strong> lub przegl\u0105da\u0107 wszechstronne <strong><a class=\"underline\" href=\"https:\/\/fumotpuff.com\/pl\/product-category\/fumot-vape\/\">Kategoria FUMOT VAPE<\/a><\/strong> z pionierskimi systemami vape. Wszystkie warianty smakowe mo\u017cna znale\u017a\u0107 na stronie <strong><a class=\"underline\" href=\"https:\/\/fumotpuff.com\/pl\/product-category\/fumot-vape\/randm-digital-box-12000\/\">RandM Digital Box 12000 Flavour World<\/a><\/strong>.<\/p>","protected":false},"excerpt":{"rendered":"<p class=\"whitespace-normal break-words\">RandM Digital Box 12000 Watermelon Bubble Gum to po\u0142\u0105czenie soczystego arbuza z nostalgicznym smakiem gumy balonowej. Akumulator vape z 20 ml e-liquidu, do 12 000 zaci\u0105gni\u0119\u0107, wy\u015bwietlacz LCD poziomu baterii i p\u0142ynu. Bateria 850 mAh, cewka siatkowa, \u0142adowanie typu C. S\u00f3l nikotynowa 0-5%.<\/p>","protected":false},"featured_media":1615,"comment_status":"open","ping_status":"closed","template":"","meta":{"_acf_changed":false},"product_brand":[],"product_cat":[24],"product_tag":[],"class_list":{"0":"post-1612","1":"product","2":"type-product","3":"status-publish","4":"has-post-thumbnail","6":"product_cat-randm-digital-box-12000","8":"first","9":"instock","10":"shipping-taxable","11":"purchasable","12":"product-type-variable"},"acf":[],"_links":{"self":[{"href":"https:\/\/fumotpuff.com\/pl\/wp-json\/wp\/v2\/product\/1612","targetHints":{"allow":["GET"]}}],"collection":[{"href":"https:\/\/fumotpuff.com\/pl\/wp-json\/wp\/v2\/product"}],"about":[{"href":"https:\/\/fumotpuff.com\/pl\/wp-json\/wp\/v2\/types\/product"}],"replies":[{"embeddable":true,"href":"https:\/\/fumotpuff.com\/pl\/wp-json\/wp\/v2\/comments?post=1612"}],"wp:featuredmedia":[{"embeddable":true,"href":"https:\/\/fumotpuff.com\/pl\/wp-json\/wp\/v2\/media\/1615"}],"wp:attachment":[{"href":"https:\/\/fumotpuff.com\/pl\/wp-json\/wp\/v2\/media?parent=1612"}],"wp:term":[{"taxonomy":"product_brand","embeddable":true,"href":"https:\/\/fumotpuff.com\/pl\/wp-json\/wp\/v2\/product_brand?post=1612"},{"taxonomy":"product_cat","embeddable":true,"href":"https:\/\/fumotpuff.com\/pl\/wp-json\/wp\/v2\/product_cat?post=1612"},{"taxonomy":"product_tag","embeddable":true,"href":"https:\/\/fumotpuff.com\/pl\/wp-json\/wp\/v2\/product_tag?post=1612"}],"curies":[{"name":"wp","href":"https:\/\/api.w.org\/{rel}","templated":true}]}}