{"id":250,"date":"2025-09-10T04:17:18","date_gmt":"2025-09-10T02:17:18","guid":{"rendered":"https:\/\/fumotpuff.com\/?page_id=250"},"modified":"2025-09-10T04:17:19","modified_gmt":"2025-09-10T02:17:19","slug":"rueckgaberichtlinie","status":"publish","type":"page","link":"https:\/\/fumotpuff.com\/pl\/rueckgaberichtlinie\/","title":{"rendered":"Polityka zwrot\u00f3w"},"content":{"rendered":"<blockquote class=\"wp-block-quote is-layout-flow wp-block-quote-is-layout-flow\">\n<p><strong>Wa\u017cna uwaga:<\/strong> Prosimy o uwa\u017cne zapoznanie si\u0119 z niniejszymi zasadami przed skontaktowaniem si\u0119 z nami w sprawie zwrot\u00f3w, refundacji lub wymiany.<\/p>\n<\/blockquote>\n\n\n\n<h2 class=\"wp-block-heading\">Okresy zwrotu i wymiany<\/h2>\n\n\n\n<h3 class=\"wp-block-heading\">\u23f1\ufe0f Zasada 3 dni<\/h3>\n\n\n\n<ul class=\"wp-block-list\">\n<li><strong>Termin egzaminu:<\/strong> Masz 3 dni na sprawdzenie towaru po jego otrzymaniu<\/li>\n\n\n\n<li><strong>Okres reklamacji:<\/strong> Zwroty s\u0105 mo\u017cliwe tylko w ci\u0105gu 3 dni od daty zakupu.<\/li>\n\n\n\n<li><strong>Natychmiastowa kontrola:<\/strong> Sprawd\u017a wszystkie elementy pod k\u0105tem prawid\u0142owego dzia\u0142ania natychmiast po ich otrzymaniu<\/li>\n<\/ul>\n\n\n\n<p><strong>Niestety, nie mo\u017cemy przetwarza\u0107 zwrot\u00f3w ani wymian po up\u0142ywie 3-dniowego okresu.<\/strong><\/p>\n\n\n\n<h2 class=\"wp-block-heading\">Zmiany i anulowanie zam\u00f3wienia<\/h2>\n\n\n\n<h3 class=\"wp-block-heading\">Przed wysy\u0142k\u0105 \u2705<\/h3>\n\n\n\n<ul class=\"wp-block-list\">\n<li><strong>Zmiana adresu:<\/strong> Mo\u017cliwa korekta adresu dostawy<\/li>\n\n\n\n<li><strong>Anulowanie:<\/strong> Mo\u017cliwo\u015b\u0107 ca\u0142kowitego anulowania zam\u00f3wienia<\/li>\n\n\n\n<li><strong>Kontakt:<\/strong> chbzyluryberel@gmail.com dla wszystkich wniosk\u00f3w o zmian\u0119<\/li>\n<\/ul>\n\n\n\n<h3 class=\"wp-block-heading\">Po wys\u0142aniu \u274c<\/h3>\n\n\n\n<p>Po wys\u0142aniu zam\u00f3wienia zmiany lub anulowanie nie s\u0105 ju\u017c mo\u017cliwe.<\/p>\n\n\n\n<h3 class=\"wp-block-heading\">Niedor\u0119czalne przesy\u0142ki<\/h3>\n\n\n\n<p>W przypadku odrzucenia paczki lub podania nieprawid\u0142owego adresu, naliczymy op\u0142at\u0119 w wysoko\u015bci <strong>Op\u0142ata manipulacyjna od 30%<\/strong> kwoty zakupu w przypadku zwrot\u00f3w.<\/p>\n\n\n\n<h2 class=\"wp-block-heading\">Czego NIE mo\u017cna zwr\u00f3ci\u0107<\/h2>\n\n\n\n<h3 class=\"wp-block-heading\">Og\u00f3lnie wykluczone<\/h3>\n\n\n\n<ul class=\"wp-block-list\">\n<li>Bezp\u0142atne pr\u00f3bki promocyjne<\/li>\n\n\n\n<li>Niestandardowe zam\u00f3wienia za po\u015brednictwem przedstawicieli handlowych<\/li>\n\n\n\n<li>Zam\u00f3wienia hurtowe<\/li>\n\n\n\n<li>Normalne, otwarte przedmioty (op\u0142ata za uzupe\u0142nienie zapas\u00f3w 50%)<\/li>\n<\/ul>\n\n\n\n<h3 class=\"wp-block-heading\">wzgl\u0119dy higieny i bezpiecze\u0144stwa<\/h3>\n\n\n\n<p>Nast\u0119puj\u0105ce produkty nie podlegaj\u0105 zwrotowi:<\/p>\n\n\n\n<ul class=\"wp-block-list\">\n<li><strong>E-liquidy\/oleje do e-papieros\u00f3w<\/strong><\/li>\n\n\n\n<li><strong>Ustniki i wk\u0142ady<\/strong><\/li>\n\n\n\n<li><strong>Cewki i rdzenie parownik\u00f3w<\/strong><\/li>\n\n\n\n<li><strong>Otwarte zbiorniki\/urz\u0105dzenia RDA\/RDTA<\/strong><\/li>\n\n\n\n<li><strong>Druty i bawe\u0142na<\/strong><\/li>\n\n\n\n<li><strong>Zbiorniki i waporyzatory<\/strong><\/li>\n\n\n\n<li><strong>Baterie i \u0142adowarki<\/strong><\/li>\n<\/ul>\n\n\n\n<h3 class=\"wp-block-heading\">Uszkodzone przedmioty<\/h3>\n\n\n\n<p>Produkty nie podlegaj\u0105 zwrotowi:<\/p>\n\n\n\n<ul class=\"wp-block-list\">\n<li>Uszkodzenia fizyczne lub zalanie wod\u0105<\/li>\n\n\n\n<li>\u015alady manipulacji<\/li>\n\n\n\n<li>Odbarwienie lub uszkodzenie opakowania e-liquid\u00f3w<\/li>\n<\/ul>\n\n\n\n<h2 class=\"wp-block-heading\">Co MO\u017bNA zwr\u00f3ci\u0107<\/h2>\n\n\n\n<h3 class=\"wp-block-heading\">Akceptowane zwroty<\/h3>\n\n\n\n<p><strong>Wy\u0142\u0105cznie wadliwe produkty<\/strong> - Zwyk\u0142e, funkcjonalne przedmioty nie podlegaj\u0105 zwrotowi.<\/p>\n\n\n\n<h2 class=\"wp-block-heading\">Proces zwrotu<\/h2>\n\n\n\n<h3 class=\"wp-block-heading\">1\ufe0f\u20e3 Prze\u015blij \u017c\u0105danie zwrotu<\/h3>\n\n\n\n<p><strong>Kontakt:<\/strong> chbzyluryberel@gmail.com<\/p>\n\n\n\n<p><strong>Wymagane informacje:<\/strong><\/p>\n\n\n\n<ul class=\"wp-block-list\">\n<li>Imi\u0119 i nazwisko<\/li>\n\n\n\n<li>Numer i data zam\u00f3wienia<\/li>\n\n\n\n<li>Nazwa produktu (marka, model, kolor)<\/li>\n\n\n\n<li>Pow\u00f3d zwrotu (np. wadliwy produkt, niew\u0142a\u015bciwy produkt)<\/li>\n\n\n\n<li><strong>Kredyty foto\/wideo<\/strong> wady z widocznym kodem kreskowym, numerem seryjnym i kodem QR<\/li>\n\n\n\n<li>Po\u017c\u0105dane rozwi\u0105zanie (zwrot pieni\u0119dzy, nota kredytowa, wymiana)<\/li>\n<\/ul>\n\n\n\n<p>\u26a0\ufe0f <strong>Zwrot nie mo\u017ce zosta\u0107 przetworzony bez kompletnych informacji.<\/strong><\/p>\n\n\n\n<h3 class=\"wp-block-heading\">2\ufe0f\u20e3 Przesy\u0142ka zwrotna<\/h3>\n\n\n\n<ul class=\"wp-block-list\">\n<li><strong>Opakowanie:<\/strong> Staranne opakowanie na koszt u\u017cytkownika<\/li>\n\n\n\n<li><strong>Wysy\u0142ka:<\/strong> Przesy\u0142ka zwrotna z w\u0142asn\u0105 etykiet\u0105<\/li>\n\n\n\n<li><strong>Czas przetwarzania:<\/strong> 1-3 dni robocze po otrzymaniu towaru<\/li>\n<\/ul>\n\n\n\n<h3 class=\"wp-block-heading\">3\ufe0f\u20e3 Wymagania dotycz\u0105ce wadliwych element\u00f3w<\/h3>\n\n\n\n<ul class=\"wp-block-list\">\n<li>Brak uszkodze\u0144 fizycznych lub g\u0142\u0119bokich zadrapa\u0144<\/li>\n\n\n\n<li>Brak zwrot\u00f3w z powodu drobnych defekt\u00f3w kosmetycznych<\/li>\n\n\n\n<li>Wszystkie akcesoria musz\u0105 by\u0107 do\u0142\u0105czone<\/li>\n\n\n\n<li>Staranne opakowanie (uszkodzenie w transporcie jest na koszt u\u017cytkownika)<\/li>\n\n\n\n<li>Artyku\u0142 nie mo\u017ce znajdowa\u0107 si\u0119 na li\u015bcie wyklucze\u0144<\/li>\n<\/ul>\n\n\n\n<h2 class=\"wp-block-heading\">Zwroty i wymiany<\/h2>\n\n\n\n<h3 class=\"wp-block-heading\">Procedura zwrotu pieni\u0119dzy<\/h3>\n\n\n\n<ul class=\"wp-block-list\">\n<li><strong>Czas przetwarzania:<\/strong> 7-10 dni roboczych po otrzymaniu towaru<\/li>\n\n\n\n<li><strong>Termin bankowy:<\/strong> Do 10 dodatkowych dni<\/li>\n\n\n\n<li><strong>Metoda:<\/strong> Zwrot pieni\u0119dzy do pierwotnej metody p\u0142atno\u015bci<\/li>\n\n\n\n<li><strong>Koszty wysy\u0142ki:<\/strong> Kwota nie zostanie zwr\u00f3cona<\/li>\n<\/ul>\n\n\n\n<h3 class=\"wp-block-heading\">Komunikacja<\/h3>\n\n\n\n<p>B\u0119dziesz otrzymywa\u0107 powiadomienia e-mail o:<\/p>\n\n\n\n<ul class=\"wp-block-list\">\n<li>Przychodz\u0105ce towary<\/li>\n\n\n\n<li>Wynik audytu<\/li>\n\n\n\n<li>Autoryzacja\/odrzucenie<\/li>\n\n\n\n<li>Przetwarzanie zwrot\u00f3w<\/li>\n<\/ul>\n\n\n\n<h3 class=\"wp-block-heading\">Artyku\u0142 specjalny<\/h3>\n\n\n\n<ul class=\"wp-block-list\">\n<li><strong>Pozycje w cenie regularnej:<\/strong> W pe\u0142ni zwrotny<\/li>\n\n\n\n<li><strong>Artyku\u0142y promocyjne:<\/strong> Bezzwrotny<\/li>\n\n\n\n<li><strong>Przedmioty wyprzeda\u017cy:<\/strong> Wymiana tylko w przypadku dost\u0119pno\u015bci, brak powt\u00f3rnych zam\u00f3wie\u0144<\/li>\n<\/ul>\n\n\n\n<h2 class=\"wp-block-heading\">Wa\u017cne uwagi<\/h2>\n\n\n\n<h3 class=\"wp-block-heading\">Ryzyko zwi\u0105zane z transportem<\/h3>\n\n\n\n<p>Nie ponosimy odpowiedzialno\u015bci za zagubione, skradzione lub uszkodzone zwroty. Powiadomimy Ci\u0119 o zaginionych lub uszkodzonych przedmiotach w ci\u0105gu 24-48 godzin.<\/p>\n\n\n\n<h3 class=\"wp-block-heading\">\ud83d\udcb8 Zwroty niekwalifikowane<\/h3>\n\n\n\n<p>Je\u015bli Tw\u00f3j zwrot nie spe\u0142nia naszych wytycznych, b\u0119dziesz musia\u0142 pokry\u0107 koszty wysy\u0142ki zwrotnej, aby otrzyma\u0107 przedmiot z powrotem.<\/p>\n\n\n\n<h3 class=\"wp-block-heading\">Wyrzuty sumienia kupuj\u0105cego<\/h3>\n\n\n\n<p>Otwarte lub u\u017cywane przedmioty bez wad nie b\u0119d\u0105 przyjmowane z powrotem.<\/p>\n\n\n\n<h2 class=\"wp-block-heading\">Informacje prawne<\/h2>\n\n\n\n<h3 class=\"wp-block-heading\">Wytyczne dotycz\u0105ce wysy\u0142ki<\/h3>\n\n\n\n<p><strong>Odpowiedzialno\u015b\u0107 osobista:<\/strong> Przed zakupem nale\u017cy sprawdzi\u0107 lokalne, regionalne i krajowe przepisy prawa. fumotpuff nie ponosi odpowiedzialno\u015bci za potencjalnie nielegalne zakupy.<\/p>\n\n\n\n<h3 class=\"wp-block-heading\">Za pobraniem<\/h3>\n\n\n\n<p>P\u0142atno\u015b\u0107 za pobraniem nie jest ju\u017c oferowana.<\/p>\n\n\n\n<h3 class=\"wp-block-heading\">\u2696\ufe0f Zastrze\u017cenie<\/h3>\n\n\n\n<ul class=\"wp-block-list\">\n<li><strong>Brak porady prawnej:<\/strong> Wszystkie informacje maj\u0105 wy\u0142\u0105cznie charakter og\u00f3lny<\/li>\n\n\n\n<li><strong>Rzeczywisto\u015b\u0107:<\/strong> Informacje mog\u0105 nie by\u0107 aktualne<\/li>\n\n\n\n<li><strong>Odpowiedzialno\u015b\u0107 za akumulator:<\/strong> Nie ponosimy odpowiedzialno\u015bci za szkody spowodowane niew\u0142a\u015bciw\u0105 obs\u0142ug\u0105 akumulator\u00f3w litowo-jonowych.<\/li>\n<\/ul>\n\n\n\n<hr class=\"wp-block-separator has-alpha-channel-opacity\"\/>\n\n\n\n<p><strong>Kontakt w sprawie zwrot\u00f3w:<\/strong> chbzyluryberel@gmail.com<\/p>\n\n\n\n<p><em>Zalecamy skontaktowanie si\u0119 z nami przed zwrotem produktu, je\u015bli nie masz pewno\u015bci, czy nadaje si\u0119 on do zwrotu.<\/em><\/p>","protected":false},"excerpt":{"rendered":"<p>Wichtiger Hinweis: Bitte lesen Sie diese Richtlinien aufmerksam durch, bevor Sie uns bez\u00fcglich R\u00fcckgaben, Erstattungen oder Umtausch kontaktieren. R\u00fcckgabe- und Umtauschfristen \u23f1\ufe0f 3-Tage-Regelung Nach Ablauf der 3-Tage-Frist k\u00f6nnen wir leider keine R\u00fcckerstattungen oder Umtausche mehr bearbeiten. Bestellungs\u00e4nderungen und Stornierungen Vor dem Versand \u2705 Nach dem Versand \u274c Sobald Ihre Bestellung versandt wurde, sind keine \u00c4nderungen [&#8230;]\n","protected":false},"author":1,"featured_media":0,"parent":0,"menu_order":0,"comment_status":"closed","ping_status":"closed","template":"","meta":{"_acf_changed":false,"footnotes":""},"class_list":["post-250","page","type-page","status-publish","hentry"],"acf":[],"_links":{"self":[{"href":"https:\/\/fumotpuff.com\/pl\/wp-json\/wp\/v2\/pages\/250","targetHints":{"allow":["GET"]}}],"collection":[{"href":"https:\/\/fumotpuff.com\/pl\/wp-json\/wp\/v2\/pages"}],"about":[{"href":"https:\/\/fumotpuff.com\/pl\/wp-json\/wp\/v2\/types\/page"}],"author":[{"embeddable":true,"href":"https:\/\/fumotpuff.com\/pl\/wp-json\/wp\/v2\/users\/1"}],"replies":[{"embeddable":true,"href":"https:\/\/fumotpuff.com\/pl\/wp-json\/wp\/v2\/comments?post=250"}],"version-history":[{"count":1,"href":"https:\/\/fumotpuff.com\/pl\/wp-json\/wp\/v2\/pages\/250\/revisions"}],"predecessor-version":[{"id":251,"href":"https:\/\/fumotpuff.com\/pl\/wp-json\/wp\/v2\/pages\/250\/revisions\/251"}],"wp:attachment":[{"href":"https:\/\/fumotpuff.com\/pl\/wp-json\/wp\/v2\/media?parent=250"}],"curies":[{"name":"wp","href":"https:\/\/api.w.org\/{rel}","templated":true}]}}