{"id":242,"date":"2025-09-10T04:08:43","date_gmt":"2025-09-10T02:08:43","guid":{"rendered":"https:\/\/fumotpuff.com\/?page_id=242"},"modified":"2025-09-10T04:08:45","modified_gmt":"2025-09-10T02:08:45","slug":"ueber-uns","status":"publish","type":"page","link":"https:\/\/fumotpuff.com\/pl\/ueber-uns\/","title":{"rendered":"o nas"},"content":{"rendered":"<h2 class=\"wp-block-heading\">Tw\u00f3j zaufany adres dla waporyzator\u00f3w jednorazowych premium<\/h2>\n\n\n\n<p>Witamy w fumotpuff - kompetentnym partnerze w zakresie najwy\u017cszej klasy jednorazowych e-papieros\u00f3w. Nasza marka uosabia najwy\u017csze standardy jako\u015bci, pionierskie innowacje i wyj\u0105tkowe wra\u017cenia z wapowania. W fumotpuff staramy si\u0119 oferowa\u0107 doskona\u0142e doznania smakowe dzi\u0119ki wysokiej jako\u015bci produktom i najnowocze\u015bniejszej technologii.<\/p>\n\n\n\n<h2 class=\"wp-block-heading\">Nasz asortyment<\/h2>\n\n\n\n<p>Oferujemy szeroki wyb\u00f3r renomowanych marek e-papieros\u00f3w:<\/p>\n\n\n\n<ul class=\"wp-block-list\">\n<li><strong>Fumot Vape<\/strong><\/li>\n\n\n\n<li><strong>Bang Vape<\/strong><\/li>\n\n\n\n<li><strong>JNR Vape<\/strong><\/li>\n\n\n\n<li><strong>Vapme Vape<\/strong><\/li>\n\n\n\n<li><strong>Elf Box Vape<\/strong><\/li>\n\n\n\n<li><strong>Uzy Vape<\/strong><\/li>\n\n\n\n<li><strong>Fizzy Vape<\/strong><\/li>\n\n\n\n<li><strong>Waspe Vape<\/strong><\/li>\n\n\n\n<li><strong>Vozol Vape<\/strong><\/li>\n<\/ul>\n\n\n\n<p>Korzystasz z atrakcyjnych warunk\u00f3w hurtowych z gwarancj\u0105 autentycznych, oryginalnych produkt\u00f3w. Niezale\u017cnie od tego, czy jeste\u015b sprzedawc\u0105 detalicznym, czy klientem hurtowym - fumotpuff to niezawodny partner biznesowy zapewniaj\u0105cy beztroskie zakupy.<\/p>\n\n\n\n<h2 class=\"wp-block-heading\">Innowacyjno\u015b\u0107 dzi\u0119ki orientacji na klienta<\/h2>\n\n\n\n<p>Nasz sukces opiera si\u0119 na wszechstronnym zrozumieniu \u017cycze\u0144 naszych klient\u00f3w i ci\u0105g\u0142ym d\u0105\u017ceniu do innowacji. Nasze zespo\u0142y rozwojowe pracuj\u0105 z najwy\u017cszym zaanga\u017cowaniem nad produktami, kt\u00f3re spe\u0142niaj\u0105 najsurowsze kryteria bezpiecze\u0144stwa i jako\u015bci. Informacje zwrotne od klient\u00f3w s\u0105 dla nas bezcenne - pozwalaj\u0105 nam stale ulepsza\u0107 nasze produkty i dostosowywa\u0107 si\u0119 do dynamicznych wymaga\u0144 rynku.<\/p>\n\n\n\n<h2 class=\"wp-block-heading\">Pe\u0142ne do\u015bwiadczenie waporyzacji<\/h2>\n\n\n\n<p>fumotpuff to znacznie wi\u0119cej ni\u017c zwyk\u0142e urz\u0105dzenia vape - tworzymy holistyczne do\u015bwiadczenie waporyzacji. Nasza gama jednorazowych waporyzator\u00f3w zosta\u0142a opracowana z najwy\u017csz\u0105 staranno\u015bci\u0105, aby zapewni\u0107 niezr\u00f3wnane doznania smakowe. Niezale\u017cnie od tego, czy chodzi o orze\u017awiaj\u0105ce smaki owocowe, czy klasyczne niuanse tytoniowe - w fumotpuff odkryjesz idealny vape, kt\u00f3ry przekroczy Twoje oczekiwania.<\/p>\n\n\n\n<h2 class=\"wp-block-heading\">Jako\u015b\u0107 i zr\u00f3wnowa\u017cony rozw\u00f3j<\/h2>\n\n\n\n<p>Nasze standardy jako\u015bci znajduj\u0105 odzwierciedlenie w najnowocze\u015bniejszym zak\u0142adzie produkcyjnym, w kt\u00f3rym ka\u017cdy produkt fumotpuff jest wytwarzany z najwy\u017csz\u0105 precyzj\u0105 i uwag\u0105. Zr\u00f3wnowa\u017cony rozw\u00f3j i odpowiedzialno\u015b\u0107 za \u015brodowisko s\u0105 dla nas priorytetami - dlatego nasze jednorazowe waporyzatory s\u0105 projektowane z my\u015bl\u0105 o \u015brodowisku i s\u0105 zgodne z aktualnymi wytycznymi dotycz\u0105cymi ochrony \u015brodowiska.<\/p>\n\n\n\n<h2 class=\"wp-block-heading\">Razem w przysz\u0142o\u015b\u0107<\/h2>\n\n\n\n<p>Bardzo doceniamy Twoje zaufanie do fumotpuff i nie mo\u017cemy si\u0119 doczeka\u0107, aby towarzyszy\u0107 Ci w Twojej vapingowej podr\u00f3\u017cy. Odkryj fascynuj\u0105cy \u015bwiat fumotpuff - gdzie jako\u015b\u0107, innowacyjno\u015b\u0107 i niezapomniane doznania smakowe tworz\u0105 idealn\u0105 symbioz\u0119.<\/p>\n\n\n\n<hr class=\"wp-block-separator has-alpha-channel-opacity\"\/>\n\n\n\n<p><strong>Tw\u00f3j fumotpuff<\/strong> <strong>Zesp\u00f3\u0142<\/strong><\/p>\n\n\n\n<p>\ud83d\udce7 <strong>Kontakt:<\/strong> chbzyluryberel@gmail.com<\/p>\n\n\n\n<p><em>Poznaj przysz\u0142o\u015b\u0107 waporyzacji - z fumotpuff u boku.<\/em><\/p>","protected":false},"excerpt":{"rendered":"<p>Ihre vertrauensvolle Adresse f\u00fcr Premium-Einwegverdampfer Herzlich willkommen bei fumotpuff \u2013 Ihrem kompetenten Ansprechpartner f\u00fcr erstklassige Einweg-E-Zigaretten. Unsere Marke verk\u00f6rpert h\u00f6chste Qualit\u00e4tsanspr\u00fcche, wegweisende Innovation und ein au\u00dfergew\u00f6hnliches Verdampfungserlebnis. Bei fumotpuff verfolgen wir das Ziel, Ihnen das perfekte Geschmackserlebnis durch hochwertige Produkte und modernste Technologie zu bieten. Unser Sortiment Wir f\u00fchren eine umfangreiche Auswahl renommierter E-Zigaretten-Marken: Dabei [&#8230;]\n","protected":false},"author":1,"featured_media":0,"parent":0,"menu_order":0,"comment_status":"closed","ping_status":"closed","template":"","meta":{"_acf_changed":false,"footnotes":""},"class_list":["post-242","page","type-page","status-publish","hentry"],"acf":[],"_links":{"self":[{"href":"https:\/\/fumotpuff.com\/pl\/wp-json\/wp\/v2\/pages\/242","targetHints":{"allow":["GET"]}}],"collection":[{"href":"https:\/\/fumotpuff.com\/pl\/wp-json\/wp\/v2\/pages"}],"about":[{"href":"https:\/\/fumotpuff.com\/pl\/wp-json\/wp\/v2\/types\/page"}],"author":[{"embeddable":true,"href":"https:\/\/fumotpuff.com\/pl\/wp-json\/wp\/v2\/users\/1"}],"replies":[{"embeddable":true,"href":"https:\/\/fumotpuff.com\/pl\/wp-json\/wp\/v2\/comments?post=242"}],"version-history":[{"count":1,"href":"https:\/\/fumotpuff.com\/pl\/wp-json\/wp\/v2\/pages\/242\/revisions"}],"predecessor-version":[{"id":244,"href":"https:\/\/fumotpuff.com\/pl\/wp-json\/wp\/v2\/pages\/242\/revisions\/244"}],"wp:attachment":[{"href":"https:\/\/fumotpuff.com\/pl\/wp-json\/wp\/v2\/media?parent=242"}],"curies":[{"name":"wp","href":"https:\/\/api.w.org\/{rel}","templated":true}]}}