{"id":509,"date":"2025-09-12T08:45:21","date_gmt":"2025-09-12T06:45:21","guid":{"rendered":"https:\/\/fumotpuff.com\/?post_type=product&#038;p=509"},"modified":"2025-09-12T08:45:21","modified_gmt":"2025-09-12T06:45:21","slug":"fumot-tornado-30k-music-dr-blue","status":"publish","type":"product","link":"https:\/\/fumotpuff.com\/nl\/product\/fumot-tornado-30k-music-dr-blue\/","title":{"rendered":"Fumot Tornado 30K Muziekspeler Blauw"},"content":{"rendered":"<h2 class=\"text-xl font-bold text-text-100 mt-1 -mb-0.5\">Fumot Tornado 30K Music Dr Blue wegwerp e-sigaret<\/h2>\n<p class=\"whitespace-normal break-words\">Ervaar het mysterieuze Dr Blue smaakprofiel met de Fumot Tornado 30K Music Dr Blue. Deze buitengewone wegwerp e-sigaret combineert complexe smaaktonen om een unieke vaping ervaring te cre\u00ebren gedurende 30.000 trekjes. De royale e-liquid capaciteit van 30ml garandeert een constante kwaliteit.<\/p>\n<h3 class=\"text-lg font-bold text-text-100 mt-1 -mb-1.5\">Kenmerken van de Dr Blue-versie:<\/h3>\n<p class=\"whitespace-normal break-words\"><strong>Uitzonderlijk bereik:<\/strong> Tot 30.000 trekjes voor langdurig stomen.<\/p>\n<p class=\"whitespace-normal break-words\"><strong>Gepersonaliseerde nicotineselectie:<\/strong> Verkrijgbaar in 2% en 5% nicotinegehalte.<\/p>\n<p class=\"whitespace-normal break-words\"><strong>Uitgebreide vulling:<\/strong> 30ml premium e-liquid voor intensief gebruik.<\/p>\n<p class=\"whitespace-normal break-words\"><strong>Innovatieve nettechnologie:<\/strong> 1.0\u03a9 weerstandsspoel voor een perfecte smaakverdeling.<\/p>\n<p class=\"whitespace-normal break-words\"><strong>Permanente energiebron:<\/strong> 600mAh krachtige batterij met Type-C snel opladen.<\/p>\n<p class=\"whitespace-normal break-words\"><strong>Indrukwekkende verlichting:<\/strong> Muziekreactieve LED-technologie voor audiovisueel plezier.<\/p>\n<h3 class=\"text-lg font-bold text-text-100 mt-1 -mb-1.5\">Productspecificaties:<\/h3>\n<p class=\"whitespace-normal break-words\">Nicotineselectie: 2% \/ 5%<br \/>\nAantal treinen: 30.000<br \/>\nSmaakprofiel Dr Blue<br \/>\nBatterijcapaciteit: 600mAh<br \/>\n1.0\u03a9 gaasverdamper<br \/>\n\u2611 Type-C opladen<br \/>\nMuziekgestuurde verlichtingseffecten<\/p>\n<p class=\"whitespace-normal break-words\">Ontdek meer eersteklas producten op onze <strong><a class=\"underline\" href=\"https:\/\/fumotpuff.com\/nl\/\">Startpagina<\/a><\/strong>verken de volledige <strong><a class=\"underline\" href=\"https:\/\/fumotpuff.com\/nl\/product-category\/fumot-vape\/\">FUMOT VAPE Collectie<\/a><\/strong> of kies uit alle <strong><a class=\"underline\" href=\"https:\/\/fumotpuff.com\/nl\/product-category\/fumot-vape\/fumot-tornado-30k-music\/\">Fumot Tornado 30K Muzieksmaken<\/a><\/strong>.<\/p>","protected":false},"excerpt":{"rendered":"<div>\n<div class=\"grid-cols-1 grid gap-2.5 [&amp;_&gt;_*]:min-w-0 !gap-3.5\">\n<p class=\"whitespace-normal break-words\">Die Fumot Tornado 30K Music Dr Blue Einweg-E-Zigarette bietet ein geheimnisvolles Geschmacksprofil mit komplexen Aromanoten. Mit 30.000 Z\u00fcgen, 30ml E-Liquid und musikreaktiver LED-Beleuchtung f\u00fcr ein au\u00dfergew\u00f6hnliches Dampferlebnis.<\/p>\n<\/div>\n<\/div>\n<div class=\"h-8\"><\/div>\n","protected":false},"featured_media":511,"comment_status":"open","ping_status":"closed","template":"","meta":{"_acf_changed":false},"product_brand":[],"product_cat":[20],"product_tag":[],"class_list":{"0":"post-509","1":"product","2":"type-product","3":"status-publish","4":"has-post-thumbnail","6":"product_cat-fumot-tornado-30k-music","8":"first","9":"instock","10":"shipping-taxable","11":"purchasable","12":"product-type-variable"},"acf":[],"_links":{"self":[{"href":"https:\/\/fumotpuff.com\/nl\/wp-json\/wp\/v2\/product\/509","targetHints":{"allow":["GET"]}}],"collection":[{"href":"https:\/\/fumotpuff.com\/nl\/wp-json\/wp\/v2\/product"}],"about":[{"href":"https:\/\/fumotpuff.com\/nl\/wp-json\/wp\/v2\/types\/product"}],"replies":[{"embeddable":true,"href":"https:\/\/fumotpuff.com\/nl\/wp-json\/wp\/v2\/comments?post=509"}],"wp:featuredmedia":[{"embeddable":true,"href":"https:\/\/fumotpuff.com\/nl\/wp-json\/wp\/v2\/media\/511"}],"wp:attachment":[{"href":"https:\/\/fumotpuff.com\/nl\/wp-json\/wp\/v2\/media?parent=509"}],"wp:term":[{"taxonomy":"product_brand","embeddable":true,"href":"https:\/\/fumotpuff.com\/nl\/wp-json\/wp\/v2\/product_brand?post=509"},{"taxonomy":"product_cat","embeddable":true,"href":"https:\/\/fumotpuff.com\/nl\/wp-json\/wp\/v2\/product_cat?post=509"},{"taxonomy":"product_tag","embeddable":true,"href":"https:\/\/fumotpuff.com\/nl\/wp-json\/wp\/v2\/product_tag?post=509"}],"curies":[{"name":"wp","href":"https:\/\/api.w.org\/{rel}","templated":true}]}}