{"id":473,"date":"2025-09-12T05:46:24","date_gmt":"2025-09-12T03:46:24","guid":{"rendered":"https:\/\/fumotpuff.com\/?post_type=product&#038;p=473"},"modified":"2025-09-12T05:46:25","modified_gmt":"2025-09-12T03:46:25","slug":"fumot-tornado-30k-music-cherry-ice","status":"publish","type":"product","link":"https:\/\/fumotpuff.com\/nl\/product\/fumot-tornado-30k-music-cherry-ice\/","title":{"rendered":"Fumot Tornado 30K Muziek Kersenijs"},"content":{"rendered":"<h2 class=\"text-xl font-bold text-text-100 mt-1 -mb-0.5\">Fumot Tornado 30K Music Cherry Ice wegwerp e-sigaret<\/h2>\n<p class=\"whitespace-normal break-words\">Geniet van de klassieke combinatie van zoete kersen en verfrissende kou met de Fumot Tornado 30K Music Cherry Ice. Deze eersteklas wegwerp e-sigaret biedt een buitengewone 30.000 trekjes, ondersteund door een uitgebreide 30ml e-liquid capaciteit voor een langdurige smaak.<\/p>\n<h3 class=\"text-lg font-bold text-text-100 mt-1 -mb-1.5\">Speciale voordelen van de Cherry Ice versie:<\/h3>\n<p class=\"whitespace-normal break-words\"><strong>Langdurig gebruik:<\/strong> Tot 30.000 trekjes voor wekenlang ononderbroken plezier.<\/p>\n<p class=\"whitespace-normal break-words\"><strong>Individuele nicotinesterkte:<\/strong> Keuze tussen 2% en 5% nicotineconcentratie.<\/p>\n<p class=\"whitespace-normal break-words\"><strong>Royale vulling:<\/strong> 30ml e-liquid volume voor uitgebreid gebruik.<\/p>\n<p class=\"whitespace-normal break-words\"><strong>Sterk ontwikkelde verdamping:<\/strong> 1.0\u03a9 gaasbatterij voor eersteklas smaakoverdracht.<\/p>\n<p class=\"whitespace-normal break-words\"><strong>Betrouwbare batterijtechnologie:<\/strong> 600mAh batterij met effici\u00ebnt Type-C opladen.<\/p>\n<p class=\"whitespace-normal break-words\"><strong>Audiovisuele integratie:<\/strong> LED-verlichting gesynchroniseerd met het afspelen van muziek.<\/p>\n<h3 class=\"text-lg font-bold text-text-100 mt-1 -mb-1.5\">Technische kenmerken:<\/h3>\n<p class=\"whitespace-normal break-words\">Nicotinegehalte: 2% \/ 5%<br \/>\nMaximale treinen: 30.000<br \/>\n\u2611 Smaakprofiel Cherry Ice<br \/>\nBatterijcapaciteit: 600mAh<br \/>\n1.0\u03a9 gaasverdamper<br \/>\nType-C oplaadinterface<br \/>\nRitmeafhankelijke LED's<\/p>\n<p class=\"whitespace-normal break-words\">Ontdek meer premium opties op onze <strong><a class=\"underline\" href=\"https:\/\/fumotpuff.com\/nl\/\">Belangrijkste website<\/a><\/strong>verken de hele <strong><a class=\"underline\" href=\"https:\/\/fumotpuff.com\/nl\/product-category\/fumot-vape\/\">FUMOT VAPE aanbieding<\/a><\/strong> of kies uit alle <strong><a class=\"underline\" href=\"https:\/\/fumotpuff.com\/nl\/product-category\/fumot-vape\/fumot-tornado-30k-music\/\">Fumot Tornado 30K Muziekvariaties<\/a><\/strong>.<\/p>","protected":false},"excerpt":{"rendered":"<div>\n<div class=\"grid-cols-1 grid gap-2.5 [&amp;_&gt;_*]:min-w-0 !gap-3.5\">\n<p class=\"whitespace-normal break-words\">Die Fumot Tornado 30K Music Cherry Ice Einweg-E-Zigarette vereint s\u00fc\u00dfe Kirschen mit erfrischender K\u00e4lte. Mit 30.000 Z\u00fcgen, 30ml E-Liquid und musiksynchroner LED-Beleuchtung bietet sie langanhaltenden Premium-Dampfgenuss f\u00fcr wochenlange Nutzung.<\/p>\n<\/div>\n<\/div>\n<div class=\"h-8\"><\/div>\n","protected":false},"featured_media":475,"comment_status":"open","ping_status":"closed","template":"","meta":{"_acf_changed":false},"product_brand":[],"product_cat":[20],"product_tag":[],"class_list":{"0":"post-473","1":"product","2":"type-product","3":"status-publish","4":"has-post-thumbnail","6":"product_cat-fumot-tornado-30k-music","8":"first","9":"instock","10":"shipping-taxable","11":"purchasable","12":"product-type-variable"},"acf":[],"_links":{"self":[{"href":"https:\/\/fumotpuff.com\/nl\/wp-json\/wp\/v2\/product\/473","targetHints":{"allow":["GET"]}}],"collection":[{"href":"https:\/\/fumotpuff.com\/nl\/wp-json\/wp\/v2\/product"}],"about":[{"href":"https:\/\/fumotpuff.com\/nl\/wp-json\/wp\/v2\/types\/product"}],"replies":[{"embeddable":true,"href":"https:\/\/fumotpuff.com\/nl\/wp-json\/wp\/v2\/comments?post=473"}],"wp:featuredmedia":[{"embeddable":true,"href":"https:\/\/fumotpuff.com\/nl\/wp-json\/wp\/v2\/media\/475"}],"wp:attachment":[{"href":"https:\/\/fumotpuff.com\/nl\/wp-json\/wp\/v2\/media?parent=473"}],"wp:term":[{"taxonomy":"product_brand","embeddable":true,"href":"https:\/\/fumotpuff.com\/nl\/wp-json\/wp\/v2\/product_brand?post=473"},{"taxonomy":"product_cat","embeddable":true,"href":"https:\/\/fumotpuff.com\/nl\/wp-json\/wp\/v2\/product_cat?post=473"},{"taxonomy":"product_tag","embeddable":true,"href":"https:\/\/fumotpuff.com\/nl\/wp-json\/wp\/v2\/product_tag?post=473"}],"curies":[{"name":"wp","href":"https:\/\/api.w.org\/{rel}","templated":true}]}}