{"id":242,"date":"2025-09-10T04:08:43","date_gmt":"2025-09-10T02:08:43","guid":{"rendered":"https:\/\/fumotpuff.com\/?page_id=242"},"modified":"2025-09-10T04:08:45","modified_gmt":"2025-09-10T02:08:45","slug":"ueber-uns","status":"publish","type":"page","link":"https:\/\/fumotpuff.com\/nl\/ueber-uns\/","title":{"rendered":"over ons"},"content":{"rendered":"<h2 class=\"wp-block-heading\">Je vertrouwde adres voor eersteklas wegwerpdampers<\/h2>\n\n\n\n<p>Welkom bij fumotpuff - uw competente partner voor eersteklas e-sigaretten voor eenmalig gebruik. Ons merk belichaamt de hoogste kwaliteitsnormen, baanbrekende innovatie en een uitzonderlijke vaping ervaring. Bij fumotpuff streven we ernaar om u de perfecte smaakervaring te bieden door middel van hoogwaardige producten en state-of-the-art technologie.<\/p>\n\n\n\n<h2 class=\"wp-block-heading\">Ons assortiment<\/h2>\n\n\n\n<p>We hebben een uitgebreide selectie van gerenommeerde e-sigarettenmerken op voorraad:<\/p>\n\n\n\n<ul class=\"wp-block-list\">\n<li><strong>Fumot Vape<\/strong><\/li>\n\n\n\n<li><strong>Knal Vape<\/strong><\/li>\n\n\n\n<li><strong>JNR Vape<\/strong><\/li>\n\n\n\n<li><strong>Vapme Vape<\/strong><\/li>\n\n\n\n<li><strong>Elf Doos Vape<\/strong><\/li>\n\n\n\n<li><strong>Uzy Vape<\/strong><\/li>\n\n\n\n<li><strong>Bruisende Vape<\/strong><\/li>\n\n\n\n<li><strong>Waspe Koolzaad<\/strong><\/li>\n\n\n\n<li><strong>Vozol Vape<\/strong><\/li>\n<\/ul>\n\n\n\n<p>Je profiteert van aantrekkelijke groothandelsvoorwaarden met gegarandeerd authentieke, originele producten. Of u nu een detailhandelaar bent of een groothandel - fumotpuff is uw betrouwbare zakenpartner voor zorgeloos winkelen.<\/p>\n\n\n\n<h2 class=\"wp-block-heading\">Innovatie door klantgerichtheid<\/h2>\n\n\n\n<p>Ons succes is gebaseerd op ons uitgebreide inzicht in de wensen van onze klanten en onze voortdurende inspanningen om te innoveren. Onze ontwikkelingsteams werken met de grootste toewijding aan producten die voldoen aan de strengste veiligheids- en kwaliteitscriteria. Feedback van klanten is voor ons van onschatbare waarde - het stelt ons in staat om onze producten voortdurend te verbeteren en ons aan te passen aan de dynamische eisen van de markt.<\/p>\n\n\n\n<h2 class=\"wp-block-heading\">De complete vaping ervaring<\/h2>\n\n\n\n<p>fumotpuff staat voor veel meer dan gewone vape-apparaten - wij cre\u00ebren een holistische vaping-ervaring. Ons assortiment wegwerpverdampers is met de grootste zorg ontwikkeld om je onvergelijkbare smaakervaringen te bieden. Of het nu gaat om verfrissende fruitsmaken of klassieke tabaksnuances - bij fumotpuff ontdek je de ideale vape die je verwachtingen overtreft.<\/p>\n\n\n\n<h2 class=\"wp-block-heading\">Kwaliteit en duurzaamheid<\/h2>\n\n\n\n<p>Ons streven naar kwaliteit komt tot uiting in onze ultramoderne productiefaciliteit, waar elk fumotpuff-product met de grootst mogelijke precisie en aandacht wordt vervaardigd. Duurzaamheid en verantwoordelijkheid voor het milieu staan bij ons hoog in het vaandel - daarom zijn onze wegwerpdampers ontworpen met het milieu in gedachten en voldoen ze aan de huidige richtlijnen voor milieubescherming.<\/p>\n\n\n\n<h2 class=\"wp-block-heading\">Samen de toekomst in<\/h2>\n\n\n\n<p>We stellen je vertrouwen in fumotpuff zeer op prijs en kijken ernaar uit om je te vergezellen op je reis op het gebied van vaping. Ontdek de fascinerende wereld van fumotpuff - waar kwaliteit, innovatie en onvergetelijke smaakervaringen een perfecte symbiose vormen.<\/p>\n\n\n\n<hr class=\"wp-block-separator has-alpha-channel-opacity\"\/>\n\n\n\n<p><strong>Jouw fumotpuff<\/strong> <strong>Team<\/strong><\/p>\n\n\n\n<p>\ud83d\udce7 <strong>Contact:<\/strong> chbzyluryberel@gmail.com<\/p>\n\n\n\n<p><em>Ervaar de toekomst van vaping - met fumotpuff aan je zijde.<\/em><\/p>","protected":false},"excerpt":{"rendered":"<p>Ihre vertrauensvolle Adresse f\u00fcr Premium-Einwegverdampfer Herzlich willkommen bei fumotpuff \u2013 Ihrem kompetenten Ansprechpartner f\u00fcr erstklassige Einweg-E-Zigaretten. Unsere Marke verk\u00f6rpert h\u00f6chste Qualit\u00e4tsanspr\u00fcche, wegweisende Innovation und ein au\u00dfergew\u00f6hnliches Verdampfungserlebnis. Bei fumotpuff verfolgen wir das Ziel, Ihnen das perfekte Geschmackserlebnis durch hochwertige Produkte und modernste Technologie zu bieten. Unser Sortiment Wir f\u00fchren eine umfangreiche Auswahl renommierter E-Zigaretten-Marken: Dabei [&#8230;]\n","protected":false},"author":1,"featured_media":0,"parent":0,"menu_order":0,"comment_status":"closed","ping_status":"closed","template":"","meta":{"_acf_changed":false,"footnotes":""},"class_list":["post-242","page","type-page","status-publish","hentry"],"acf":[],"_links":{"self":[{"href":"https:\/\/fumotpuff.com\/nl\/wp-json\/wp\/v2\/pages\/242","targetHints":{"allow":["GET"]}}],"collection":[{"href":"https:\/\/fumotpuff.com\/nl\/wp-json\/wp\/v2\/pages"}],"about":[{"href":"https:\/\/fumotpuff.com\/nl\/wp-json\/wp\/v2\/types\/page"}],"author":[{"embeddable":true,"href":"https:\/\/fumotpuff.com\/nl\/wp-json\/wp\/v2\/users\/1"}],"replies":[{"embeddable":true,"href":"https:\/\/fumotpuff.com\/nl\/wp-json\/wp\/v2\/comments?post=242"}],"version-history":[{"count":1,"href":"https:\/\/fumotpuff.com\/nl\/wp-json\/wp\/v2\/pages\/242\/revisions"}],"predecessor-version":[{"id":244,"href":"https:\/\/fumotpuff.com\/nl\/wp-json\/wp\/v2\/pages\/242\/revisions\/244"}],"wp:attachment":[{"href":"https:\/\/fumotpuff.com\/nl\/wp-json\/wp\/v2\/media?parent=242"}],"curies":[{"name":"wp","href":"https:\/\/api.w.org\/{rel}","templated":true}]}}