{"id":994,"date":"2025-09-18T11:05:29","date_gmt":"2025-09-18T09:05:29","guid":{"rendered":"https:\/\/fumotpuff.com\/?post_type=product&#038;p=994"},"modified":"2026-01-29T11:34:21","modified_gmt":"2026-01-29T10:34:21","slug":"fumot-tornado-20000-blueberry-sour-raspberry","status":"publish","type":"product","link":"https:\/\/fumotpuff.com\/it\/prodotto\/fumot-tornado-20000-blueberry-sour-raspberry\/","title":{"rendered":"Fumot Tornado 20000 Mirtillo Lampone Acido"},"content":{"rendered":"<h2 class=\"text-xl font-bold text-text-100 mt-1 -mb-0.5\">Fumot Tornado 20000 Mirtillo, lampone acido e sigaretta elettronica monouso<\/h2>\n<p class=\"whitespace-normal break-words\">RandM Fumot Tornado 20000 Blueberry Sour Raspberry combina mirtilli dolci e lamponi intensamente aspri in una sigaretta elettronica monouso di qualit\u00e0. Questa composizione di sapori contrastanti offre fino a 20.000 boccate con un profilo aromatico entusiasmante che bilancia magistralmente la dolcezza e l'acidit\u00e0.<\/p>\n<h3 class=\"text-lg font-bold text-text-100 mt-1 -mb-1.5\">Spettacolo di bacche in agrodolce<\/h3>\n<p class=\"whitespace-normal break-words\">Scoprite il delizioso contrasto di Fumot Tornado 20000 Blueberry Sour Raspberry. I mirtilli dolci e delicati costituiscono la base, mentre i lamponi intensamente aspri forniscono impulsi di sapore eccitanti e creano un'esperienza di vaping dinamica e variegata. La potente batteria da 850 mAh garantisce un'intensit\u00e0 costante di questi sapori contrastanti.<\/p>\n<p class=\"whitespace-normal break-words\">Grazie all'innovativa configurazione della bobina a doppia maglia, sia le delicate note di mirtillo che le intense note acide del lampone vengono estratte e vaporizzate con precisione in un rapporto equilibrato. L'ampio volume di e-juice da 20 ml favorisce lunghe sessioni di degustazione di questa entusiasmante miscela, accompagnata dall'affidabile display a LED.<\/p>\n<p class=\"whitespace-normal break-words\">Questa creazione di Blueberry Sour Raspberry, con gradazione di nicotina di 2% e 5%, \u00e8 destinata ai vapers sperimentali che preferiscono sapori contrastanti e sorprendenti.<\/p>\n<p class=\"whitespace-normal break-words\"><strong>Attrezzatura tecnica:<\/strong> 20.000 boccate di vapore | 20 ml di volume del liquido | 850mAh di batteria | tecnologia di riscaldamento a doppia maglia | display informativo a LED<\/p>\n<h3 class=\"text-lg font-bold text-text-100 mt-1 -mb-1.5\">Scopri altri FUMOT VAPE su fumotpuff<\/h3>\n<p class=\"whitespace-normal break-words\">Visitate il nostro <strong><a class=\"underline\" href=\"https:\/\/fumotpuff.com\/it\/\">Portale online<\/a><\/strong> per altre innovazioni nel campo del gusto, sfogliare il sito <strong><a class=\"underline\" href=\"https:\/\/fumotpuff.com\/it\/product-category\/fumot-vape\/\">Famiglia di prodotti FUMOT VAPE<\/a><\/strong> o immergersi nella <strong><a class=\"underline\" href=\"https:\/\/fumotpuff.com\/it\/product-category\/fumot-vape\/fumot-tornado-20000\/\">Collezione di aromi Fumot Tornado 20000<\/a><\/strong>.<\/p>","protected":false},"excerpt":{"rendered":"<p class=\"whitespace-normal break-words\">La sigaretta monouso Fumot Tornado 20000 Blueberry Sour Raspberry combina mirtilli dolci e lamponi intensamente aspri per una composizione di sapori contrastanti con un profilo aromatico emozionante di dolcezza e acidit\u00e0. Questa sigaretta elettronica di qualit\u00e0 superiore offre 20.000 boccate con un'esperienza dinamica ai frutti di bosco, ha una capacit\u00e0 di liquido di 20 ml, una batteria da 850 mAh, una tecnologia di riscaldamento a doppia maglia e un display informativo a LED per uno spettacolo di frutti di bosco agrodolci.<\/p>\n<p class=\"whitespace-normal break-words\">","protected":false},"featured_media":995,"comment_status":"open","ping_status":"closed","template":"","meta":{"_acf_changed":false},"product_brand":[],"product_cat":[22],"product_tag":[],"class_list":{"0":"post-994","1":"product","2":"type-product","3":"status-publish","4":"has-post-thumbnail","6":"product_cat-fumot-tornado-20000","8":"first","9":"instock","10":"shipping-taxable","11":"purchasable","12":"product-type-variable"},"acf":[],"_links":{"self":[{"href":"https:\/\/fumotpuff.com\/it\/wp-json\/wp\/v2\/product\/994","targetHints":{"allow":["GET"]}}],"collection":[{"href":"https:\/\/fumotpuff.com\/it\/wp-json\/wp\/v2\/product"}],"about":[{"href":"https:\/\/fumotpuff.com\/it\/wp-json\/wp\/v2\/types\/product"}],"replies":[{"embeddable":true,"href":"https:\/\/fumotpuff.com\/it\/wp-json\/wp\/v2\/comments?post=994"}],"wp:featuredmedia":[{"embeddable":true,"href":"https:\/\/fumotpuff.com\/it\/wp-json\/wp\/v2\/media\/995"}],"wp:attachment":[{"href":"https:\/\/fumotpuff.com\/it\/wp-json\/wp\/v2\/media?parent=994"}],"wp:term":[{"taxonomy":"product_brand","embeddable":true,"href":"https:\/\/fumotpuff.com\/it\/wp-json\/wp\/v2\/product_brand?post=994"},{"taxonomy":"product_cat","embeddable":true,"href":"https:\/\/fumotpuff.com\/it\/wp-json\/wp\/v2\/product_cat?post=994"},{"taxonomy":"product_tag","embeddable":true,"href":"https:\/\/fumotpuff.com\/it\/wp-json\/wp\/v2\/product_tag?post=994"}],"curies":[{"name":"wp","href":"https:\/\/api.w.org\/{rel}","templated":true}]}}