{"id":984,"date":"2025-09-18T11:00:39","date_gmt":"2025-09-18T09:00:39","guid":{"rendered":"https:\/\/fumotpuff.com\/?post_type=product&#038;p=984"},"modified":"2026-01-29T11:34:42","modified_gmt":"2026-01-29T10:34:42","slug":"fumot-tornado-20000-strawberry-raspberry-cherry-ice","status":"publish","type":"product","link":"https:\/\/fumotpuff.com\/it\/prodotto\/fumot-tornado-20000-strawberry-raspberry-cherry-ice\/","title":{"rendered":"Fumot Tornado 20000 Fragola Lampone Ciliegia Ghiaccio"},"content":{"rendered":"<h2 class=\"text-xl font-bold text-text-100 mt-1 -mb-0.5\">Fumot Tornado 20000 Fragola Lampone Ciliegia Ghiaccio sigaretta elettronica usa e getta<\/h2>\n<p class=\"whitespace-normal break-words\">RandM Fumot Tornado 20000 Strawberry Raspberry Cherry Ice combina tre popolari sapori di frutti di bosco con una finitura rinfrescante in una sigaretta elettronica monouso di qualit\u00e0. Questa complessa composizione quadrupla offre fino a 20.000 boccate di intensa pienezza di frutti di bosco e freschezza rinvigorente per un'esperienza di svapo eccezionale.<\/p>\n<h3 class=\"text-lg font-bold text-text-100 mt-1 -mb-1.5\">Tripla potenza ai frutti di bosco con un tocco di freschezza<\/h3>\n<p class=\"whitespace-normal break-words\">Immergetevi nel mondo di Fumot Tornado 20000 Strawberry Raspberry Cherry Ice. Fragole dolci, lamponi aspri e ciliegie succose si combinano per creare un'intensa sinfonia di frutti di bosco, perfettamente completata da un delicato effetto rinfrescante. La potente batteria ricaricabile da 850 mAh assicura che questo sapore multistrato rimanga costante.<\/p>\n<p class=\"whitespace-normal break-words\">Grazie alla tecnologia di precisione della doppia bobina, tutti e quattro i componenti del gusto vengono estratti armoniosamente e combinati in un vapore equilibrato e rinfrescante. Il generoso volume dell'e-liquid da 20 ml assicura un piacere duraturo di questa miscela complessa, supportato dal monitoraggio informativo a LED.<\/p>\n<p class=\"whitespace-normal break-words\">Questa Strawberry Raspberry Cherry Ice Edition, nelle gradazioni di nicotina 2% e 5%, \u00e8 destinata ai vapers pi\u00f9 esigenti che preferiscono sapori intensi di frutti di bosco con una freschezza rinfrescante.<\/p>\n<p class=\"whitespace-normal break-words\"><strong>Caratteristiche delle prestazioni:<\/strong> Fino a 20.000 boccate | Contenitore per e-liquid da 20 ml | Cella di alimentazione da 850 mAh | Sistema a doppia maglia | Luci di stato a LED<\/p>\n<h3 class=\"text-lg font-bold text-text-100 mt-1 -mb-1.5\">Scopri altri FUMOT VAPE su fumotpuff<\/h3>\n<p class=\"whitespace-normal break-words\">Date un'occhiata al nostro <strong><a class=\"underline\" href=\"https:\/\/fumotpuff.com\/it\/\">Presenza sul web<\/a><\/strong> per ulteriori approfondimenti, sfogliare il sito <strong><a class=\"underline\" href=\"https:\/\/fumotpuff.com\/it\/product-category\/fumot-vape\/\">Gamma di prodotti FUMOT VAPE<\/a><\/strong> o scoprire l'intero <strong><a class=\"underline\" href=\"https:\/\/fumotpuff.com\/it\/product-category\/fumot-vape\/fumot-tornado-20000\/\">Mondo Fumot Tornado 20000 flavour<\/a><\/strong>.<\/p>","protected":false},"excerpt":{"rendered":"<div>\n<div class=\"grid-cols-1 grid gap-2.5 [&amp;_&gt;_*]:min-w-0\">\n<p class=\"whitespace-normal break-words\">Die Fumot Tornado 20000 Strawberry Raspberry Cherry Ice Einweg-Vape kombiniert drei beliebte Beerensorten mit erfrischend k\u00fchlem Abgang f\u00fcr komplexe Vierfach-Komposition aus s\u00fc\u00dfen Erdbeeren, s\u00e4uerlichen Himbeeren, saftigen Kirschen und belebender K\u00fchle. Diese premium E-Zigarette bietet 20.000 Z\u00fcge mit intensiver Beerensymphonie, verf\u00fcgt \u00fcber einen 20ml E-Liquid-Beh\u00e4lter, 850mAh Power-Zelle, Dual-Mesh-System und LED-Statusleuchten f\u00fcr au\u00dfergew\u00f6hnliche Dreifach-Beeren-Power.<\/p>\n<\/div>\n<\/div>\n<div>\n<div class=\"grid-cols-1 grid gap-2.5 [&amp;_&gt;_*]:min-w-0\">\n<p class=\"whitespace-normal break-words\">\n<\/div>\n<\/div>\n","protected":false},"featured_media":985,"comment_status":"open","ping_status":"closed","template":"","meta":{"_acf_changed":false},"product_brand":[],"product_cat":[22],"product_tag":[],"class_list":{"0":"post-984","1":"product","2":"type-product","3":"status-publish","4":"has-post-thumbnail","6":"product_cat-fumot-tornado-20000","8":"first","9":"instock","10":"shipping-taxable","11":"purchasable","12":"product-type-variable"},"acf":[],"_links":{"self":[{"href":"https:\/\/fumotpuff.com\/it\/wp-json\/wp\/v2\/product\/984","targetHints":{"allow":["GET"]}}],"collection":[{"href":"https:\/\/fumotpuff.com\/it\/wp-json\/wp\/v2\/product"}],"about":[{"href":"https:\/\/fumotpuff.com\/it\/wp-json\/wp\/v2\/types\/product"}],"replies":[{"embeddable":true,"href":"https:\/\/fumotpuff.com\/it\/wp-json\/wp\/v2\/comments?post=984"}],"wp:featuredmedia":[{"embeddable":true,"href":"https:\/\/fumotpuff.com\/it\/wp-json\/wp\/v2\/media\/985"}],"wp:attachment":[{"href":"https:\/\/fumotpuff.com\/it\/wp-json\/wp\/v2\/media?parent=984"}],"wp:term":[{"taxonomy":"product_brand","embeddable":true,"href":"https:\/\/fumotpuff.com\/it\/wp-json\/wp\/v2\/product_brand?post=984"},{"taxonomy":"product_cat","embeddable":true,"href":"https:\/\/fumotpuff.com\/it\/wp-json\/wp\/v2\/product_cat?post=984"},{"taxonomy":"product_tag","embeddable":true,"href":"https:\/\/fumotpuff.com\/it\/wp-json\/wp\/v2\/product_tag?post=984"}],"curies":[{"name":"wp","href":"https:\/\/api.w.org\/{rel}","templated":true}]}}