{"id":799,"date":"2025-09-15T04:54:18","date_gmt":"2025-09-15T02:54:18","guid":{"rendered":"https:\/\/fumotpuff.com\/?post_type=product&#038;p=799"},"modified":"2025-09-15T04:54:18","modified_gmt":"2025-09-15T02:54:18","slug":"fumot-tornado-25000-cool-mint","status":"publish","type":"product","link":"https:\/\/fumotpuff.com\/it\/prodotto\/fumot-tornado-25000-cool-mint\/","title":{"rendered":"Fumot Tornado 25000 Cool Mint"},"content":{"rendered":"<h2 class=\"text-xl font-bold text-text-100 mt-1 -mb-0.5\">Fumot Tornado 25000 Cool Mint sigaretta elettronica monouso<\/h2>\n<p class=\"whitespace-normal break-words\">Provate un'esperienza di puro ristoro con Fumot Tornado 25000 Cool Mint, che offre un'intensa freschezza alla menta per un'esperienza di vapore rinvigorente e chiara. Questa sigaretta elettronica monouso di qualit\u00e0 superiore offre una freschezza cristallina al mentolo che rinfresca ed energizza, fornendo allo stesso tempo una notevole quantit\u00e0 di 25.000 boccate dalla sua generosa capacit\u00e0 di 20 ml di e-liquid. L'avanzato sistema di bobine a doppia maglia massimizza l'intensit\u00e0 della menta e produce nuvole di vapore fresche e dense per il massimo del ristoro.<\/p>\n<h3 class=\"text-lg font-bold text-text-100 mt-1 -mb-1.5\">Fumot Tornado 25000 Cool Mint Caratteristiche:<\/h3>\n<p class=\"whitespace-normal break-words\"><strong>Intensit\u00e0 rinfrescante alla spina:<\/strong> 25.000 soffi ghiacciati al puro gusto Cool Mint per la massima freschezza del mentolo.<\/p>\n<p class=\"whitespace-normal break-words\"><strong>Concentrazioni flessibili di nicotina:<\/strong> Disponibile nelle varianti con sale di nicotina 2% e 5% per le preferenze di intensit\u00e0 personali.<\/p>\n<p class=\"whitespace-normal break-words\"><strong>Ricca capacit\u00e0 di liquidi:<\/strong> 20ml di E-Liquid Cool Mint di alta qualit\u00e0 per prestazioni rinfrescanti di lunga durata.<\/p>\n<p class=\"whitespace-normal break-words\"><strong>Tecnologia dell'evaporatore top:<\/strong> Le bobine a doppia maglia aumentano l'intensit\u00e0 del sapore di menta e ottimizzano l'efficienza di raffreddamento.<\/p>\n<p class=\"whitespace-normal break-words\"><strong>Prestazioni costanti della batteria:<\/strong> Memoria di energia ricaricabile da 700 mAh con ricarica rapida Type-C per una disponibilit\u00e0 continua.<\/p>\n<p class=\"whitespace-normal break-words\"><strong>Unit\u00e0 di controllo moderna:<\/strong> Lo schermo touchscreen TFT da 1,77 pollici consente di gestire facilmente il dispositivo.<\/p>\n<p class=\"whitespace-normal break-words\"><strong>Impostazioni personalizzate:<\/strong> Controllo a triplo tocco per la regolazione individuale dell'intensit\u00e0 del vapore.<\/p>\n<p class=\"whitespace-normal break-words\"><strong>Monitoraggio in tempo reale:<\/strong> Visualizzazione continua dello stato della batteria e dell'e-liquid.<\/p>\n<h3 class=\"text-lg font-bold text-text-100 mt-1 -mb-1.5\">Dettagli tecnici:<\/h3>\n<p class=\"whitespace-normal break-words\">Tecnologia del display TFT da 1,77\u2033<br \/>\n\u2611 Sistema di controllo touchscreen<br \/>\n\u2611 Sistema di bobine a doppia maglia<br \/>\n\u2611 Capacit\u00e0 del treno 25K<br \/>\n\u2611 2%\/5% Livelli di sale di nicotina<br \/>\n\u2611 Porta di ricarica rapida Type-C<br \/>\nSistema di batterie ricaricabili da 700 mAh<br \/>\nIndicatori di stato<br \/>\n\u2611 Controllo dell'alimentazione a triplo tocco<\/p>\n<h3 class=\"text-lg font-bold text-text-100 mt-1 -mb-1.5\">Scopri altri FUMOT VAPE su fumotpuff<\/h3>\n<p class=\"whitespace-normal break-words\">Scoprite la nostra intera gamma di prodotti sul sito <strong><a class=\"underline\" href=\"https:\/\/fumotpuff.com\/it\/\">Homepage<\/a><\/strong>visitare il <strong><a class=\"underline\" href=\"https:\/\/fumotpuff.com\/it\/product-category\/fumot-vape\/\">FUMOT VAPE Categoria di prodotto<\/a><\/strong> o scegliere tra tutti <strong><a class=\"underline\" href=\"https:\/\/fumotpuff.com\/it\/product-category\/fumot-vape\/fumot-tornado-25000\/\">Opzioni di gusto Fumot Tornado 25000<\/a><\/strong>.<\/p>","protected":false},"excerpt":{"rendered":"<p class=\"whitespace-normal break-words\">Il vape monouso Fumot Tornado 25000 Cool Mint offre pura freschezza al mentolo con una freschezza cristallina in 25.000 boccate. Caratteristiche premium: Bobina a doppia maglia, e-liquid da 20 ml, batteria Type-C da 700 mAh, display TFT da 1,77\u2033 e scelta tra le opzioni di sale di nicotina 2% o 5%.<\/p>\n<p class=\"whitespace-normal break-words\">","protected":false},"featured_media":800,"comment_status":"open","ping_status":"closed","template":"","meta":{"_acf_changed":false},"product_brand":[],"product_cat":[21],"product_tag":[],"class_list":{"0":"post-799","1":"product","2":"type-product","3":"status-publish","4":"has-post-thumbnail","6":"product_cat-fumot-tornado-25000","8":"first","9":"instock","10":"shipping-taxable","11":"purchasable","12":"product-type-variable"},"acf":[],"_links":{"self":[{"href":"https:\/\/fumotpuff.com\/it\/wp-json\/wp\/v2\/product\/799","targetHints":{"allow":["GET"]}}],"collection":[{"href":"https:\/\/fumotpuff.com\/it\/wp-json\/wp\/v2\/product"}],"about":[{"href":"https:\/\/fumotpuff.com\/it\/wp-json\/wp\/v2\/types\/product"}],"replies":[{"embeddable":true,"href":"https:\/\/fumotpuff.com\/it\/wp-json\/wp\/v2\/comments?post=799"}],"wp:featuredmedia":[{"embeddable":true,"href":"https:\/\/fumotpuff.com\/it\/wp-json\/wp\/v2\/media\/800"}],"wp:attachment":[{"href":"https:\/\/fumotpuff.com\/it\/wp-json\/wp\/v2\/media?parent=799"}],"wp:term":[{"taxonomy":"product_brand","embeddable":true,"href":"https:\/\/fumotpuff.com\/it\/wp-json\/wp\/v2\/product_brand?post=799"},{"taxonomy":"product_cat","embeddable":true,"href":"https:\/\/fumotpuff.com\/it\/wp-json\/wp\/v2\/product_cat?post=799"},{"taxonomy":"product_tag","embeddable":true,"href":"https:\/\/fumotpuff.com\/it\/wp-json\/wp\/v2\/product_tag?post=799"}],"curies":[{"name":"wp","href":"https:\/\/api.w.org\/{rel}","templated":true}]}}