{"id":771,"date":"2025-09-15T04:42:08","date_gmt":"2025-09-15T02:42:08","guid":{"rendered":"https:\/\/fumotpuff.com\/?post_type=product&#038;p=771"},"modified":"2025-09-15T04:42:08","modified_gmt":"2025-09-15T02:42:08","slug":"fumot-tornado-25000-grape-ice","status":"publish","type":"product","link":"https:\/\/fumotpuff.com\/it\/prodotto\/fumot-tornado-25000-grape-ice\/","title":{"rendered":"Fumot Tornado 25000 Uva Ghiaccio"},"content":{"rendered":"<h2 class=\"text-xl font-bold text-text-100 mt-1 -mb-0.5\">Fumot Tornado 25000 Grape Ice sigaretta elettronica monouso<\/h2>\n<p class=\"whitespace-normal break-words\">Fumot Tornado 25000 Grape Ice combina i sapori succosi dell'uva con la freschezza rinfrescante per creare un'esperienza di svapo elegante e rinvigorente. Questa sigaretta elettronica monouso di qualit\u00e0 superiore offre un sofisticato equilibrio tra il dolce sapore dell'uva e le morbide note di ghiaccio, offrendo al contempo ben 25.000 boccate dalla sua generosa capacit\u00e0 di 20 ml. L'innovativo sistema di bobine a doppia maglia ottimizza sia l'intensit\u00e0 del sapore dell'uva che l'effetto di raffreddamento per la massima profondit\u00e0 del sapore.<\/p>\n<h3 class=\"text-lg font-bold text-text-100 mt-1 -mb-1.5\">Fumot Tornado 25000 Grape Ice Caratteristiche:<\/h3>\n<p class=\"whitespace-normal break-words\"><strong>Elegante forza di estrazione:<\/strong> 25.000 bign\u00e8 freddi con un ricco profilo di ghiaccio all'uva per un piacere di lunga durata.<\/p>\n<p class=\"whitespace-normal break-words\"><strong>Livelli di nicotina personalizzati:<\/strong> Selezionabile tra le concentrazioni di sali di nicotina 2% e 5% per una personalizzazione ottimale.<\/p>\n<p class=\"whitespace-normal break-words\"><strong>Ampia capacit\u00e0 di liquidi:<\/strong> 20 ml di E-Liquid premium Grape Ice per un'erogazione costante del sapore.<\/p>\n<p class=\"whitespace-normal break-words\"><strong>Vaporizzazione altamente sviluppata:<\/strong> Le bobine a doppia maglia massimizzano l'estrazione dell'aroma dell'uva e l'armonia dei gradi di raffreddamento.<\/p>\n<p class=\"whitespace-normal break-words\"><strong>Soluzione energetica permanente:<\/strong> Batteria ricaricabile da 700 mAh con ricarica rapida Type-C per prestazioni ininterrotte.<\/p>\n<p class=\"whitespace-normal break-words\"><strong>Funzionamento intelligente:<\/strong> Display touch TFT da 1,77 pollici con comandi ottimizzati per l'utente.<\/p>\n<p class=\"whitespace-normal break-words\"><strong>Modifica variabile del vapore:<\/strong> Meccanismo a triplo tocco per la regolazione personalizzata dell'intensit\u00e0.<\/p>\n<p class=\"whitespace-normal break-words\"><strong>Monitoraggio preciso:<\/strong> Visualizzazione in tempo reale delle informazioni sullo stato della batteria e del liquido.<\/p>\n<h3 class=\"text-lg font-bold text-text-100 mt-1 -mb-1.5\">Dettagli tecnici:<\/h3>\n<p class=\"whitespace-normal break-words\">Tecnologia dello schermo TFT da 1,77 pollici<br \/>\n\u2611 Navigazione con touchscreen<br \/>\nInnovazione della bobina a doppia maglia<br \/>\n\u2611 25K potenza di soffio<br \/>\n\u2611 2%\/5% Variazioni del sale di nicotina<br \/>\n\u2611 Porta di ricarica rapida Type-C<br \/>\nSistema di batterie ricaricabili da 700 mAh<br \/>\n\u2611 Display di livello digitale<br \/>\n\u2611 Controllo a triplo tocco<\/p>\n<h3 class=\"text-lg font-bold text-text-100 mt-1 -mb-1.5\">Scopri altri FUMOT VAPE su fumotpuff<\/h3>\n<p class=\"whitespace-normal break-words\">Esplorate la nostra gamma completa sul sito <strong><a class=\"underline\" href=\"https:\/\/fumotpuff.com\/it\/\">Homepage<\/a><\/strong>visitare il <strong><a class=\"underline\" href=\"https:\/\/fumotpuff.com\/it\/product-category\/fumot-vape\/\">Categoria FUMOT VAPE<\/a><\/strong> o scegliere tra l'intera gamma <strong><a class=\"underline\" href=\"https:\/\/fumotpuff.com\/it\/product-category\/fumot-vape\/fumot-tornado-25000\/\">Libreria di sapori Fumot Tornado 25000<\/a><\/strong>.<\/p>","protected":false},"excerpt":{"rendered":"<p class=\"whitespace-normal break-words\">Il vape monouso Fumot Tornado 25000 Grape Ice combina l'uva succosa con la freschezza rinfrescante in 25.000 boccate. Caratteristiche premium: doppia bobina a rete, 20 ml di e-liquid, batteria Type-C da 700 mAh, display TFT da 1,77\u2033 e una scelta di opzioni di sale di nicotina 2% o 5%.<\/p>\n<p class=\"whitespace-normal break-words\">","protected":false},"featured_media":775,"comment_status":"open","ping_status":"closed","template":"","meta":{"_acf_changed":false},"product_brand":[],"product_cat":[21],"product_tag":[],"class_list":{"0":"post-771","1":"product","2":"type-product","3":"status-publish","4":"has-post-thumbnail","6":"product_cat-fumot-tornado-25000","8":"first","9":"instock","10":"shipping-taxable","11":"purchasable","12":"product-type-variable"},"acf":[],"_links":{"self":[{"href":"https:\/\/fumotpuff.com\/it\/wp-json\/wp\/v2\/product\/771","targetHints":{"allow":["GET"]}}],"collection":[{"href":"https:\/\/fumotpuff.com\/it\/wp-json\/wp\/v2\/product"}],"about":[{"href":"https:\/\/fumotpuff.com\/it\/wp-json\/wp\/v2\/types\/product"}],"replies":[{"embeddable":true,"href":"https:\/\/fumotpuff.com\/it\/wp-json\/wp\/v2\/comments?post=771"}],"wp:featuredmedia":[{"embeddable":true,"href":"https:\/\/fumotpuff.com\/it\/wp-json\/wp\/v2\/media\/775"}],"wp:attachment":[{"href":"https:\/\/fumotpuff.com\/it\/wp-json\/wp\/v2\/media?parent=771"}],"wp:term":[{"taxonomy":"product_brand","embeddable":true,"href":"https:\/\/fumotpuff.com\/it\/wp-json\/wp\/v2\/product_brand?post=771"},{"taxonomy":"product_cat","embeddable":true,"href":"https:\/\/fumotpuff.com\/it\/wp-json\/wp\/v2\/product_cat?post=771"},{"taxonomy":"product_tag","embeddable":true,"href":"https:\/\/fumotpuff.com\/it\/wp-json\/wp\/v2\/product_tag?post=771"}],"curies":[{"name":"wp","href":"https:\/\/api.w.org\/{rel}","templated":true}]}}