{"id":722,"date":"2025-09-15T04:19:18","date_gmt":"2025-09-15T02:19:18","guid":{"rendered":"https:\/\/fumotpuff.com\/?post_type=product&#038;p=722"},"modified":"2025-09-15T04:19:18","modified_gmt":"2025-09-15T02:19:18","slug":"fumot-tornado-25000-cherry-bomb","status":"publish","type":"product","link":"https:\/\/fumotpuff.com\/it\/prodotto\/fumot-tornado-25000-cherry-bomb\/","title":{"rendered":"Fumot Tornado 25000 Cherry Bomb"},"content":{"rendered":"<h2 class=\"text-xl font-bold text-text-100 mt-1 -mb-0.5\">Fumot Tornado 25000 Cherry Bomb sigaretta elettronica monouso<\/h2>\n<p class=\"whitespace-normal break-words\">Fumot Tornado 25000 Cherry Bomb offre un esplosivo sapore di ciliegia che coccola le papille gustative con un'intensa dolcezza e una profondit\u00e0 fruttata. Con l'impressionante capacit\u00e0 di 20 ml di e-liquid e 25.000 puff, questa sigaretta elettronica monouso di qualit\u00e0 superiore offre un'esperienza di svapo senza pari. L'avanzato sistema a doppia bobina esalta le note naturali di ciliegia e produce nuvole di vapore corpose e aromatiche a ogni boccata.<\/p>\n<h3 class=\"text-lg font-bold text-text-100 mt-1 -mb-1.5\">Fumot Tornado 25000 Cherry Bomb Highlights:<\/h3>\n<p class=\"whitespace-normal break-words\"><strong>Capacit\u00e0 di trazione esplosiva:<\/strong> 25.000 soffi intensivi con autentico sapore di ciliegia per settimane di utilizzo.<\/p>\n<p class=\"whitespace-normal break-words\"><strong>Opzioni di nicotina premium:<\/strong> Disponibile nelle concentrazioni di sale di nicotina 2% e 5% per soddisfare le preferenze individuali.<\/p>\n<p class=\"whitespace-normal break-words\"><strong>Riempimento di grandi volumi:<\/strong> 20ml di E-Liquid Cherry Bomb di prima qualit\u00e0 per un'erogazione costante del sapore.<\/p>\n<p class=\"whitespace-normal break-words\"><strong>Tecnologia innovativa per le bobine:<\/strong> Il sistema a doppia maglia ottimizza il rilascio di aromi e la densit\u00e0 del vapore.<\/p>\n<p class=\"whitespace-normal break-words\"><strong>Potente batteria ricaricabile:<\/strong> Batteria ricaricabile da 700 mAh con ricarica rapida Type-C per un piacere di svapo ininterrotto.<\/p>\n<p class=\"whitespace-normal break-words\"><strong>Display intelligente:<\/strong> Touchscreen TFT da 1,77 pollici con opzioni di controllo intelligenti.<\/p>\n<p class=\"whitespace-normal break-words\"><strong>Modalit\u00e0 di potenza variabile:<\/strong> Regolazione a triplo tocco per personalizzare l'intensit\u00e0 del vapore.<\/p>\n<p class=\"whitespace-normal break-words\"><strong>Monitoraggio in tempo reale:<\/strong> Indicazione precisa dello stato della batteria e del liquido.<\/p>\n<h3 class=\"text-lg font-bold text-text-100 mt-1 -mb-1.5\">Dettagli tecnici:<\/h3>\n<p class=\"whitespace-normal break-words\">Display TFT da 1,77\u2033<br \/>\n\u2611 Funzionamento sensibile al tatto<br \/>\n\u2611 Vaporizzatore a doppia maglia<br \/>\n\u2611 25.000 treni Capacit\u00e0<br \/>\n\u2611 2% o 5% sale di nicotina<br \/>\nConnessione di ricarica Type-C<br \/>\n\u2611 Batteria da 700 mAh<br \/>\n\u2611 Monitoraggio liquidi\/batteria<br \/>\nControllo di potenza a tre tap<\/p>\n<h3 class=\"text-lg font-bold text-text-100 mt-1 -mb-1.5\">Scopri altri FUMOT VAPE su fumotpuff<\/h3>\n<p class=\"whitespace-normal break-words\">Scoprite altri prodotti premium per il vapore sul nostro sito <strong><a class=\"underline\" href=\"https:\/\/fumotpuff.com\/it\/\">Homepage<\/a><\/strong>, esplorate il sito completo <strong><a class=\"underline\" href=\"https:\/\/fumotpuff.com\/it\/product-category\/fumot-vape\/\">Collezione FUMOT VAPE<\/a><\/strong> o scegliere tra tutti <strong><a class=\"underline\" href=\"https:\/\/fumotpuff.com\/it\/product-category\/fumot-vape\/fumot-tornado-25000\/\">Fumot Tornado 25000 gusti<\/a><\/strong>.<\/p>","protected":false},"excerpt":{"rendered":"<p class=\"whitespace-normal break-words\">Il vape monouso Fumot Tornado 25000 Cherry Bomb offre un sapore esplosivo di ciliegia con 25.000 boccate. Caratteristiche premium: Bobina a doppia maglia, e-liquid da 20 ml, batteria Type-C da 700 mAh, display TFT da 1,77\u2033 e una scelta di sali di nicotina 2% o 5% per il massimo piacere di svapare.<\/p>\n<p class=\"whitespace-normal break-words\">","protected":false},"featured_media":726,"comment_status":"open","ping_status":"closed","template":"","meta":{"_acf_changed":false},"product_brand":[],"product_cat":[21],"product_tag":[],"class_list":{"0":"post-722","1":"product","2":"type-product","3":"status-publish","4":"has-post-thumbnail","6":"product_cat-fumot-tornado-25000","8":"first","9":"instock","10":"shipping-taxable","11":"purchasable","12":"product-type-variable"},"acf":[],"_links":{"self":[{"href":"https:\/\/fumotpuff.com\/it\/wp-json\/wp\/v2\/product\/722","targetHints":{"allow":["GET"]}}],"collection":[{"href":"https:\/\/fumotpuff.com\/it\/wp-json\/wp\/v2\/product"}],"about":[{"href":"https:\/\/fumotpuff.com\/it\/wp-json\/wp\/v2\/types\/product"}],"replies":[{"embeddable":true,"href":"https:\/\/fumotpuff.com\/it\/wp-json\/wp\/v2\/comments?post=722"}],"wp:featuredmedia":[{"embeddable":true,"href":"https:\/\/fumotpuff.com\/it\/wp-json\/wp\/v2\/media\/726"}],"wp:attachment":[{"href":"https:\/\/fumotpuff.com\/it\/wp-json\/wp\/v2\/media?parent=722"}],"wp:term":[{"taxonomy":"product_brand","embeddable":true,"href":"https:\/\/fumotpuff.com\/it\/wp-json\/wp\/v2\/product_brand?post=722"},{"taxonomy":"product_cat","embeddable":true,"href":"https:\/\/fumotpuff.com\/it\/wp-json\/wp\/v2\/product_cat?post=722"},{"taxonomy":"product_tag","embeddable":true,"href":"https:\/\/fumotpuff.com\/it\/wp-json\/wp\/v2\/product_tag?post=722"}],"curies":[{"name":"wp","href":"https:\/\/api.w.org\/{rel}","templated":true}]}}