{"id":533,"date":"2025-09-12T08:55:22","date_gmt":"2025-09-12T06:55:22","guid":{"rendered":"https:\/\/fumotpuff.com\/?post_type=product&#038;p=533"},"modified":"2025-09-12T08:55:22","modified_gmt":"2025-09-12T06:55:22","slug":"fumot-tornado-30k-music-kiwi-passion-fruit-guava","status":"publish","type":"product","link":"https:\/\/fumotpuff.com\/it\/prodotto\/fumot-tornado-30k-music-kiwi-passion-fruit-guava\/","title":{"rendered":"Fumot Tornado 30K Musica Kiwi Frutto della Passione Guava"},"content":{"rendered":"<h2 class=\"text-xl font-bold text-text-100 mt-1 -mb-0.5\">Fumot Tornado 30K Music Kiwi Passion Fruit Guava sigaretta elettronica monouso<\/h2>\n<p class=\"whitespace-normal break-words\">Provate un viaggio dal sapore esotico con Fumot Tornado 30K Music Kiwi Passion Fruit Guava. Questa sigaretta elettronica monouso di alta qualit\u00e0 combina tre frutti tropicali in un'armoniosa sinfonia e offre una straordinaria quantit\u00e0 di 30.000 boccate di sapore intenso grazie alla sua generosa capacit\u00e0 di 30 ml di e-liquid.<\/p>\n<h3 class=\"text-lg font-bold text-text-100 mt-1 -mb-1.5\">Caratteristiche insolite della versione Kiwi Passion Fruit Guava:<\/h3>\n<p class=\"whitespace-normal break-words\"><strong>Portata massima:<\/strong> Fino a 30.000 boccate per un piacere tropicale di lunga durata.<\/p>\n<p class=\"whitespace-normal break-words\"><strong>Selezione personalizzata della nicotina:<\/strong> Disponibile nelle concentrazioni di nicotina 2% e 5%.<\/p>\n<p class=\"whitespace-normal break-words\"><strong>Riempimento voluminoso:<\/strong> 30ml di e-liquid premium per un uso intensivo e prolungato.<\/p>\n<p class=\"whitespace-normal break-words\"><strong>Moderna tecnologia a rete:<\/strong> Bobina di resistenza da 1,0\u03a9 per una perfetta distribuzione del sapore di tutti e tre i gusti di frutta.<\/p>\n<p class=\"whitespace-normal break-words\"><strong>Batteria permanente:<\/strong> Batteria ad alte prestazioni da 600 mAh con ricarica rapida Type-C per prestazioni affidabili.<\/p>\n<p class=\"whitespace-normal break-words\"><strong>Spettacolo di luci dinamico:<\/strong> Tecnologia LED reattiva alla musica per un piacere audiovisivo ad ogni movimento.<\/p>\n<h3 class=\"text-lg font-bold text-text-100 mt-1 -mb-1.5\">Dettagli del prodotto:<\/h3>\n<p class=\"whitespace-normal break-words\">\u2611 Selezione della nicotina: 2% \/ 5%<br \/>\n\u2611 Numero di pouff: 30.000<br \/>\nProfilo aromatico Kiwi, Frutto della Passione e Guava<br \/>\n\u2611 Capacit\u00e0 della batteria: 600mAh<br \/>\nVaporizzatore a rete da 1.0\u03a9<br \/>\n\u2611 Ricarica di tipo C<br \/>\n\u2611 Effetti luminosi controllati dalla musica<\/p>\n<p class=\"whitespace-normal break-words\">Visitate il nostro <strong><a class=\"underline\" href=\"https:\/\/fumotpuff.com\/it\/\">Pagina iniziale<\/a><\/strong> per altri prodotti di qualit\u00e0, sfogliare l'elenco completo <strong><a class=\"underline\" href=\"https:\/\/fumotpuff.com\/it\/product-category\/fumot-vape\/\">Collezione FUMOT VAPE<\/a><\/strong> o scoprire tutti <strong><a class=\"underline\" href=\"https:\/\/fumotpuff.com\/it\/product-category\/fumot-vape\/fumot-tornado-30k-music\/\">Fumot Tornado 30K Gusti musicali<\/a><\/strong>.<\/p>","protected":false},"excerpt":{"rendered":"<div>\n<div class=\"grid-cols-1 grid gap-2.5 [&amp;_&gt;_*]:min-w-0 !gap-3.5\">\n<p class=\"whitespace-normal break-words\">Die Fumot Tornado 30K Music Kiwi Passion Fruit Guava Einweg-E-Zigarette bietet eine exotische Geschmacksreise mit drei tropischen Fr\u00fcchten. Mit 30.000 Z\u00fcgen, 30ml E-Liquid und musikreaktiver LED-Beleuchtung f\u00fcr tropischen Genuss.<\/p>\n<\/div>\n<\/div>\n<div class=\"h-8\"><\/div>\n","protected":false},"featured_media":535,"comment_status":"open","ping_status":"closed","template":"","meta":{"_acf_changed":false},"product_brand":[],"product_cat":[20],"product_tag":[],"class_list":{"0":"post-533","1":"product","2":"type-product","3":"status-publish","4":"has-post-thumbnail","6":"product_cat-fumot-tornado-30k-music","8":"first","9":"instock","10":"shipping-taxable","11":"purchasable","12":"product-type-variable"},"acf":[],"_links":{"self":[{"href":"https:\/\/fumotpuff.com\/it\/wp-json\/wp\/v2\/product\/533","targetHints":{"allow":["GET"]}}],"collection":[{"href":"https:\/\/fumotpuff.com\/it\/wp-json\/wp\/v2\/product"}],"about":[{"href":"https:\/\/fumotpuff.com\/it\/wp-json\/wp\/v2\/types\/product"}],"replies":[{"embeddable":true,"href":"https:\/\/fumotpuff.com\/it\/wp-json\/wp\/v2\/comments?post=533"}],"wp:featuredmedia":[{"embeddable":true,"href":"https:\/\/fumotpuff.com\/it\/wp-json\/wp\/v2\/media\/535"}],"wp:attachment":[{"href":"https:\/\/fumotpuff.com\/it\/wp-json\/wp\/v2\/media?parent=533"}],"wp:term":[{"taxonomy":"product_brand","embeddable":true,"href":"https:\/\/fumotpuff.com\/it\/wp-json\/wp\/v2\/product_brand?post=533"},{"taxonomy":"product_cat","embeddable":true,"href":"https:\/\/fumotpuff.com\/it\/wp-json\/wp\/v2\/product_cat?post=533"},{"taxonomy":"product_tag","embeddable":true,"href":"https:\/\/fumotpuff.com\/it\/wp-json\/wp\/v2\/product_tag?post=533"}],"curies":[{"name":"wp","href":"https:\/\/api.w.org\/{rel}","templated":true}]}}