{"id":527,"date":"2025-09-12T08:52:50","date_gmt":"2025-09-12T06:52:50","guid":{"rendered":"https:\/\/fumotpuff.com\/?post_type=product&#038;p=527"},"modified":"2025-09-12T08:52:50","modified_gmt":"2025-09-12T06:52:50","slug":"fumot-tornado-30k-music-ice-pop","status":"publish","type":"product","link":"https:\/\/fumotpuff.com\/it\/prodotto\/fumot-tornado-30k-music-ice-pop\/","title":{"rendered":"Fumot Tornado 30K Music Ice Pop"},"content":{"rendered":"<h2 class=\"text-xl font-bold text-text-100 mt-1 -mb-0.5\">Fumot Tornado 30K Music Ice Pop sigaretta elettronica monouso<\/h2>\n<p class=\"whitespace-normal break-words\">Fumot Tornado 30K Music Ice Pop evoca ricordi nostalgici di momenti estivi a base di ghiaccioli. Questa straordinaria sigaretta elettronica monouso combina dolci sapori di frutta con un effetto ghiaccio rinfrescante e garantisce 30.000 boccate di qualit\u00e0 costante grazie all'ampio riempimento di e-liquid da 30 ml.<\/p>\n<h3 class=\"text-lg font-bold text-text-100 mt-1 -mb-1.5\">Caratteristiche speciali dell'edizione Ice Pop:<\/h3>\n<p class=\"whitespace-normal break-words\"><strong>Prestazioni di lunga durata:<\/strong> Godetevi un'incredibile quantit\u00e0 di 30.000 boccate per la massima soddisfazione.<\/p>\n<p class=\"whitespace-normal break-words\"><strong>Opzioni di nicotina personalizzate:<\/strong> Disponibile con gradazione di nicotina 2% o 5%, a seconda delle esigenze.<\/p>\n<p class=\"whitespace-normal break-words\"><strong>Capacit\u00e0 generosa:<\/strong> 30ml di e-liquid premium per un uso prolungato.<\/p>\n<p class=\"whitespace-normal break-words\"><strong>Tecnologia delle bobine altamente sviluppata:<\/strong> 1.0\u03a9 Innovazione del reticolo per un trasferimento di sapori di prima classe.<\/p>\n<p class=\"whitespace-normal break-words\"><strong>Fornitura di energia affidabile:<\/strong> Potente batteria da 600 mAh con tecnologia di ricarica Type-C.<\/p>\n<p class=\"whitespace-normal break-words\"><strong>Affascinante gioco di luci:<\/strong> Illuminazione a LED sincronizzata con la riproduzione musicale per un'esperienza coinvolgente.<\/p>\n<h3 class=\"text-lg font-bold text-text-100 mt-1 -mb-1.5\">Specifiche tecniche:<\/h3>\n<p class=\"whitespace-normal break-words\">\u2611 Opzioni di nicotina: 2% \/ 5%<br \/>\nVolume dei treni: 30.000<br \/>\nProfilo di gusto dell'Ice Pop<br \/>\n\u2611 Capacit\u00e0 della batteria: 600mAh<br \/>\n\u2611 1.0\u03a9 Bobina a maglia<br \/>\nInterfaccia di ricarica Type-C<br \/>\n\u2611 Illuminazione ad attivazione sonora<\/p>\n<p class=\"whitespace-normal break-words\">Scoprite altre innovazioni sul nostro <strong><a class=\"underline\" href=\"https:\/\/fumotpuff.com\/it\/\">Sito web<\/a><\/strong>Esplora tutto <strong><a class=\"underline\" href=\"https:\/\/fumotpuff.com\/it\/product-category\/fumot-vape\/\">Prodotti FUMOT VAPE<\/a><\/strong> o sfogliare tutti i <strong><a class=\"underline\" href=\"https:\/\/fumotpuff.com\/it\/product-category\/fumot-vape\/fumot-tornado-30k-music\/\">Varianti musicali Fumot Tornado 30K<\/a><\/strong>.<\/p>","protected":false},"excerpt":{"rendered":"<div>\n<div class=\"grid-cols-1 grid gap-2.5 [&amp;_&gt;_*]:min-w-0 !gap-3.5\">\n<p class=\"whitespace-normal break-words\">Die Fumot Tornado 30K Music Ice Pop Einweg-E-Zigarette erweckt nostalgische Eis-am-Stiel-Erinnerungen mit s\u00fc\u00dfen Fruchtaromen und k\u00fchlendem Ice-Effekt. Mit 30.000 Z\u00fcgen, 30ml E-Liquid und musiksynchroner LED-Beleuchtung.<\/p>\n<\/div>\n<\/div>\n<div class=\"h-8\"><\/div>\n","protected":false},"featured_media":529,"comment_status":"open","ping_status":"closed","template":"","meta":{"_acf_changed":false},"product_brand":[],"product_cat":[20],"product_tag":[],"class_list":{"0":"post-527","1":"product","2":"type-product","3":"status-publish","4":"has-post-thumbnail","6":"product_cat-fumot-tornado-30k-music","8":"first","9":"instock","10":"shipping-taxable","11":"purchasable","12":"product-type-variable"},"acf":[],"_links":{"self":[{"href":"https:\/\/fumotpuff.com\/it\/wp-json\/wp\/v2\/product\/527","targetHints":{"allow":["GET"]}}],"collection":[{"href":"https:\/\/fumotpuff.com\/it\/wp-json\/wp\/v2\/product"}],"about":[{"href":"https:\/\/fumotpuff.com\/it\/wp-json\/wp\/v2\/types\/product"}],"replies":[{"embeddable":true,"href":"https:\/\/fumotpuff.com\/it\/wp-json\/wp\/v2\/comments?post=527"}],"wp:featuredmedia":[{"embeddable":true,"href":"https:\/\/fumotpuff.com\/it\/wp-json\/wp\/v2\/media\/529"}],"wp:attachment":[{"href":"https:\/\/fumotpuff.com\/it\/wp-json\/wp\/v2\/media?parent=527"}],"wp:term":[{"taxonomy":"product_brand","embeddable":true,"href":"https:\/\/fumotpuff.com\/it\/wp-json\/wp\/v2\/product_brand?post=527"},{"taxonomy":"product_cat","embeddable":true,"href":"https:\/\/fumotpuff.com\/it\/wp-json\/wp\/v2\/product_cat?post=527"},{"taxonomy":"product_tag","embeddable":true,"href":"https:\/\/fumotpuff.com\/it\/wp-json\/wp\/v2\/product_tag?post=527"}],"curies":[{"name":"wp","href":"https:\/\/api.w.org\/{rel}","templated":true}]}}