{"id":521,"date":"2025-09-12T08:50:23","date_gmt":"2025-09-12T06:50:23","guid":{"rendered":"https:\/\/fumotpuff.com\/?post_type=product&#038;p=521"},"modified":"2025-09-12T08:50:24","modified_gmt":"2025-09-12T06:50:24","slug":"fumot-tornado-30k-music-blueberry-on-ice","status":"publish","type":"product","link":"https:\/\/fumotpuff.com\/it\/prodotto\/fumot-tornado-30k-music-blueberry-on-ice\/","title":{"rendered":"Fumot Tornado 30K Musica Mirtillo Su Ghiaccio"},"content":{"rendered":"<h2 class=\"text-xl font-bold text-text-100 mt-1 -mb-0.5\">Fumot Tornado 30K Music Blueberry On Ice sigaretta elettronica monouso<\/h2>\n<p class=\"whitespace-normal break-words\">Immergetevi nella perfetta armonia tra i dolci mirtilli e il fresco effetto ghiaccio con Fumot Tornado 30K Music Blueberry On Ice. Questa innovativa sigaretta elettronica usa e getta combina la dolcezza naturale dei mirtilli con la freschezza del ghiaccio e offre ben 30.000 boccate di prima qualit\u00e0.<\/p>\n<h3 class=\"text-lg font-bold text-text-100 mt-1 -mb-1.5\">Vantaggi unici della variante Mirtillo su ghiaccio:<\/h3>\n<p class=\"whitespace-normal break-words\"><strong>Una resistenza notevole:<\/strong> Fino a 30.000 boccate per settimane di vapore ininterrotto.<\/p>\n<p class=\"whitespace-normal break-words\"><strong>Forza di nicotina flessibile:<\/strong> Disponibile nelle concentrazioni di nicotina 2% e 5%.<\/p>\n<p class=\"whitespace-normal break-words\"><strong>Ricco ripieno:<\/strong> Volume dell'e-liquido di 30 ml per un uso prolungato.<\/p>\n<p class=\"whitespace-normal break-words\"><strong>Vaporizzazione avanzata:<\/strong> Sistema di maglie da 1,0\u03a9 per un trasferimento ottimale del sapore.<\/p>\n<p class=\"whitespace-normal break-words\"><strong>Batteria robusta:<\/strong> Batteria al litio da 600 mAh con funzione di ricarica rapida Type-C.<\/p>\n<p class=\"whitespace-normal break-words\"><strong>Illuminazione interattiva:<\/strong> Illuminazione a LED sincronizzata con la musica per un piacere visivo.<\/p>\n<h3 class=\"text-lg font-bold text-text-100 mt-1 -mb-1.5\">Specifiche:<\/h3>\n<p class=\"whitespace-normal break-words\">\u2611 Varianti di nicotina: 2% \/ 5%<br \/>\n\u2611 Capacit\u00e0 di soffio: 30.000<br \/>\nGusto Mirtillo su Ghiaccio<br \/>\n\u2611 Batteria: 600mAh ricaricabile<br \/>\nTesta del vaporizzatore a rete da 1,0\u03a9<br \/>\nPorta di ricarica Type-C<br \/>\nEffetti luminosi musicali interattivi<\/p>\n<p class=\"whitespace-normal break-words\">Esplorate la nostra gamma completa sul sito <strong><a class=\"underline\" href=\"https:\/\/fumotpuff.com\/it\/\">Pagina principale<\/a><\/strong>sfogliare l'intero <strong><a class=\"underline\" href=\"https:\/\/fumotpuff.com\/it\/product-category\/fumot-vape\/\">Selezione FUMOT VAPE<\/a><\/strong> o scegliere tra ulteriori <strong><a class=\"underline\" href=\"https:\/\/fumotpuff.com\/it\/product-category\/fumot-vape\/fumot-tornado-30k-music\/\">Fumot Tornado 30K Gusti musicali<\/a><\/strong>.<\/p>","protected":false},"excerpt":{"rendered":"<div>\n<div class=\"grid-cols-1 grid gap-2.5 [&amp;_&gt;_*]:min-w-0 !gap-3.5\">\n<p class=\"whitespace-normal break-words\">Die Fumot Tornado 30K Music Blueberry On Ice Einweg-E-Zigarette vereint s\u00fc\u00dfe Blaubeeren mit k\u00fchlem Ice-Effekt in perfekter Harmonie. Mit 30.000 Z\u00fcgen, 30ml E-Liquid und musiksynchroner LED-Beleuchtung f\u00fcr erfrischenden Beerengenuss.<\/p>\n<\/div>\n<\/div>\n<div class=\"h-8\"><\/div>\n","protected":false},"featured_media":523,"comment_status":"open","ping_status":"closed","template":"","meta":{"_acf_changed":false},"product_brand":[],"product_cat":[20],"product_tag":[],"class_list":{"0":"post-521","1":"product","2":"type-product","3":"status-publish","4":"has-post-thumbnail","6":"product_cat-fumot-tornado-30k-music","8":"first","9":"instock","10":"shipping-taxable","11":"purchasable","12":"product-type-variable"},"acf":[],"_links":{"self":[{"href":"https:\/\/fumotpuff.com\/it\/wp-json\/wp\/v2\/product\/521","targetHints":{"allow":["GET"]}}],"collection":[{"href":"https:\/\/fumotpuff.com\/it\/wp-json\/wp\/v2\/product"}],"about":[{"href":"https:\/\/fumotpuff.com\/it\/wp-json\/wp\/v2\/types\/product"}],"replies":[{"embeddable":true,"href":"https:\/\/fumotpuff.com\/it\/wp-json\/wp\/v2\/comments?post=521"}],"wp:featuredmedia":[{"embeddable":true,"href":"https:\/\/fumotpuff.com\/it\/wp-json\/wp\/v2\/media\/523"}],"wp:attachment":[{"href":"https:\/\/fumotpuff.com\/it\/wp-json\/wp\/v2\/media?parent=521"}],"wp:term":[{"taxonomy":"product_brand","embeddable":true,"href":"https:\/\/fumotpuff.com\/it\/wp-json\/wp\/v2\/product_brand?post=521"},{"taxonomy":"product_cat","embeddable":true,"href":"https:\/\/fumotpuff.com\/it\/wp-json\/wp\/v2\/product_cat?post=521"},{"taxonomy":"product_tag","embeddable":true,"href":"https:\/\/fumotpuff.com\/it\/wp-json\/wp\/v2\/product_tag?post=521"}],"curies":[{"name":"wp","href":"https:\/\/api.w.org\/{rel}","templated":true}]}}