{"id":515,"date":"2025-09-12T08:47:57","date_gmt":"2025-09-12T06:47:57","guid":{"rendered":"https:\/\/fumotpuff.com\/?post_type=product&#038;p=515"},"modified":"2025-09-12T08:47:57","modified_gmt":"2025-09-12T06:47:57","slug":"fumot-tornado-30k-music-grape-ice","status":"publish","type":"product","link":"https:\/\/fumotpuff.com\/it\/prodotto\/fumot-tornado-30k-music-grape-ice\/","title":{"rendered":"Fumot Tornado 30K Musica Uva Ghiaccio"},"content":{"rendered":"<h2 class=\"text-xl font-bold text-text-100 mt-1 -mb-0.5\">Fumot Tornado 30K Music Grape Ice sigaretta elettronica monouso<\/h2>\n<p class=\"whitespace-normal break-words\">Fumot Tornado 30K Music Grape Ice combina la succosa uva con un effetto rinfrescante e fresco per creare un'esperienza di gusto irresistibile. Questa sigaretta elettronica monouso di qualit\u00e0 superiore offre una qualit\u00e0 costante per oltre 30.000 boccate, supportata dal generoso serbatoio di e-liquid da 30 ml.<\/p>\n<h3 class=\"text-lg font-bold text-text-100 mt-1 -mb-1.5\">Caratteristiche eccezionali dell'edizione Grape Ice:<\/h3>\n<p class=\"whitespace-normal break-words\"><strong>Utilizzo da record:<\/strong> Godetevi fino a 30.000 boccate per mesi di soddisfazione.<\/p>\n<p class=\"whitespace-normal break-words\"><strong>Dose di nicotina personalizzabile:<\/strong> Scegliete tra 2% o 5% in base alle vostre preferenze.<\/p>\n<p class=\"whitespace-normal break-words\"><strong>Capacit\u00e0 di grandi volumi di liquido:<\/strong> 30ml di e-liquid di alta qualit\u00e0 per un divertimento continuo.<\/p>\n<p class=\"whitespace-normal break-words\"><strong>Sistema di bobine di precisione:<\/strong> 1.0\u03a9 Tecnologia a rete per il massimo trasferimento del sapore.<\/p>\n<p class=\"whitespace-normal break-words\"><strong>Alimentazione affidabile:<\/strong> Potente batteria da 600 mAh con efficiente tecnologia di ricarica Type-C.<\/p>\n<p class=\"whitespace-normal break-words\"><strong>Spettacolare spettacolo di luci:<\/strong> Il sistema a LED reagisce ai ritmi musicali per un'esperienza multisensoriale.<\/p>\n<h3 class=\"text-lg font-bold text-text-100 mt-1 -mb-1.5\">Dettagli tecnici:<\/h3>\n<p class=\"whitespace-normal break-words\">\u2611 Contenuto di nicotina: 2% \/ 5%<br \/>\n\u2611 Treni massimi: 30.000<br \/>\n\u2611 Gusto Uva Ghiacciata<br \/>\nBatteria da 600 mAh<br \/>\n\u2611 1.0\u03a9 Bobina a maglia<br \/>\n\u2611 Ricarica rapida di tipo C<br \/>\n\u2611 LED a risposta sonora<\/p>\n<p class=\"whitespace-normal break-words\">Visitate il nostro <strong><a class=\"underline\" href=\"https:\/\/fumotpuff.com\/it\/\">Homepage<\/a><\/strong> per ulteriori innovazioni di prodotto, sfogliare tutte le <strong><a class=\"underline\" href=\"https:\/\/fumotpuff.com\/it\/product-category\/fumot-vape\/\">Articolo FUMOT VAPE<\/a><\/strong> o scoprire di pi\u00f9 <strong><a class=\"underline\" href=\"https:\/\/fumotpuff.com\/it\/product-category\/fumot-vape\/fumot-tornado-30k-music\/\">Variet\u00e0 musicali Fumot Tornado 30K<\/a><\/strong>.<\/p>","protected":false},"excerpt":{"rendered":"<div>\n<div class=\"grid-cols-1 grid gap-2.5 [&amp;_&gt;_*]:min-w-0 !gap-3.5\">\n<p class=\"whitespace-normal break-words\">Die Fumot Tornado 30K Music Grape Ice Einweg-E-Zigarette verbindet saftige Trauben mit erfrischendem Cool-Effekt. Mit 30.000 Z\u00fcgen, 30ml E-Liquid und musikreaktiver LED-Beleuchtung f\u00fcr unwiderstehlichen Traubengenuss mit K\u00e4lte.<\/p>\n<\/div>\n<\/div>\n<div class=\"h-8\"><\/div>\n","protected":false},"featured_media":517,"comment_status":"open","ping_status":"closed","template":"","meta":{"_acf_changed":false},"product_brand":[],"product_cat":[20],"product_tag":[],"class_list":{"0":"post-515","1":"product","2":"type-product","3":"status-publish","4":"has-post-thumbnail","6":"product_cat-fumot-tornado-30k-music","8":"first","9":"instock","10":"shipping-taxable","11":"purchasable","12":"product-type-variable"},"acf":[],"_links":{"self":[{"href":"https:\/\/fumotpuff.com\/it\/wp-json\/wp\/v2\/product\/515","targetHints":{"allow":["GET"]}}],"collection":[{"href":"https:\/\/fumotpuff.com\/it\/wp-json\/wp\/v2\/product"}],"about":[{"href":"https:\/\/fumotpuff.com\/it\/wp-json\/wp\/v2\/types\/product"}],"replies":[{"embeddable":true,"href":"https:\/\/fumotpuff.com\/it\/wp-json\/wp\/v2\/comments?post=515"}],"wp:featuredmedia":[{"embeddable":true,"href":"https:\/\/fumotpuff.com\/it\/wp-json\/wp\/v2\/media\/517"}],"wp:attachment":[{"href":"https:\/\/fumotpuff.com\/it\/wp-json\/wp\/v2\/media?parent=515"}],"wp:term":[{"taxonomy":"product_brand","embeddable":true,"href":"https:\/\/fumotpuff.com\/it\/wp-json\/wp\/v2\/product_brand?post=515"},{"taxonomy":"product_cat","embeddable":true,"href":"https:\/\/fumotpuff.com\/it\/wp-json\/wp\/v2\/product_cat?post=515"},{"taxonomy":"product_tag","embeddable":true,"href":"https:\/\/fumotpuff.com\/it\/wp-json\/wp\/v2\/product_tag?post=515"}],"curies":[{"name":"wp","href":"https:\/\/api.w.org\/{rel}","templated":true}]}}