{"id":509,"date":"2025-09-12T08:45:21","date_gmt":"2025-09-12T06:45:21","guid":{"rendered":"https:\/\/fumotpuff.com\/?post_type=product&#038;p=509"},"modified":"2025-09-12T08:45:21","modified_gmt":"2025-09-12T06:45:21","slug":"fumot-tornado-30k-music-dr-blue","status":"publish","type":"product","link":"https:\/\/fumotpuff.com\/it\/prodotto\/fumot-tornado-30k-music-dr-blue\/","title":{"rendered":"Fumot Tornado 30K Music Dr Blu"},"content":{"rendered":"<h2 class=\"text-xl font-bold text-text-100 mt-1 -mb-0.5\">Fumot Tornado 30K Music Dr Blue sigaretta elettronica monouso<\/h2>\n<p class=\"whitespace-normal break-words\">Provate il misterioso profilo aromatico di Dr Blue con Fumot Tornado 30K Music Dr Blue. Questa straordinaria sigaretta elettronica monouso combina note di sapore complesse per creare un'esperienza di svapo unica nell'arco di 30.000 boccate. La generosa capacit\u00e0 di 30 ml di e-liquid garantisce una qualit\u00e0 costante.<\/p>\n<h3 class=\"text-lg font-bold text-text-100 mt-1 -mb-1.5\">Caratteristiche della versione Dr Blue:<\/h3>\n<p class=\"whitespace-normal break-words\"><strong>Gamma eccezionale:<\/strong> Fino a 30.000 soffi per un piacere di vapore di lunga durata.<\/p>\n<p class=\"whitespace-normal break-words\"><strong>Selezione personalizzata della nicotina:<\/strong> Disponibile con un contenuto di nicotina di 2% e 5%.<\/p>\n<p class=\"whitespace-normal break-words\"><strong>Riempimento esteso:<\/strong> 30ml di e-liquid premium per uso intensivo.<\/p>\n<p class=\"whitespace-normal break-words\"><strong>Tecnologia a rete innovativa:<\/strong> Bobina a resistenza da 1,0\u03a9 per una perfetta distribuzione del sapore.<\/p>\n<p class=\"whitespace-normal break-words\"><strong>Fonte di energia permanente:<\/strong> Batteria ad alte prestazioni da 600 mAh con ricarica rapida Type-C.<\/p>\n<p class=\"whitespace-normal break-words\"><strong>Un'illuminazione impressionante:<\/strong> Tecnologia LED reattiva alla musica per un piacere audiovisivo.<\/p>\n<h3 class=\"text-lg font-bold text-text-100 mt-1 -mb-1.5\">Specifiche del prodotto:<\/h3>\n<p class=\"whitespace-normal break-words\">\u2611 Selezione della nicotina: 2% \/ 5%<br \/>\n\u2611 Numero di treni: 30.000<br \/>\nProfilo aromatico del Dr Blue<br \/>\n\u2611 Capacit\u00e0 della batteria: 600mAh<br \/>\nVaporizzatore a rete da 1.0\u03a9<br \/>\n\u2611 Ricarica di tipo C<br \/>\n\u2611 Effetti luminosi controllati dalla musica<\/p>\n<p class=\"whitespace-normal break-words\">Scoprite altri prodotti premium sul nostro <strong><a class=\"underline\" href=\"https:\/\/fumotpuff.com\/it\/\">Pagina iniziale<\/a><\/strong>, esplorate il sito completo <strong><a class=\"underline\" href=\"https:\/\/fumotpuff.com\/it\/product-category\/fumot-vape\/\">Collezione FUMOT VAPE<\/a><\/strong> o scegliere tra tutti <strong><a class=\"underline\" href=\"https:\/\/fumotpuff.com\/it\/product-category\/fumot-vape\/fumot-tornado-30k-music\/\">Fumot Tornado 30K Gusti musicali<\/a><\/strong>.<\/p>","protected":false},"excerpt":{"rendered":"<div>\n<div class=\"grid-cols-1 grid gap-2.5 [&amp;_&gt;_*]:min-w-0 !gap-3.5\">\n<p class=\"whitespace-normal break-words\">Die Fumot Tornado 30K Music Dr Blue Einweg-E-Zigarette bietet ein geheimnisvolles Geschmacksprofil mit komplexen Aromanoten. Mit 30.000 Z\u00fcgen, 30ml E-Liquid und musikreaktiver LED-Beleuchtung f\u00fcr ein au\u00dfergew\u00f6hnliches Dampferlebnis.<\/p>\n<\/div>\n<\/div>\n<div class=\"h-8\"><\/div>\n","protected":false},"featured_media":511,"comment_status":"open","ping_status":"closed","template":"","meta":{"_acf_changed":false},"product_brand":[],"product_cat":[20],"product_tag":[],"class_list":{"0":"post-509","1":"product","2":"type-product","3":"status-publish","4":"has-post-thumbnail","6":"product_cat-fumot-tornado-30k-music","8":"first","9":"instock","10":"shipping-taxable","11":"purchasable","12":"product-type-variable"},"acf":[],"_links":{"self":[{"href":"https:\/\/fumotpuff.com\/it\/wp-json\/wp\/v2\/product\/509","targetHints":{"allow":["GET"]}}],"collection":[{"href":"https:\/\/fumotpuff.com\/it\/wp-json\/wp\/v2\/product"}],"about":[{"href":"https:\/\/fumotpuff.com\/it\/wp-json\/wp\/v2\/types\/product"}],"replies":[{"embeddable":true,"href":"https:\/\/fumotpuff.com\/it\/wp-json\/wp\/v2\/comments?post=509"}],"wp:featuredmedia":[{"embeddable":true,"href":"https:\/\/fumotpuff.com\/it\/wp-json\/wp\/v2\/media\/511"}],"wp:attachment":[{"href":"https:\/\/fumotpuff.com\/it\/wp-json\/wp\/v2\/media?parent=509"}],"wp:term":[{"taxonomy":"product_brand","embeddable":true,"href":"https:\/\/fumotpuff.com\/it\/wp-json\/wp\/v2\/product_brand?post=509"},{"taxonomy":"product_cat","embeddable":true,"href":"https:\/\/fumotpuff.com\/it\/wp-json\/wp\/v2\/product_cat?post=509"},{"taxonomy":"product_tag","embeddable":true,"href":"https:\/\/fumotpuff.com\/it\/wp-json\/wp\/v2\/product_tag?post=509"}],"curies":[{"name":"wp","href":"https:\/\/api.w.org\/{rel}","templated":true}]}}