{"id":503,"date":"2025-09-12T05:59:46","date_gmt":"2025-09-12T03:59:46","guid":{"rendered":"https:\/\/fumotpuff.com\/?post_type=product&#038;p=503"},"modified":"2025-09-12T05:59:47","modified_gmt":"2025-09-12T03:59:47","slug":"fumot-tornado-30k-music-double-apple","status":"publish","type":"product","link":"https:\/\/fumotpuff.com\/it\/prodotto\/fumot-tornado-30k-music-double-apple\/","title":{"rendered":"Fumot Tornado 30K Musica Doppia Mela"},"content":{"rendered":"<h2 class=\"text-xl font-bold text-text-100 mt-1 -mb-0.5\">Fumot Tornado 30K Music Double Apple sigaretta elettronica monouso<\/h2>\n<p class=\"whitespace-normal break-words\">Fumot Tornado 30K Music Double Apple celebra il sapore intenso dell'aroma di doppia mela nella sua forma pi\u00f9 pura. Questa eccellente sigaretta elettronica monouso offre un'esperienza di sapore autentico per oltre 30.000 boccate, supportata da un ampio riempimento di e-liquid da 30 ml.<\/p>\n<h3 class=\"text-lg font-bold text-text-100 mt-1 -mb-1.5\">Caratteristiche speciali della versione Double Apple:<\/h3>\n<p class=\"whitespace-normal break-words\"><strong>Prestazioni a lungo termine:<\/strong> Godetevi un'incredibile quantit\u00e0 di 30.000 boccate per la massima soddisfazione.<\/p>\n<p class=\"whitespace-normal break-words\"><strong>Potenza di nicotina individuale:<\/strong> Disponibile con concentrazione di nicotina 2% o 5%, a seconda delle esigenze.<\/p>\n<p class=\"whitespace-normal break-words\"><strong>Capacit\u00e0 volumetrica:<\/strong> 30ml di e-liquid di prima qualit\u00e0 per un uso prolungato.<\/p>\n<p class=\"whitespace-normal break-words\"><strong>Innovazione della bobina altamente sviluppata:<\/strong> Sistema di maglie da 1,0\u03a9 per un trasferimento ottimale del sapore.<\/p>\n<p class=\"whitespace-normal break-words\"><strong>Tecnologia affidabile delle batterie:<\/strong> Potente batteria da 600 mAh con tecnologia di ricarica Type-C.<\/p>\n<p class=\"whitespace-normal break-words\"><strong>Spettacolo di luci dinamico:<\/strong> Illuminazione a LED sincronizzata con la riproduzione musicale per un'esperienza coinvolgente.<\/p>\n<h3 class=\"text-lg font-bold text-text-100 mt-1 -mb-1.5\">Propriet\u00e0 dettagliate:<\/h3>\n<p class=\"whitespace-normal break-words\">\u2611 Opzioni di nicotina: 2% \/ 5%<br \/>\n\u2611 Volume del soffio: 30.000<br \/>\nProfilo aromatico della doppia mela<br \/>\n\u2611 Capacit\u00e0 della batteria: 600mAh<br \/>\n\u2611 1.0\u03a9 Bobina a maglia<br \/>\nInterfaccia di ricarica Type-C<br \/>\n\u2611 LED dipendenti dal ritmo<\/p>\n<p class=\"whitespace-normal break-words\">Visitate il nostro <strong><a class=\"underline\" href=\"https:\/\/fumotpuff.com\/it\/\">Sito web principale<\/a><\/strong> per ulteriori innovazioni, esplorate l'intero <strong><a class=\"underline\" href=\"https:\/\/fumotpuff.com\/it\/product-category\/fumot-vape\/\">Offerta FUMOT VAPE<\/a><\/strong> o sfogliare tutti i <strong><a class=\"underline\" href=\"https:\/\/fumotpuff.com\/it\/product-category\/fumot-vape\/fumot-tornado-30k-music\/\">Fumot Tornado 30K Variazioni musicali<\/a><\/strong>.<\/p>","protected":false},"excerpt":{"rendered":"<div>\n<div class=\"grid-cols-1 grid gap-2.5 [&amp;_&gt;_*]:min-w-0 !gap-3.5\">\n<p class=\"whitespace-normal break-words\">Die Fumot Tornado 30K Music Double Apple Einweg-E-Zigarette bietet intensives doppeltes Apfel-Aroma in reinster Form. Mit 30.000 Z\u00fcgen, 30ml E-Liquid und musiksynchroner LED-Beleuchtung f\u00fcr authentischen Apfelgenuss \u00fcber maximale Nutzungsdauer.<\/p>\n<\/div>\n<\/div>\n<div class=\"h-8\"><\/div>\n","protected":false},"featured_media":505,"comment_status":"open","ping_status":"closed","template":"","meta":{"_acf_changed":false},"product_brand":[],"product_cat":[20],"product_tag":[],"class_list":{"0":"post-503","1":"product","2":"type-product","3":"status-publish","4":"has-post-thumbnail","6":"product_cat-fumot-tornado-30k-music","8":"first","9":"instock","10":"shipping-taxable","11":"purchasable","12":"product-type-variable"},"acf":[],"_links":{"self":[{"href":"https:\/\/fumotpuff.com\/it\/wp-json\/wp\/v2\/product\/503","targetHints":{"allow":["GET"]}}],"collection":[{"href":"https:\/\/fumotpuff.com\/it\/wp-json\/wp\/v2\/product"}],"about":[{"href":"https:\/\/fumotpuff.com\/it\/wp-json\/wp\/v2\/types\/product"}],"replies":[{"embeddable":true,"href":"https:\/\/fumotpuff.com\/it\/wp-json\/wp\/v2\/comments?post=503"}],"wp:featuredmedia":[{"embeddable":true,"href":"https:\/\/fumotpuff.com\/it\/wp-json\/wp\/v2\/media\/505"}],"wp:attachment":[{"href":"https:\/\/fumotpuff.com\/it\/wp-json\/wp\/v2\/media?parent=503"}],"wp:term":[{"taxonomy":"product_brand","embeddable":true,"href":"https:\/\/fumotpuff.com\/it\/wp-json\/wp\/v2\/product_brand?post=503"},{"taxonomy":"product_cat","embeddable":true,"href":"https:\/\/fumotpuff.com\/it\/wp-json\/wp\/v2\/product_cat?post=503"},{"taxonomy":"product_tag","embeddable":true,"href":"https:\/\/fumotpuff.com\/it\/wp-json\/wp\/v2\/product_tag?post=503"}],"curies":[{"name":"wp","href":"https:\/\/api.w.org\/{rel}","templated":true}]}}