{"id":497,"date":"2025-09-12T05:56:41","date_gmt":"2025-09-12T03:56:41","guid":{"rendered":"https:\/\/fumotpuff.com\/?post_type=product&#038;p=497"},"modified":"2025-09-12T05:56:41","modified_gmt":"2025-09-12T03:56:41","slug":"fumot-tornado-30k-music-blueberry-raspberry","status":"publish","type":"product","link":"https:\/\/fumotpuff.com\/it\/prodotto\/fumot-tornado-30k-music-blueberry-raspberry\/","title":{"rendered":"Fumot Tornado 30K Musica Mirtillo Lampone"},"content":{"rendered":"<h2 class=\"text-xl font-bold text-text-100 mt-1 -mb-0.5\">Fumot Tornado 30K Music Mirtillo Lampone sigaretta elettronica monouso<\/h2>\n<p class=\"whitespace-normal break-words\">Immergetevi nell'armoniosa combinazione di mirtilli dolci e lamponi piccanti con Fumot Tornado 30K Music Blueberry Raspberry. Questa innovativa sigaretta elettronica monouso combina due popolari sapori di frutti di bosco in perfetto equilibrio e offre un eccezionale piacere di svapo di 30.000 puff.<\/p>\n<h3 class=\"text-lg font-bold text-text-100 mt-1 -mb-1.5\">Vantaggi unici della Blueberry Raspberry Edition:<\/h3>\n<p class=\"whitespace-normal break-words\"><strong>Resistenza impressionante:<\/strong> Fino a 30.000 boccate per settimane di divertimento ininterrotto.<\/p>\n<p class=\"whitespace-normal break-words\"><strong>Selezione flessibile della nicotina:<\/strong> Scegliete tra le gradazioni di nicotina 2% e 5%.<\/p>\n<p class=\"whitespace-normal break-words\"><strong>Quantit\u00e0 generosa di liquido:<\/strong> Volume dell'e-liquido di 30 ml per un uso prolungato.<\/p>\n<p class=\"whitespace-normal break-words\"><strong>Vaporizzazione avanzata:<\/strong> Tecnologia a rete 1.0\u03a9 per un trasferimento di sapori di prima classe.<\/p>\n<p class=\"whitespace-normal break-words\"><strong>Fornitura di energia robusta:<\/strong> Batteria al litio da 600 mAh con funzione di ricarica rapida Type-C.<\/p>\n<p class=\"whitespace-normal break-words\"><strong>Spettacolari effetti di luce:<\/strong> Illuminazione a LED sincronizzata con la musica per il piacere della vista.<\/p>\n<h3 class=\"text-lg font-bold text-text-100 mt-1 -mb-1.5\">Specifiche tecniche:<\/h3>\n<p class=\"whitespace-normal break-words\">\u2611 Varianti di nicotina: 2% \/ 5%<br \/>\nCapacit\u00e0 del treno: 30.000<br \/>\n\u2611 Gusto mirtillo e lampone<br \/>\n\u2611 Batteria: 600mAh<br \/>\nTesta del vaporizzatore a rete da 1,0\u03a9<br \/>\nPorta di ricarica Type-C<br \/>\n\u2611 Illuminazione ad attivazione sonora<\/p>\n<p class=\"whitespace-normal break-words\">Esplorate ulteriori opzioni di premio sul nostro <strong><a class=\"underline\" href=\"https:\/\/fumotpuff.com\/it\/\">Sito web<\/a><\/strong>sfogliare l'elenco completo <strong><a class=\"underline\" href=\"https:\/\/fumotpuff.com\/it\/product-category\/fumot-vape\/\">Selezione FUMOT VAPE<\/a><\/strong> o scoprire tutti <strong><a class=\"underline\" href=\"https:\/\/fumotpuff.com\/it\/product-category\/fumot-vape\/fumot-tornado-30k-music\/\">Fumot Tornado 30K Gusti musicali<\/a><\/strong>.<\/p>","protected":false},"excerpt":{"rendered":"<div>\n<div class=\"grid-cols-1 grid gap-2.5 [&amp;_&gt;_*]:min-w-0 !gap-3.5\">\n<p class=\"whitespace-normal break-words\">Die Fumot Tornado 30K Music Blueberry Raspberry Einweg-E-Zigarette kombiniert s\u00fc\u00dfe Blaubeeren mit spritzigen Himbeeren in perfekter Balance. Mit 30.000 Z\u00fcgen, 30ml E-Liquid und musiksynchroner LED-Beleuchtung f\u00fcr harmonischen Beerengenuss.<\/p>\n<\/div>\n<\/div>\n<div class=\"h-8\"><\/div>\n","protected":false},"featured_media":499,"comment_status":"open","ping_status":"closed","template":"","meta":{"_acf_changed":false},"product_brand":[],"product_cat":[20],"product_tag":[],"class_list":{"0":"post-497","1":"product","2":"type-product","3":"status-publish","4":"has-post-thumbnail","6":"product_cat-fumot-tornado-30k-music","8":"first","9":"instock","10":"shipping-taxable","11":"purchasable","12":"product-type-variable"},"acf":[],"_links":{"self":[{"href":"https:\/\/fumotpuff.com\/it\/wp-json\/wp\/v2\/product\/497","targetHints":{"allow":["GET"]}}],"collection":[{"href":"https:\/\/fumotpuff.com\/it\/wp-json\/wp\/v2\/product"}],"about":[{"href":"https:\/\/fumotpuff.com\/it\/wp-json\/wp\/v2\/types\/product"}],"replies":[{"embeddable":true,"href":"https:\/\/fumotpuff.com\/it\/wp-json\/wp\/v2\/comments?post=497"}],"wp:featuredmedia":[{"embeddable":true,"href":"https:\/\/fumotpuff.com\/it\/wp-json\/wp\/v2\/media\/499"}],"wp:attachment":[{"href":"https:\/\/fumotpuff.com\/it\/wp-json\/wp\/v2\/media?parent=497"}],"wp:term":[{"taxonomy":"product_brand","embeddable":true,"href":"https:\/\/fumotpuff.com\/it\/wp-json\/wp\/v2\/product_brand?post=497"},{"taxonomy":"product_cat","embeddable":true,"href":"https:\/\/fumotpuff.com\/it\/wp-json\/wp\/v2\/product_cat?post=497"},{"taxonomy":"product_tag","embeddable":true,"href":"https:\/\/fumotpuff.com\/it\/wp-json\/wp\/v2\/product_tag?post=497"}],"curies":[{"name":"wp","href":"https:\/\/api.w.org\/{rel}","templated":true}]}}