{"id":485,"date":"2025-09-12T05:51:37","date_gmt":"2025-09-12T03:51:37","guid":{"rendered":"https:\/\/fumotpuff.com\/?post_type=product&#038;p=485"},"modified":"2025-09-12T05:51:37","modified_gmt":"2025-09-12T03:51:37","slug":"fumot-tornado-30k-music-cola-ice","status":"publish","type":"product","link":"https:\/\/fumotpuff.com\/it\/prodotto\/fumot-tornado-30k-music-cola-ice\/","title":{"rendered":"Fumot Tornado 30K Musica Cola Ice"},"content":{"rendered":"<h2 class=\"text-xl font-bold text-text-100 mt-1 -mb-0.5\">Fumot Tornado 30K Music Cola Ice sigaretta elettronica monouso<\/h2>\n<p class=\"whitespace-normal break-words\">Provate il classico sapore di cola con un tocco rinfrescante e fresco con Fumot Tornado 30K Music Cola Ice. Questa sigaretta elettronica monouso di alta qualit\u00e0 combina il noto sapore frizzante con un fresco effetto ghiaccio, offrendo ben 30.000 boccate. La capacit\u00e0 di 30 ml di e-liquid garantisce un'intensit\u00e0 di sapore costante.<\/p>\n<h3 class=\"text-lg font-bold text-text-100 mt-1 -mb-1.5\">Propriet\u00e0 eccezionali della versione Cola Ice:<\/h3>\n<p class=\"whitespace-normal break-words\"><strong>Periodo di utilizzo massimo:<\/strong> Fino a 30.000 boccate per un piacere del vapore di lunga durata.<\/p>\n<p class=\"whitespace-normal break-words\"><strong>Intensit\u00e0 di nicotina personalizzata:<\/strong> Disponibile nelle concentrazioni di nicotina 2% e 5%.<\/p>\n<p class=\"whitespace-normal break-words\"><strong>Ricco ripieno:<\/strong> 30ml di e-liquid premium per un uso prolungato.<\/p>\n<p class=\"whitespace-normal break-words\"><strong>Moderna tecnologia a bobina:<\/strong> Sistema di maglie da 1,0\u03a9 per una perfetta distribuzione del sapore.<\/p>\n<p class=\"whitespace-normal break-words\"><strong>Alimentazione affidabile:<\/strong> Batteria ad alte prestazioni da 600 mAh con ricarica rapida Type-C.<\/p>\n<p class=\"whitespace-normal break-words\"><strong>Affascinante gioco di luci:<\/strong> LED controllati dalla musica per un'esperienza visiva unica.<\/p>\n<h3 class=\"text-lg font-bold text-text-100 mt-1 -mb-1.5\">Dettagli del prodotto:<\/h3>\n<p class=\"whitespace-normal break-words\">\u2611 Opzioni di nicotina: 2% \/ 5%<br \/>\n\u2611 Numero di pouff: 30.000<br \/>\nProfilo aromatico di Cola Ice<br \/>\nBatteria ricaricabile: 600mAh ricaricabile<br \/>\nVaporizzatore a rete da 1.0\u03a9<br \/>\nFunzione di ricarica Type-C<br \/>\n\u2611 Illuminazione a risposta sonora<\/p>\n<p class=\"whitespace-normal break-words\">Visitate il nostro <strong><a class=\"underline\" href=\"https:\/\/fumotpuff.com\/it\/\">Homepage<\/a><\/strong> per ulteriori innovazioni di prodotto, esplorate tutti <strong><a class=\"underline\" href=\"https:\/\/fumotpuff.com\/it\/product-category\/fumot-vape\/\">Articolo FUMOT VAPE<\/a><\/strong> o scoprire di pi\u00f9 <strong><a class=\"underline\" href=\"https:\/\/fumotpuff.com\/it\/product-category\/fumot-vape\/fumot-tornado-30k-music\/\">Varianti musicali Fumot Tornado 30K<\/a><\/strong>.<\/p>","protected":false},"excerpt":{"rendered":"<div>\n<div class=\"grid-cols-1 grid gap-2.5 [&amp;_&gt;_*]:min-w-0 !gap-3.5\">\n<p class=\"whitespace-normal break-words\">Die Fumot Tornado 30K Music Cola Ice Einweg-E-Zigarette verbindet klassischen Cola-Geschmack mit erfrischendem Ice-Effekt. Mit 30.000 Z\u00fcgen, 30ml E-Liquid und musikgesteuerter LED-Beleuchtung bietet sie unvergleichlichen Dampfgenuss.<\/p>\n<\/div>\n<\/div>\n<div class=\"h-8\"><\/div>\n","protected":false},"featured_media":487,"comment_status":"open","ping_status":"closed","template":"","meta":{"_acf_changed":false},"product_brand":[],"product_cat":[20],"product_tag":[],"class_list":{"0":"post-485","1":"product","2":"type-product","3":"status-publish","4":"has-post-thumbnail","6":"product_cat-fumot-tornado-30k-music","8":"first","9":"instock","10":"shipping-taxable","11":"purchasable","12":"product-type-variable"},"acf":[],"_links":{"self":[{"href":"https:\/\/fumotpuff.com\/it\/wp-json\/wp\/v2\/product\/485","targetHints":{"allow":["GET"]}}],"collection":[{"href":"https:\/\/fumotpuff.com\/it\/wp-json\/wp\/v2\/product"}],"about":[{"href":"https:\/\/fumotpuff.com\/it\/wp-json\/wp\/v2\/types\/product"}],"replies":[{"embeddable":true,"href":"https:\/\/fumotpuff.com\/it\/wp-json\/wp\/v2\/comments?post=485"}],"wp:featuredmedia":[{"embeddable":true,"href":"https:\/\/fumotpuff.com\/it\/wp-json\/wp\/v2\/media\/487"}],"wp:attachment":[{"href":"https:\/\/fumotpuff.com\/it\/wp-json\/wp\/v2\/media?parent=485"}],"wp:term":[{"taxonomy":"product_brand","embeddable":true,"href":"https:\/\/fumotpuff.com\/it\/wp-json\/wp\/v2\/product_brand?post=485"},{"taxonomy":"product_cat","embeddable":true,"href":"https:\/\/fumotpuff.com\/it\/wp-json\/wp\/v2\/product_cat?post=485"},{"taxonomy":"product_tag","embeddable":true,"href":"https:\/\/fumotpuff.com\/it\/wp-json\/wp\/v2\/product_tag?post=485"}],"curies":[{"name":"wp","href":"https:\/\/api.w.org\/{rel}","templated":true}]}}