{"id":479,"date":"2025-09-12T05:49:02","date_gmt":"2025-09-12T03:49:02","guid":{"rendered":"https:\/\/fumotpuff.com\/?post_type=product&#038;p=479"},"modified":"2025-09-12T05:49:03","modified_gmt":"2025-09-12T03:49:03","slug":"fumot-tornado-30k-music-cherry-cola","status":"publish","type":"product","link":"https:\/\/fumotpuff.com\/it\/prodotto\/fumot-tornado-30k-music-cherry-cola\/","title":{"rendered":"Fumot Tornado 30K Musica Cherry Cola"},"content":{"rendered":"<h2 class=\"text-xl font-bold text-text-100 mt-1 -mb-0.5\">Fumot Tornado 30K Music Cherry Cola sigaretta elettronica monouso<\/h2>\n<p class=\"whitespace-normal break-words\">Fumot Tornado 30K Music Cherry Cola evoca ricordi nostalgici con la sua autentica miscela di cola piccante e ciliegie dolci. Questa rivoluzionaria sigaretta elettronica monouso garantisce 30.000 boccate di qualit\u00e0 costante grazie al generoso serbatoio di e-liquid da 30 ml.<\/p>\n<h3 class=\"text-lg font-bold text-text-100 mt-1 -mb-1.5\">Caratteristiche dell'edizione Cherry Cola:<\/h3>\n<p class=\"whitespace-normal break-words\"><strong>Una resistenza notevole:<\/strong> Godetevi fino a 30.000 boccate per una soddisfazione di lunga durata.<\/p>\n<p class=\"whitespace-normal break-words\"><strong>Opzioni di nicotina flessibili:<\/strong> Scegliete tra 2% o 5% in base alle vostre preferenze.<\/p>\n<p class=\"whitespace-normal break-words\"><strong>Ampia capacit\u00e0:<\/strong> 30ml di e-liquid di prima qualit\u00e0 per un uso prolungato.<\/p>\n<p class=\"whitespace-normal break-words\"><strong>Tecnologia a rete innovativa:<\/strong> Bobina con resistenza da 1,0\u03a9 per un trasferimento ottimale del sapore.<\/p>\n<p class=\"whitespace-normal break-words\"><strong>Fonte di energia sostenibile:<\/strong> Potente batteria da 600 mAh con sistema di ricarica rapida Type-C.<\/p>\n<p class=\"whitespace-normal break-words\"><strong>Spettacolo di luci impressionante:<\/strong> Tecnologia LED a reazione musicale per un'esperienza multisensoriale.<\/p>\n<h3 class=\"text-lg font-bold text-text-100 mt-1 -mb-1.5\">Specifiche dettagliate:<\/h3>\n<p class=\"whitespace-normal break-words\">Volume dei treni: 30.000<br \/>\n\u2611 Gusto Ciliegia Cola<br \/>\n\u2611 Capacit\u00e0 della batteria: 600mAh<br \/>\n\u2611 1.0\u03a9 Bobina a maglia<br \/>\nConnessione di ricarica Type-C<br \/>\n\u2611 Illuminazione a LED sincronizzata con la musica<\/p>\n<p class=\"whitespace-normal break-words\">Scoprite altre innovazioni sul nostro <strong><a class=\"underline\" href=\"https:\/\/fumotpuff.com\/it\/\">Pagina iniziale<\/a><\/strong>sfogliare l'intero <strong><a class=\"underline\" href=\"https:\/\/fumotpuff.com\/it\/product-category\/fumot-vape\/\">Collezione FUMOT VAPE<\/a><\/strong> o scegliere tra tutti <strong><a class=\"underline\" href=\"https:\/\/fumotpuff.com\/it\/product-category\/fumot-vape\/fumot-tornado-30k-music\/\">Fumot Tornado 30K Gusti musicali<\/a><\/strong>.<\/p>","protected":false},"excerpt":{"rendered":"<div>\n<div class=\"grid-cols-1 grid gap-2.5 [&amp;_&gt;_*]:min-w-0 !gap-3.5\">\n<p class=\"whitespace-normal break-words\">Die Fumot Tornado 30K Music Cherry Cola Einweg-E-Zigarette kombiniert spritzige Cola mit s\u00fc\u00dfen Kirschen f\u00fcr nostalgischen Geschmack. Mit 30.000 Z\u00fcgen, 30ml E-Liquid und musikreaktiver LED-Beleuchtung bietet sie au\u00dfergew\u00f6hnlichen Dampfgenuss.<\/p>\n<\/div>\n<\/div>\n<div class=\"h-8\"><\/div>\n","protected":false},"featured_media":481,"comment_status":"open","ping_status":"closed","template":"","meta":{"_acf_changed":false},"product_brand":[],"product_cat":[20],"product_tag":[],"class_list":{"0":"post-479","1":"product","2":"type-product","3":"status-publish","4":"has-post-thumbnail","6":"product_cat-fumot-tornado-30k-music","8":"first","9":"instock","10":"shipping-taxable","11":"purchasable","12":"product-type-variable"},"acf":[],"_links":{"self":[{"href":"https:\/\/fumotpuff.com\/it\/wp-json\/wp\/v2\/product\/479","targetHints":{"allow":["GET"]}}],"collection":[{"href":"https:\/\/fumotpuff.com\/it\/wp-json\/wp\/v2\/product"}],"about":[{"href":"https:\/\/fumotpuff.com\/it\/wp-json\/wp\/v2\/types\/product"}],"replies":[{"embeddable":true,"href":"https:\/\/fumotpuff.com\/it\/wp-json\/wp\/v2\/comments?post=479"}],"wp:featuredmedia":[{"embeddable":true,"href":"https:\/\/fumotpuff.com\/it\/wp-json\/wp\/v2\/media\/481"}],"wp:attachment":[{"href":"https:\/\/fumotpuff.com\/it\/wp-json\/wp\/v2\/media?parent=479"}],"wp:term":[{"taxonomy":"product_brand","embeddable":true,"href":"https:\/\/fumotpuff.com\/it\/wp-json\/wp\/v2\/product_brand?post=479"},{"taxonomy":"product_cat","embeddable":true,"href":"https:\/\/fumotpuff.com\/it\/wp-json\/wp\/v2\/product_cat?post=479"},{"taxonomy":"product_tag","embeddable":true,"href":"https:\/\/fumotpuff.com\/it\/wp-json\/wp\/v2\/product_tag?post=479"}],"curies":[{"name":"wp","href":"https:\/\/api.w.org\/{rel}","templated":true}]}}