{"id":4767,"date":"2025-11-18T09:10:13","date_gmt":"2025-11-18T08:10:13","guid":{"rendered":"https:\/\/fumotpuff.com\/?post_type=product&#038;p=4767"},"modified":"2025-11-18T09:10:13","modified_gmt":"2025-11-18T08:10:13","slug":"vozol-rave-40000-watermelon-bubblegum","status":"publish","type":"product","link":"https:\/\/fumotpuff.com\/it\/prodotto\/vozol-rave-40000-watermelon-bubblegum\/","title":{"rendered":"Vozol Rave 40000 Anguria Bubblegum"},"content":{"rendered":"<h2 class=\"font-claude-response-heading text-text-100 mt-1 -mb-0.5\">Vozol Rave 40000 Watermelon Bubblegum sigaretta elettronica usa e getta<\/h2>\n<p class=\"font-claude-response-body whitespace-normal break-words\">Vozol Rave 40000 Watermelon Bubblegum \u00e8 una sigaretta elettronica monouso all'avanguardia con una capacit\u00e0 eccezionale, appositamente progettata per i clienti all'ingrosso. Il dispositivo affascina con il suo design dinamico a 270 gradi di luce e una modalit\u00e0 party basata sul ritmo per momenti di svapo indimenticabili. Con una potenza fino a 40.000 boccate, supportata da una potente batteria da 1000 mAh, che si ricarica all'80% in soli 20 minuti grazie alla tecnologia di ricarica rapida, questo modello stabilisce nuovi standard. La moderna animazione del vapore Eclipse e l'intensit\u00e0 di nicotina di 50 mg\/ml fanno di Watermelon Bubblegum la scelta ideale per il settore della vendita all'ingrosso di vape usa e getta professionali.<\/p>\n<h3 class=\"font-claude-response-subheading text-text-100 mt-1 -mb-1.5\">Esperienza e caratteristiche del gusto bubblegum all'anguria:<\/h3>\n<p class=\"font-claude-response-body whitespace-normal break-words\">VOZOL Rave 40000 Watermelon Bubblegum combina la dolcezza rinfrescante dell'anguria con il sapore nostalgico della gomma da masticare. Questa combinazione di sapori, giocosa e rinfrescante, riporta alla mente i ricordi dell'infanzia e offre un'esperienza di svapo unica.<\/p>\n<p class=\"font-claude-response-body whitespace-normal break-words\">I due livelli di potenza offrono un controllo completo: la modalit\u00e0 normale offre fino a 40.000 boccate per un divertimento di lunga durata, mentre la modalit\u00e0 turbo garantisce un'erogazione di aroma pi\u00f9 potente a 25.000 boccate. L'impressionante display LED a 270\u00b0, reattivo alla musica, balla al ritmo delle vostre pulsazioni e presenta tre diverse opzioni di illuminazione - Breathing, Beat e Off - per uno sfondo visivo alla vostra sessione di svapo.<\/p>\n<p class=\"font-claude-response-body whitespace-normal break-words\">L'avanzata tecnologia Dual Mesh Coil utilizza due bobine a maglia coordinate che garantiscono sapori intensi, vapore ricco e sviluppo uniforme del calore. Il sofisticato sistema a doppio chip MCU monitora efficacemente le prestazioni del dispositivo, previene i danni da surriscaldamento e garantisce un'estrazione reattiva. Il controllo del flusso d'aria variabile consente di passare facilmente dagli stili di svapo MTL e RDL.<\/p>\n<p class=\"font-claude-response-body whitespace-normal break-words\">La ricarica rapida USB-C porta la batteria da 1000 mAh all'80% di carica in soli 20 minuti: l'ideale per una vita quotidiana attiva senza lunghi tempi di attesa.<\/p>\n<p class=\"font-claude-response-body whitespace-normal break-words\">Con un contenuto di nicotina del 5% (50 mg\/ml), VOZOL Rave 40000 Watermelon Bubblegum garantisce un colpo in gola soddisfacente e una soddisfazione duratura della nicotina. Questa combinazione di tecnologia intelligente, funzioni personalizzabili e prestazioni stabili la rende una scelta eccellente per gli appassionati di svapo di alto livello.<\/p>\n<h3 class=\"font-claude-response-subheading text-text-100 mt-1 -mb-1.5\">Dati tecnici:<\/h3>\n<p class=\"font-claude-response-body whitespace-normal break-words\"><strong>Modello:<\/strong> Rave 40000 mosse<br \/>\n<strong>Sapore:<\/strong> Anguria Bubblegum<br \/>\n<strong>Tipo:<\/strong> Sigaretta elettronica monouso<br \/>\n<strong>Forza della nicotina:<\/strong> 50 mg\/ml<br \/>\n<strong>Capacit\u00e0 del liquido:<\/strong> 20 ml<br \/>\n<strong>Stile vapore:<\/strong> MTL<br \/>\n<strong>Batteria:<\/strong> 1000 mAh ricaricabile<br \/>\n<strong>Modalit\u00e0:<\/strong> Modalit\u00e0 doppia<br \/>\n<strong>Tipo di bobina:<\/strong> Bobina a doppia maglia<br \/>\n<strong>Caratteristica speciale:<\/strong> Design a 270\u00b0 con luce vibrante<br \/>\n<strong>Flusso d'aria:<\/strong> Flusso d'aria regolabile<br \/>\n<strong>Display:<\/strong> Display intelligente della batteria e dell'e-liquid<\/p>\n<h3 class=\"font-claude-response-subheading text-text-100 mt-1 -mb-1.5\">Scopri di pi\u00f9 VOZOL VAPE su fumotpuff<\/h3>\n<p class=\"font-claude-response-body whitespace-normal break-words\">Benvenuti a <strong><a class=\"underline\" href=\"https:\/\/fumotpuff.com\/it\/\">fumotpuff<\/a><\/strong> - Il vostro partner di fiducia per prodotti di vape di prima classe. Esplorate altri dispositivi di punta nel nostro <strong><a class=\"underline\" href=\"https:\/\/fumotpuff.com\/it\/product-category\/vozol-vape\/\">Categoria VOZOL VAPE<\/a><\/strong> o trovare la vostra variet\u00e0 preferita nell'elenco completo <strong><a class=\"underline\" href=\"https:\/\/fumotpuff.com\/it\/product-category\/vozol-vape\/vozol-rave-40000\/\">Collezione Vozol Rave 40000<\/a><\/strong>.<\/p>","protected":false},"excerpt":{"rendered":"<p class=\"font-claude-response-body whitespace-normal break-words\">La Vozol Rave 40000 Watermelon Bubblegum combina la rinfrescante anguria con un nostalgico sapore di bubblegum. Con 20 ml di e-liquid e una batteria da 1000 mAh, offre fino a 40.000 boccate. Doppie bobine a rete, display LED a 270\u00b0 reattivo alla musica e ricarica rapida USB-C (80% in 20 minuti) per un divertimento giocoso.<\/p>","protected":false},"featured_media":4768,"comment_status":"open","ping_status":"closed","template":"","meta":{"_acf_changed":false},"product_brand":[],"product_cat":[52],"product_tag":[],"class_list":{"0":"post-4767","1":"product","2":"type-product","3":"status-publish","4":"has-post-thumbnail","6":"product_cat-vozol-rave-40000","8":"first","9":"instock","10":"shipping-taxable","11":"purchasable","12":"product-type-variable"},"acf":[],"_links":{"self":[{"href":"https:\/\/fumotpuff.com\/it\/wp-json\/wp\/v2\/product\/4767","targetHints":{"allow":["GET"]}}],"collection":[{"href":"https:\/\/fumotpuff.com\/it\/wp-json\/wp\/v2\/product"}],"about":[{"href":"https:\/\/fumotpuff.com\/it\/wp-json\/wp\/v2\/types\/product"}],"replies":[{"embeddable":true,"href":"https:\/\/fumotpuff.com\/it\/wp-json\/wp\/v2\/comments?post=4767"}],"wp:featuredmedia":[{"embeddable":true,"href":"https:\/\/fumotpuff.com\/it\/wp-json\/wp\/v2\/media\/4768"}],"wp:attachment":[{"href":"https:\/\/fumotpuff.com\/it\/wp-json\/wp\/v2\/media?parent=4767"}],"wp:term":[{"taxonomy":"product_brand","embeddable":true,"href":"https:\/\/fumotpuff.com\/it\/wp-json\/wp\/v2\/product_brand?post=4767"},{"taxonomy":"product_cat","embeddable":true,"href":"https:\/\/fumotpuff.com\/it\/wp-json\/wp\/v2\/product_cat?post=4767"},{"taxonomy":"product_tag","embeddable":true,"href":"https:\/\/fumotpuff.com\/it\/wp-json\/wp\/v2\/product_tag?post=4767"}],"curies":[{"name":"wp","href":"https:\/\/api.w.org\/{rel}","templated":true}]}}