{"id":4759,"date":"2025-11-18T09:05:20","date_gmt":"2025-11-18T08:05:20","guid":{"rendered":"https:\/\/fumotpuff.com\/?post_type=product&#038;p=4759"},"modified":"2025-11-18T09:05:20","modified_gmt":"2025-11-18T08:05:20","slug":"vozol-rave-40000-strawberry-watermelon","status":"publish","type":"product","link":"https:\/\/fumotpuff.com\/it\/prodotto\/vozol-rave-40000-strawberry-watermelon\/","title":{"rendered":"Vozol Rave 40000 Fragola Anguria"},"content":{"rendered":"<h2 class=\"font-claude-response-heading text-text-100 mt-1 -mb-0.5\">Vozol Rave 40000 Fragola e anguria Sigaretta elettronica usa e getta<\/h2>\n<p class=\"font-claude-response-body whitespace-normal break-words\">La Vozol Rave 40000 Strawberry Watermelon \u00e8 una sigaretta elettronica usa e getta ad alte prestazioni con una notevole capacit\u00e0 per il settore all'ingrosso. Il dispositivo brilla con uno spettacolare design luminoso a 270 gradi e una modalit\u00e0 party basata sulla musica per momenti di svapo unici. Con una capacit\u00e0 fino a 40.000 tiri, dotato di una potente batteria da 1000 mAh che raggiunge l'80% in soli 20 minuti grazie alla tecnologia di ricarica rapida, questo modello definisce nuovi standard. L'elegante animazione del vapore Eclipse e la concentrazione di nicotina di 50 mg\/ml rendono Strawberry Watermelon la scelta ideale per la distribuzione professionale di vaporizzatori usa e getta.<\/p>\n<h3 class=\"font-claude-response-subheading text-text-100 mt-1 -mb-1.5\">Strawberry Watermelon Note aromatiche e caratteristiche principali:<\/h3>\n<p class=\"font-claude-response-body whitespace-normal break-words\">VOZOL Rave 40000 Strawberry Watermelon combina succose fragole e rinfrescante anguria in un'esplosione di sapori estivi. Questa popolare combinazione di frutta offre un'esperienza di svapo leggera ma aromatica, particolarmente apprezzabile nelle giornate calde.<\/p>\n<p class=\"font-claude-response-body whitespace-normal break-words\">Le modalit\u00e0 operative flessibili offrono una personalizzazione ottimale: la modalit\u00e0 standard raggiunge fino a 40.000 tiri per un utilizzo a lungo termine, mentre la modalit\u00e0 turbo sviluppa la massima intensit\u00e0 di gusto a 25.000 tiri. L'impressionante display LED a 270\u00b0 controllato dalla musica si armonizza con le tue canzoni preferite e offre tre scenari luminosi selezionabili - Breathing, Beat e Off - per una messa in scena suggestiva.<\/p>\n<p class=\"font-claude-response-body whitespace-normal break-words\">L'innovativa tecnologia Dual Mesh Coil combina due bobine mesh collaborative per un gusto eccellente, nuvole di vapore dense e un rilascio di calore costante. Il sofisticato sistema a doppio chip MCU controlla in modo intelligente la potenza erogata, protegge dai danni termici e consente un'attivazione sensibile dello svapo. La regolazione personalizzabile del flusso d'aria consente di passare senza sforzo dalle varianti di vapore MTL e RDL.<\/p>\n<p class=\"font-claude-response-body whitespace-normal break-words\">La ricarica rapida USB-C ricarica la batteria da 1000 mAh all'80% in soli 20 minuti: perfetta per chi \u00e8 sempre in movimento e ha una giornata frenetica.<\/p>\n<p class=\"font-claude-response-body whitespace-normal break-words\">Con un contenuto di nicotina del 5% (50 mg\/ml), VOZOL Rave 40000 Strawberry Watermelon offre un potente colpo in gola e una saturazione di nicotina di lunga durata. Questa combinazione di tecnologia all'avanguardia, parametri personalizzabili e prestazioni affidabili lo rende una scelta eccellente per i vapers che cercano la qualit\u00e0.<\/p>\n<h3 class=\"font-claude-response-subheading text-text-100 mt-1 -mb-1.5\">Dati tecnici:<\/h3>\n<p class=\"font-claude-response-body whitespace-normal break-words\"><strong>Modello:<\/strong> Rave 40000 mosse<br \/>\n<strong>Sapore:<\/strong> Anguria e fragola<br \/>\n<strong>Tipo:<\/strong> Sigaretta elettronica monouso<br \/>\n<strong>Forza della nicotina:<\/strong> 50 mg\/ml<br \/>\n<strong>Capacit\u00e0 del liquido:<\/strong> 20 ml<br \/>\n<strong>Stile vapore:<\/strong> MTL<br \/>\n<strong>Batteria:<\/strong> 1000 mAh ricaricabile<br \/>\n<strong>Modalit\u00e0:<\/strong> Modalit\u00e0 doppia<br \/>\n<strong>Tipo di bobina:<\/strong> Bobina a doppia maglia<br \/>\n<strong>Caratteristica speciale:<\/strong> Design a 270\u00b0 con luce vibrante<br \/>\n<strong>Flusso d'aria:<\/strong> Flusso d'aria regolabile<br \/>\n<strong>Display:<\/strong> Display intelligente della batteria e dell'e-liquid<\/p>\n<h3 class=\"font-claude-response-subheading text-text-100 mt-1 -mb-1.5\">Scopri di pi\u00f9 VOZOL VAPE su fumotpuff<\/h3>\n<p class=\"font-claude-response-body whitespace-normal break-words\">Il tuo specialista in prodotti di alta qualit\u00e0 per lo svapo: <strong><a class=\"underline\" href=\"https:\/\/fumotpuff.com\/it\/\">fumotpuff<\/a><\/strong> vi offre sigarette elettroniche di prima qualit\u00e0 per ogni esigenza. Nella nostra vasta gamma <strong><a class=\"underline\" href=\"https:\/\/fumotpuff.com\/it\/product-category\/vozol-vape\/\">Categoria VOZOL VAPE<\/a><\/strong> troverete soluzioni innovative per lo svapo. La gamma completa dei gusti del Rave 40000 \u00e8 disponibile nel nostro <strong><a class=\"underline\" href=\"https:\/\/fumotpuff.com\/it\/product-category\/vozol-vape\/vozol-rave-40000\/\">Collezione Vozol Rave 40000<\/a><\/strong> per voi.<\/p>","protected":false},"excerpt":{"rendered":"<p class=\"font-claude-response-body whitespace-normal break-words\">Il Vozol Rave 40000 Strawberry Watermelon combina succose fragole con rinfrescante anguria. Con 20 ml di e-liquid e una batteria da 1000 mAh, raggiunge fino a 40.000 tiri. Doppia bobina mesh, display LED reattivo alla musica a 270\u00b0 e ricarica rapida USB-C (80% in 20 min.) per un piacere estivo.<\/p>","protected":false},"featured_media":4760,"comment_status":"open","ping_status":"closed","template":"","meta":{"_acf_changed":false},"product_brand":[],"product_cat":[52],"product_tag":[],"class_list":{"0":"post-4759","1":"product","2":"type-product","3":"status-publish","4":"has-post-thumbnail","6":"product_cat-vozol-rave-40000","8":"first","9":"instock","10":"shipping-taxable","11":"purchasable","12":"product-type-variable"},"acf":[],"_links":{"self":[{"href":"https:\/\/fumotpuff.com\/it\/wp-json\/wp\/v2\/product\/4759","targetHints":{"allow":["GET"]}}],"collection":[{"href":"https:\/\/fumotpuff.com\/it\/wp-json\/wp\/v2\/product"}],"about":[{"href":"https:\/\/fumotpuff.com\/it\/wp-json\/wp\/v2\/types\/product"}],"replies":[{"embeddable":true,"href":"https:\/\/fumotpuff.com\/it\/wp-json\/wp\/v2\/comments?post=4759"}],"wp:featuredmedia":[{"embeddable":true,"href":"https:\/\/fumotpuff.com\/it\/wp-json\/wp\/v2\/media\/4760"}],"wp:attachment":[{"href":"https:\/\/fumotpuff.com\/it\/wp-json\/wp\/v2\/media?parent=4759"}],"wp:term":[{"taxonomy":"product_brand","embeddable":true,"href":"https:\/\/fumotpuff.com\/it\/wp-json\/wp\/v2\/product_brand?post=4759"},{"taxonomy":"product_cat","embeddable":true,"href":"https:\/\/fumotpuff.com\/it\/wp-json\/wp\/v2\/product_cat?post=4759"},{"taxonomy":"product_tag","embeddable":true,"href":"https:\/\/fumotpuff.com\/it\/wp-json\/wp\/v2\/product_tag?post=4759"}],"curies":[{"name":"wp","href":"https:\/\/api.w.org\/{rel}","templated":true}]}}