{"id":4739,"date":"2025-11-18T08:52:31","date_gmt":"2025-11-18T07:52:31","guid":{"rendered":"https:\/\/fumotpuff.com\/?post_type=product&#038;p=4739"},"modified":"2025-11-18T08:52:48","modified_gmt":"2025-11-18T07:52:48","slug":"vozol-rave-40000-peach-ice","status":"publish","type":"product","link":"https:\/\/fumotpuff.com\/it\/prodotto\/vozol-rave-40000-peach-ice\/","title":{"rendered":"Vozol Rave 40000 Pesca ghiacciata"},"content":{"rendered":"<h2 class=\"font-claude-response-heading text-text-100 mt-1 -mb-0.5\">Vozol Rave 40000 Peach Ice Sigaretta elettronica usa e getta<\/h2>\n<p class=\"font-claude-response-body whitespace-normal break-words\">La Vozol Rave 40000 Peach Ice \u00e8 una sigaretta elettronica usa e getta di alta qualit\u00e0 con una capacit\u00e0 eccezionale, progettata appositamente per il mercato all'ingrosso. Il dispositivo presenta un innovativo design luminoso a 270 gradi e una modalit\u00e0 party sincronizzata con la musica che rende ogni sessione di svapo un'esperienza unica. Con un'autonomia fino a 40.000 tiri e una potente batteria da 1000 mAh che pu\u00f2 essere ricaricata all'80% in soli 20 minuti, questo modello offre la massima affidabilit\u00e0. L'elegante animazione Eclipse durante lo svapo e la concentrazione di nicotina di 50 mg\/ml rendono la Peach Ice la scelta perfetta per i fumatori esigenti all'ingrosso.<\/p>\n<h3 class=\"font-claude-response-subheading text-text-100 mt-1 -mb-1.5\">Peach Ice Profilo aromatico e caratteristiche principali:<\/h3>\n<p class=\"font-claude-response-body whitespace-normal break-words\">VOZOL Rave 40000 Peach Ice combina la dolcezza naturale delle succose pesche con un effetto rinfrescante che garantisce una piacevole freschezza ad ogni tiro. L'esperienza gustativa \u00e8 equilibrata e offre sia fruttato che freschezza, ideale per tutta la giornata.<\/p>\n<p class=\"font-claude-response-body whitespace-normal break-words\">Le due modalit\u00e0 di prestazione ti offrono il pieno controllo: scegli la modalit\u00e0 standard per un massimo di 40.000 tiri o attiva la modalit\u00e0 turbo per aromi pi\u00f9 intensi con 25.000 tiri. Lo spettacolare display LED Beat Sensing a 270\u00b0 reagisce alla musica e offre tre diverse modalit\u00e0 di illuminazione - Breathing, Beat e Off - per un'esperienza di svapo visivamente impressionante.<\/p>\n<p class=\"font-claude-response-body whitespace-normal break-words\">L'avanzata tecnologia Dual Mesh Coil, con due bobine mesh sincronizzate, garantisce un gusto intenso, un vapore voluminoso e una distribuzione costante del calore. L'intelligente sistema Dual MCU ottimizza le prestazioni del dispositivo, protegge dal surriscaldamento e garantisce una risposta automatica rapida. Grazie al controllo del flusso d'aria regolabile, \u00e8 possibile passare facilmente dallo stile di svapo MTL a quello RDL.<\/p>\n<p class=\"font-claude-response-body whitespace-normal break-words\">La funzione di ricarica rapida USB-C ricarica l'80% della batteria da 1000 mAh in soli 20 minuti: perfetta per chi \u00e8 sempre in viaggio e ha un'agenda fitta di impegni.<\/p>\n<p class=\"font-claude-response-body whitespace-normal break-words\">Con un contenuto di nicotina del 5% (50 mg\/ml), VOZOL Rave 40000 Peach Ice garantisce un soddisfacente colpo in gola e un effetto nicotina prolungato. Questa combinazione di tecnologia intelligente, impostazioni flessibili e prestazioni di prima classe lo rende la scelta ideale per gli amanti delle sigarette elettroniche usa e getta di alta qualit\u00e0.<\/p>\n<h3 class=\"font-claude-response-subheading text-text-100 mt-1 -mb-1.5\">Dati tecnici:<\/h3>\n<p class=\"font-claude-response-body whitespace-normal break-words\"><strong>Modello:<\/strong> Rave 40000 mosse<br \/>\n<strong>Sapore:<\/strong> Ghiaccio alla pesca<br \/>\n<strong>Tipo:<\/strong> Sigaretta elettronica monouso<br \/>\n<strong>Forza della nicotina:<\/strong> 50 mg\/ml<br \/>\n<strong>Capacit\u00e0 del liquido:<\/strong> 20 ml<br \/>\n<strong>Stile vapore:<\/strong> MTL<br \/>\n<strong>Batteria:<\/strong> 1000 mAh ricaricabile<br \/>\n<strong>Modalit\u00e0:<\/strong> Modalit\u00e0 doppia<br \/>\n<strong>Tipo di bobina:<\/strong> Bobina a doppia maglia<br \/>\n<strong>Caratteristica speciale:<\/strong> Design a 270\u00b0 con luce vibrante<br \/>\n<strong>Flusso d'aria:<\/strong> Flusso d'aria regolabile<br \/>\n<strong>Display:<\/strong> Display intelligente della batteria e dell'e-liquid<\/p>\n<h3 class=\"font-claude-response-subheading text-text-100 mt-1 -mb-1.5\">Scopri di pi\u00f9 VOZOL VAPE su fumotpuff<\/h3>\n<p class=\"font-claude-response-body whitespace-normal break-words\">Siete alla ricerca di sigarette elettroniche usa e getta di alta qualit\u00e0? Nel nostro <strong><a class=\"underline\" href=\"https:\/\/fumotpuff.com\/it\/\">negozio online fumotpuff<\/a><\/strong> troverete una vasta gamma di prodotti per tutti i gusti. Scoprite altri dispositivi innovativi per lo svapo nella nostra <strong><a class=\"underline\" href=\"https:\/\/fumotpuff.com\/it\/product-category\/vozol-vape\/\">Categoria VOZOL VAPE<\/a><\/strong> oppure scoprite tutte le varianti aromatiche nella <strong><a class=\"underline\" href=\"https:\/\/fumotpuff.com\/it\/product-category\/vozol-vape\/vozol-rave-40000\/\">Collezione Vozol Rave 40000<\/a><\/strong>.<\/p>","protected":false},"excerpt":{"rendered":"<p class=\"font-claude-response-body whitespace-normal break-words\">Il Vozol Rave 40000 Peach Ice combina succose pesche con una freschezza rinfrescante. Con 20 ml di e-liquido e una batteria da 1000 mAh, garantisce fino a 40.000 tiri. Le doppie bobine mesh, il display LED a 270\u00b0 con sincronizzazione musicale e la ricarica rapida USB-C (80% in 20 min.) assicurano un'esperienza di svapo premium.<\/p>","protected":false},"featured_media":4740,"comment_status":"open","ping_status":"closed","template":"","meta":{"_acf_changed":false},"product_brand":[],"product_cat":[52],"product_tag":[],"class_list":{"0":"post-4739","1":"product","2":"type-product","3":"status-publish","4":"has-post-thumbnail","6":"product_cat-vozol-rave-40000","8":"first","9":"instock","10":"shipping-taxable","11":"purchasable","12":"product-type-variable"},"acf":[],"_links":{"self":[{"href":"https:\/\/fumotpuff.com\/it\/wp-json\/wp\/v2\/product\/4739","targetHints":{"allow":["GET"]}}],"collection":[{"href":"https:\/\/fumotpuff.com\/it\/wp-json\/wp\/v2\/product"}],"about":[{"href":"https:\/\/fumotpuff.com\/it\/wp-json\/wp\/v2\/types\/product"}],"replies":[{"embeddable":true,"href":"https:\/\/fumotpuff.com\/it\/wp-json\/wp\/v2\/comments?post=4739"}],"wp:featuredmedia":[{"embeddable":true,"href":"https:\/\/fumotpuff.com\/it\/wp-json\/wp\/v2\/media\/4740"}],"wp:attachment":[{"href":"https:\/\/fumotpuff.com\/it\/wp-json\/wp\/v2\/media?parent=4739"}],"wp:term":[{"taxonomy":"product_brand","embeddable":true,"href":"https:\/\/fumotpuff.com\/it\/wp-json\/wp\/v2\/product_brand?post=4739"},{"taxonomy":"product_cat","embeddable":true,"href":"https:\/\/fumotpuff.com\/it\/wp-json\/wp\/v2\/product_cat?post=4739"},{"taxonomy":"product_tag","embeddable":true,"href":"https:\/\/fumotpuff.com\/it\/wp-json\/wp\/v2\/product_tag?post=4739"}],"curies":[{"name":"wp","href":"https:\/\/api.w.org\/{rel}","templated":true}]}}