{"id":473,"date":"2025-09-12T05:46:24","date_gmt":"2025-09-12T03:46:24","guid":{"rendered":"https:\/\/fumotpuff.com\/?post_type=product&#038;p=473"},"modified":"2025-09-12T05:46:25","modified_gmt":"2025-09-12T03:46:25","slug":"fumot-tornado-30k-music-cherry-ice","status":"publish","type":"product","link":"https:\/\/fumotpuff.com\/it\/prodotto\/fumot-tornado-30k-music-cherry-ice\/","title":{"rendered":"Fumot Tornado 30K Musica Ciliegia Ghiaccio"},"content":{"rendered":"<h2 class=\"text-xl font-bold text-text-100 mt-1 -mb-0.5\">Fumot Tornado 30K Music Cherry Ice sigaretta elettronica monouso<\/h2>\n<p class=\"whitespace-normal break-words\">Godetevi la classica combinazione di ciliegie dolci e freddo rinfrescante con Fumot Tornado 30K Music Cherry Ice. Questa sigaretta elettronica monouso di qualit\u00e0 superiore offre una straordinaria capacit\u00e0 di 30.000 puff, supportata da un'ampia capacit\u00e0 di e-liquid da 30 ml per un sapore duraturo.<\/p>\n<h3 class=\"text-lg font-bold text-text-100 mt-1 -mb-1.5\">Vantaggi speciali della versione Cherry Ice:<\/h3>\n<p class=\"whitespace-normal break-words\"><strong>Uso a lungo termine:<\/strong> Fino a 30.000 boccate per settimane di divertimento ininterrotto.<\/p>\n<p class=\"whitespace-normal break-words\"><strong>Potenza di nicotina individuale:<\/strong> Scelta tra la concentrazione di nicotina 2% e 5%.<\/p>\n<p class=\"whitespace-normal break-words\"><strong>Riempimento generoso:<\/strong> Volume dell'e-liquid di 30 ml per un uso prolungato.<\/p>\n<p class=\"whitespace-normal break-words\"><strong>Vaporizzazione altamente sviluppata:<\/strong> Bobina a 1,0\u03a9 di maglia per un trasferimento del sapore di prima classe.<\/p>\n<p class=\"whitespace-normal break-words\"><strong>Tecnologia affidabile delle batterie:<\/strong> Batteria da 600 mAh con ricarica efficiente di tipo C.<\/p>\n<p class=\"whitespace-normal break-words\"><strong>Integrazione audiovisiva:<\/strong> Illuminazione a LED sincronizzata con la riproduzione musicale.<\/p>\n<h3 class=\"text-lg font-bold text-text-100 mt-1 -mb-1.5\">Caratteristiche tecniche:<\/h3>\n<p class=\"whitespace-normal break-words\">\u2611 Contenuto di nicotina: 2% \/ 5%<br \/>\n\u2611 Treni massimi: 30.000<br \/>\nProfilo aromatico di Cherry Ice<br \/>\n\u2611 Capacit\u00e0 della batteria: 600mAh<br \/>\nVaporizzatore a rete da 1.0\u03a9<br \/>\nInterfaccia di ricarica Type-C<br \/>\n\u2611 LED dipendenti dal ritmo<\/p>\n<p class=\"whitespace-normal break-words\">Scoprite altre opzioni premium sul nostro <strong><a class=\"underline\" href=\"https:\/\/fumotpuff.com\/it\/\">Sito web principale<\/a><\/strong>esplorare l'intero <strong><a class=\"underline\" href=\"https:\/\/fumotpuff.com\/it\/product-category\/fumot-vape\/\">Offerta FUMOT VAPE<\/a><\/strong> o scegliere tra tutti <strong><a class=\"underline\" href=\"https:\/\/fumotpuff.com\/it\/product-category\/fumot-vape\/fumot-tornado-30k-music\/\">Fumot Tornado 30K Variazioni musicali<\/a><\/strong>.<\/p>","protected":false},"excerpt":{"rendered":"<div>\n<div class=\"grid-cols-1 grid gap-2.5 [&amp;_&gt;_*]:min-w-0 !gap-3.5\">\n<p class=\"whitespace-normal break-words\">Die Fumot Tornado 30K Music Cherry Ice Einweg-E-Zigarette vereint s\u00fc\u00dfe Kirschen mit erfrischender K\u00e4lte. Mit 30.000 Z\u00fcgen, 30ml E-Liquid und musiksynchroner LED-Beleuchtung bietet sie langanhaltenden Premium-Dampfgenuss f\u00fcr wochenlange Nutzung.<\/p>\n<\/div>\n<\/div>\n<div class=\"h-8\"><\/div>\n","protected":false},"featured_media":475,"comment_status":"open","ping_status":"closed","template":"","meta":{"_acf_changed":false},"product_brand":[],"product_cat":[20],"product_tag":[],"class_list":{"0":"post-473","1":"product","2":"type-product","3":"status-publish","4":"has-post-thumbnail","6":"product_cat-fumot-tornado-30k-music","8":"first","9":"instock","10":"shipping-taxable","11":"purchasable","12":"product-type-variable"},"acf":[],"_links":{"self":[{"href":"https:\/\/fumotpuff.com\/it\/wp-json\/wp\/v2\/product\/473","targetHints":{"allow":["GET"]}}],"collection":[{"href":"https:\/\/fumotpuff.com\/it\/wp-json\/wp\/v2\/product"}],"about":[{"href":"https:\/\/fumotpuff.com\/it\/wp-json\/wp\/v2\/types\/product"}],"replies":[{"embeddable":true,"href":"https:\/\/fumotpuff.com\/it\/wp-json\/wp\/v2\/comments?post=473"}],"wp:featuredmedia":[{"embeddable":true,"href":"https:\/\/fumotpuff.com\/it\/wp-json\/wp\/v2\/media\/475"}],"wp:attachment":[{"href":"https:\/\/fumotpuff.com\/it\/wp-json\/wp\/v2\/media?parent=473"}],"wp:term":[{"taxonomy":"product_brand","embeddable":true,"href":"https:\/\/fumotpuff.com\/it\/wp-json\/wp\/v2\/product_brand?post=473"},{"taxonomy":"product_cat","embeddable":true,"href":"https:\/\/fumotpuff.com\/it\/wp-json\/wp\/v2\/product_cat?post=473"},{"taxonomy":"product_tag","embeddable":true,"href":"https:\/\/fumotpuff.com\/it\/wp-json\/wp\/v2\/product_tag?post=473"}],"curies":[{"name":"wp","href":"https:\/\/api.w.org\/{rel}","templated":true}]}}