{"id":4399,"date":"2025-11-03T04:59:33","date_gmt":"2025-11-03T03:59:33","guid":{"rendered":"https:\/\/fumotpuff.com\/?post_type=product&#038;p=4399"},"modified":"2025-11-03T04:59:33","modified_gmt":"2025-11-03T03:59:33","slug":"bang-blaze-40000-strawberry-ice-cream-strawberry-vanilla","status":"publish","type":"product","link":"https:\/\/fumotpuff.com\/it\/prodotto\/bang-blaze-40000-strawberry-ice-cream-strawberry-vanilla\/","title":{"rendered":"Bang Blaze 40000 Gelato alla fragola\/Vaniglia alla fragola"},"content":{"rendered":"<h2 class=\"text-xl font-bold text-text-100 mt-1 -mb-0.5\">Bang Blaze 40000 Strawberry Ice Cream\/Strawberry Vanilla Vape usa e getta<\/h2>\n<p class=\"whitespace-normal break-words\">Scoprire il <strong>Bang Blaze 40000 puff sigaretta elettronica monouso<\/strong> con i gusti invitanti Strawberry Ice Cream e Strawberry Vanilla, che consentono fino a 40.000 tiri. Il dispositivo combina una generosa riserva di e-liquid da 40 ml con una potente batteria da 650 mAh per un piacere di svapo prolungato. Il rivoluzionario sistema Dual Flavor Slide consente di passare senza sforzo dal cremoso gusto Strawberry Ice Cream alla dolce variante Strawberry Vanilla. Dotato di una bobina a doppia maglia ad alte prestazioni (1,2 \u03a9) per un aroma intenso e un vapore morbido, disponibile in 4 opzioni di nicotina (0 %, 2 %, 3 %, 5 %). La ricarica rapida di tipo C ti mantiene sempre pronto.<\/p>\n<h3 class=\"text-lg font-bold text-text-100 mt-1 -mb-1.5\">Vantaggi di Bang Blaze 40000 Puffs Strawberry Ice Cream\/Strawberry Vanilla:<\/h3>\n<p class=\"whitespace-normal break-words\">Con ben 40.000 tiri, questo dispositivo stabilisce nuovi standard in termini di autonomia e garantisce settimane di svapo senza interruzioni. Il generoso serbatoio da 40 ml \u00e8 gi\u00e0 riempito e riduce notevolmente la necessit\u00e0 di riacquisti regolari. La batteria integrata da 650 mAh con funzione di ricarica garantisce prestazioni costanti durante un uso prolungato, mentre l'avanzata porta USB-C assicura una ricarica rapida.<\/p>\n<p class=\"whitespace-normal break-words\">La caratteristica principale \u00e8 senza dubbio l'innovativo selettore Dual Flavor, che consente di alternare istantaneamente due gusti contrastanti tramite un cursore. Provate la dolcezza ghiacciata dello Strawberry Ice Cream o godetevi la classica armonia dello Strawberry Vanilla, a seconda delle vostre preferenze. Questa tecnologia intelligente rende superfluo portare con s\u00e9 pi\u00f9 dispositivi ed \u00e8 ideale per i vapers che apprezzano la variet\u00e0 senza complicazioni.<\/p>\n<p class=\"whitespace-normal break-words\">La doppia bobina mesh da 1,2 \u03a9 \u00e8 stata progettata appositamente per produrre un vapore setoso e garantire un profilo aromatico corposo e stabile ad ogni inalazione. Questa sofisticata tecnologia delle bobine assicura prestazioni eccellenti e un aroma di alta qualit\u00e0 per tutta la durata di utilizzo.<\/p>\n<p class=\"whitespace-normal break-words\">Con quattro concentrazioni di nicotina disponibili \u2013 0 %, 2 %, 3 % e 5 % \u2013 il prodotto si rivolge a una vasta gamma di utenti, dalle varianti senza nicotina ai dosaggi pi\u00f9 forti. Questa variabilit\u00e0 consente un'esperienza di svapo completamente personalizzata in base alle proprie esigenze.<\/p>\n<h3 class=\"text-lg font-bold text-text-100 mt-1 -mb-1.5\">Specifiche tecniche:<\/h3>\n<p class=\"whitespace-normal break-words\"><strong>Numero di treni:<\/strong> Fino a 40.000 soffi<br \/>\n<strong>Volume del liquido elettronico:<\/strong> 40 ml<br \/>\n<strong>Concentrazioni di nicotina:<\/strong> 0 %, 2 %, 3 %, 5 %<br \/>\n<strong>Prestazioni della batteria:<\/strong> 650 mAh (ricaricabile)<br \/>\n<strong>Connessione di ricarica:<\/strong> Tipo-C<br \/>\n<strong>Vaporizzatore:<\/strong> Bobina a doppia maglia (1,2\u03a9)<br \/>\n<strong>Sistema di aromatizzazione:<\/strong> Interruttore a scorrimento a doppio gusto<br \/>\n<strong>Peso:<\/strong> Circa 120 g<\/p>\n<h3 class=\"text-lg font-bold text-text-100 mt-1 -mb-1.5\">Scopri altri BANG VAPE su fumotpuff<\/h3>\n<p class=\"whitespace-normal break-words\">Sfogliate il nostro <strong><a class=\"underline\" href=\"https:\/\/fumotpuff.com\/it\/\">Negozio online Fumot Puff<\/a><\/strong> per ulteriori prodotti di punta nel settore del vapore e scoprite la gamma completa <strong><a class=\"underline\" href=\"https:\/\/fumotpuff.com\/it\/product-category\/bang-vape\/\">Serie BANG VAPE<\/a><\/strong> con prodotti rivoluzionari. L'intera gamma di gusti della <strong><a class=\"underline\" href=\"https:\/\/fumotpuff.com\/it\/product-category\/bang-vape\/bang-blaze-40000\/\">Bang Blaze 40000 Linea<\/a><\/strong> \u00e8 pronto per voi.<\/p>","protected":false},"excerpt":{"rendered":"<p class=\"whitespace-normal break-words\">Bang Blaze 40000 Strawberry Ice Cream\/Strawberry Vanilla combina il cremoso gelato alla fragola con il classico gusto fragola e vaniglia. 40.000 tiri, 40 ml di e-liquid e doppio aroma per cambiare gusto all'istante. Dual Mesh Coil, batteria da 650 mAh, ricarica Type-C \u2013 disponibile in 4 livelli di nicotina.<\/p>","protected":false},"featured_media":4401,"comment_status":"open","ping_status":"closed","template":"","meta":{"_acf_changed":false},"product_brand":[],"product_cat":[48],"product_tag":[],"class_list":{"0":"post-4399","1":"product","2":"type-product","3":"status-publish","4":"has-post-thumbnail","6":"product_cat-bang-blaze-40000","8":"first","9":"instock","10":"shipping-taxable","11":"purchasable","12":"product-type-variable"},"acf":[],"_links":{"self":[{"href":"https:\/\/fumotpuff.com\/it\/wp-json\/wp\/v2\/product\/4399","targetHints":{"allow":["GET"]}}],"collection":[{"href":"https:\/\/fumotpuff.com\/it\/wp-json\/wp\/v2\/product"}],"about":[{"href":"https:\/\/fumotpuff.com\/it\/wp-json\/wp\/v2\/types\/product"}],"replies":[{"embeddable":true,"href":"https:\/\/fumotpuff.com\/it\/wp-json\/wp\/v2\/comments?post=4399"}],"wp:featuredmedia":[{"embeddable":true,"href":"https:\/\/fumotpuff.com\/it\/wp-json\/wp\/v2\/media\/4401"}],"wp:attachment":[{"href":"https:\/\/fumotpuff.com\/it\/wp-json\/wp\/v2\/media?parent=4399"}],"wp:term":[{"taxonomy":"product_brand","embeddable":true,"href":"https:\/\/fumotpuff.com\/it\/wp-json\/wp\/v2\/product_brand?post=4399"},{"taxonomy":"product_cat","embeddable":true,"href":"https:\/\/fumotpuff.com\/it\/wp-json\/wp\/v2\/product_cat?post=4399"},{"taxonomy":"product_tag","embeddable":true,"href":"https:\/\/fumotpuff.com\/it\/wp-json\/wp\/v2\/product_tag?post=4399"}],"curies":[{"name":"wp","href":"https:\/\/api.w.org\/{rel}","templated":true}]}}