{"id":4385,"date":"2025-11-03T04:54:29","date_gmt":"2025-11-03T03:54:29","guid":{"rendered":"https:\/\/fumotpuff.com\/?post_type=product&#038;p=4385"},"modified":"2025-11-03T04:54:30","modified_gmt":"2025-11-03T03:54:30","slug":"bang-blaze-40000-raspberry-watermelon-aloe-vera-grape","status":"publish","type":"product","link":"https:\/\/fumotpuff.com\/it\/prodotto\/bang-blaze-40000-raspberry-watermelon-aloe-vera-grape\/","title":{"rendered":"Bang Blaze 40000 Lampone Anguria\/Aloe Vera Uva"},"content":{"rendered":"<h2 class=\"text-xl font-bold text-text-100 mt-1 -mb-0.5\">Bang Blaze 40000 Lampone Anguria\/Aloe Vera Uva Vape usa e getta<\/h2>\n<p class=\"whitespace-normal break-words\">Il <strong>Bang Blaze 40000 puff sigaretta elettronica monouso<\/strong> Con gli aromi Raspberry Watermelon e Aloe Vera Grape, offre fino a 40.000 tiri e combina un imponente volume di e-liquid da 40 ml con una batteria ad alta energia da 650 mAh per un piacere di svapo duraturo. L'innovativo sistema Dual Flavor Slide consente di passare facilmente dal lato fruttato Raspberry Watermelon alla variante rinfrescante Aloe Vera Grape. Dotato di una bobina Dual Mesh (1,2 \u03a9) ad alte prestazioni per un aroma intenso e un vapore morbido, disponibile in 4 livelli di nicotina (0 %, 2 %, 3 %, 5 %). La ricarica rapida di tipo C garantisce tempi di inattivit\u00e0 minimi.<\/p>\n<h3 class=\"text-lg font-bold text-text-100 mt-1 -mb-1.5\">Vantaggi di Bang Blaze 40000 Puffs Lampone Anguria\/Aloe Vera Uva:<\/h3>\n<p class=\"whitespace-normal break-words\">Questo straordinario dispositivo offre ben 40.000 tiri, garantendo cos\u00ec diverse settimane di svapo ininterrotto. Riempito in fabbrica con 40 ml di e-liquid premium, \u00e8 stato progettato per un uso prolungato e riduce notevolmente la necessit\u00e0 di rifornimento. La batteria ricaricabile da 650 mAh garantisce prestazioni stabili per lunghi periodi, mentre la moderna porta USB-C consente una ricarica rapida.<\/p>\n<p class=\"whitespace-normal break-words\">Una caratteristica davvero eccezionale \u00e8 l'intelligente selettore a doppio gusto, che consente di passare immediatamente da un gusto all'altro con un semplice movimento. Goditi la succosa combinazione di lampone e anguria o passa alla rinfrescante composizione di aloe vera e uva, a seconda del tuo umore. Questa innovazione evita di dover portare con s\u00e9 pi\u00f9 dispositivi ed \u00e8 perfetta per i vapers esigenti che preferiscono la variet\u00e0 senza ingombri.<\/p>\n<p class=\"whitespace-normal break-words\">Il dispositivo \u00e8 dotato di una sofisticata bobina a doppia maglia con resistenza di 1,2 \u03a9, progettata specificamente per produrre un vapore cremoso e garantire un aroma pieno e costante ad ogni tiro. Questa moderna tecnologia di vaporizzazione garantisce prestazioni eccellenti e un gusto eccellente per tutta la durata del prodotto.<\/p>\n<p class=\"whitespace-normal break-words\">Con la possibilit\u00e0 di scegliere tra quattro livelli di nicotina \u2013 0 %, 2 %, 3 % o 5 % \u2013 questo sistema soddisfa un'ampia gamma di utenti, da chi desidera uno svapo completamente privo di nicotina a chi preferisce esperienze pi\u00f9 intense. Questa flessibilit\u00e0 consente un'esperienza di svapo personalizzata in base alle esigenze individuali.<\/p>\n<h3 class=\"text-lg font-bold text-text-100 mt-1 -mb-1.5\">Specifiche tecniche:<\/h3>\n<p class=\"whitespace-normal break-words\"><strong>Numero di treni:<\/strong> Fino a 40.000 soffi<br \/>\n<strong>Volume del liquido elettronico:<\/strong> 40 ml<br \/>\n<strong>Concentrazioni di nicotina:<\/strong> 0 %, 2 %, 3 %, 5 %<br \/>\n<strong>Prestazioni della batteria:<\/strong> 650 mAh (ricaricabile)<br \/>\n<strong>Connessione di ricarica:<\/strong> Tipo-C<br \/>\n<strong>Vaporizzatore:<\/strong> Bobina a doppia maglia (1,2\u03a9)<br \/>\n<strong>Sistema di aromatizzazione:<\/strong> Interruttore a scorrimento a doppio gusto<br \/>\n<strong>Peso:<\/strong> Circa 120 g<\/p>\n<h3 class=\"text-lg font-bold text-text-100 mt-1 -mb-1.5\">Scopri altri BANG VAPE su fumotpuff<\/h3>\n<p class=\"whitespace-normal break-words\">Esplorate il nostro <strong><a class=\"underline\" href=\"https:\/\/fumotpuff.com\/it\/\">Negozio online Fumot Puff<\/a><\/strong> altri prodotti di punta nel settore del vapore e scoprite la gamma completa <strong><a class=\"underline\" href=\"https:\/\/fumotpuff.com\/it\/product-category\/bang-vape\/\">Gamma BANG VAPE<\/a><\/strong> con innovazioni rivoluzionarie. Tutte le varianti aromatiche della <strong><a class=\"underline\" href=\"https:\/\/fumotpuff.com\/it\/product-category\/bang-vape\/bang-blaze-40000\/\">Famiglia Bang Blaze 40000<\/a><\/strong> attendono di essere scoperti.<\/p>","protected":false},"excerpt":{"rendered":"<p class=\"whitespace-normal break-words\">Il Bang Blaze 40000 Raspberry Watermelon\/Aloe Vera Grape combina il gusto fruttato del lampone e dell'anguria con quello rinfrescante dell'aloe e dell'uva. 40.000 tiri, 40 ml di e-liquid e doppio slide per cambiare gusto all'istante. Dual Mesh Coil, batteria da 650 mAh, ricarica Type-C \u2013 disponibile in 4 livelli di nicotina.<\/p>","protected":false},"featured_media":4387,"comment_status":"open","ping_status":"closed","template":"","meta":{"_acf_changed":false},"product_brand":[],"product_cat":[48],"product_tag":[],"class_list":{"0":"post-4385","1":"product","2":"type-product","3":"status-publish","4":"has-post-thumbnail","6":"product_cat-bang-blaze-40000","8":"first","9":"instock","10":"shipping-taxable","11":"purchasable","12":"product-type-variable"},"acf":[],"_links":{"self":[{"href":"https:\/\/fumotpuff.com\/it\/wp-json\/wp\/v2\/product\/4385","targetHints":{"allow":["GET"]}}],"collection":[{"href":"https:\/\/fumotpuff.com\/it\/wp-json\/wp\/v2\/product"}],"about":[{"href":"https:\/\/fumotpuff.com\/it\/wp-json\/wp\/v2\/types\/product"}],"replies":[{"embeddable":true,"href":"https:\/\/fumotpuff.com\/it\/wp-json\/wp\/v2\/comments?post=4385"}],"wp:featuredmedia":[{"embeddable":true,"href":"https:\/\/fumotpuff.com\/it\/wp-json\/wp\/v2\/media\/4387"}],"wp:attachment":[{"href":"https:\/\/fumotpuff.com\/it\/wp-json\/wp\/v2\/media?parent=4385"}],"wp:term":[{"taxonomy":"product_brand","embeddable":true,"href":"https:\/\/fumotpuff.com\/it\/wp-json\/wp\/v2\/product_brand?post=4385"},{"taxonomy":"product_cat","embeddable":true,"href":"https:\/\/fumotpuff.com\/it\/wp-json\/wp\/v2\/product_cat?post=4385"},{"taxonomy":"product_tag","embeddable":true,"href":"https:\/\/fumotpuff.com\/it\/wp-json\/wp\/v2\/product_tag?post=4385"}],"curies":[{"name":"wp","href":"https:\/\/api.w.org\/{rel}","templated":true}]}}