{"id":4371,"date":"2025-11-03T04:49:16","date_gmt":"2025-11-03T03:49:16","guid":{"rendered":"https:\/\/fumotpuff.com\/?post_type=product&#038;p=4371"},"modified":"2025-11-03T04:49:16","modified_gmt":"2025-11-03T03:49:16","slug":"bang-blaze-40000-pineapple-mango-pineapple-coconut-ice","status":"publish","type":"product","link":"https:\/\/fumotpuff.com\/it\/prodotto\/bang-blaze-40000-pineapple-mango-pineapple-coconut-ice\/","title":{"rendered":"Bang Blaze 40000 Ananas Mango\/Ananas Cocco Ghiacciato"},"content":{"rendered":"<h2 class=\"text-xl font-bold text-text-100 mt-1 -mb-0.5\">Bang Blaze 40000 Ananas Mango\/Ananas Cocco Ghiaccio Vape usa e getta<\/h2>\n<p class=\"whitespace-normal break-words\">Il <strong>Bang Blaze 40000 puff sigaretta elettronica monouso<\/strong> con gli aromi tropicali Pineapple Mango e Pineapple Coconut Ice offre fino a 40.000 tiri eccezionali. Il dispositivo combina un voluminoso serbatoio di e-liquid da 40 ml con una potente batteria da 650 mAh per un piacere di svapo di lunga durata. L'innovativo sistema Dual Flavor Slide consente di passare facilmente dalla composizione solare Pineapple Mango alla rinfrescante Pineapple Coconut Ice. Dotato di una potente bobina a doppia maglia (1,2 \u03a9) per un aroma intenso e un vapore vellutato, disponibile in 4 concentrazioni di nicotina (0 %, 2 %, 3 %, 5 %). La tecnologia di ricarica rapida di tipo C garantisce una rapida operativit\u00e0.<\/p>\n<h3 class=\"text-lg font-bold text-text-100 mt-1 -mb-1.5\">Vantaggi di Bang Blaze 40000 Puffs Pineapple Mango\/Pineapple Coconut Ice:<\/h3>\n<p class=\"whitespace-normal break-words\">Questo straordinario dispositivo offre ben 40.000 boccate, consentendo cos\u00ec un'esperienza di svapo senza interruzioni per diverse settimane. Precaricato con 40 ml di e-liquid di alta qualit\u00e0, \u00e8 progettato per garantire la massima durata e rende superflui frequenti acquisti di ricambi. La batteria ricaricabile da 650 mAh garantisce un'alimentazione costante durante sessioni prolungate, mentre la moderna porta USB-C assicura una ricarica rapida.<\/p>\n<p class=\"whitespace-normal break-words\">Una caratteristica eccezionale \u00e8 il meccanismo intelligente Dual Flavor, che consente di passare in un attimo da un gusto all'altro grazie alla funzione slide. Goditi la dolcezza tropicale dell'ananas e del mango o passa all'esperienza ghiacciata dell'ananas e del cocco: la scelta \u00e8 tutta tua. Questa soluzione innovativa elimina la necessit\u00e0 di avere pi\u00f9 dispositivi ed \u00e8 perfetta per gli appassionati di svapo che preferiscono variare i gusti senza complicazioni.<\/p>\n<p class=\"whitespace-normal break-words\">Il dispositivo \u00e8 dotato di una sofisticata bobina a doppia rete con impedenza di 1,2 \u03a9, appositamente progettata per creare un vapore morbido e offrire un aroma ricco e uniforme ad ogni boccata. Questo avanzato design dell'evaporatore garantisce prestazioni eccellenti e un'intensit\u00e0 di gusto straordinaria durante l'intero ciclo di utilizzo.<\/p>\n<p class=\"whitespace-normal break-words\">Con quattro livelli di nicotina selezionabili \u2013 0 %, 2 %, 3 % o 5 % \u2013 questo sistema copre un'ampia gamma di utenti, dalle opzioni completamente prive di nicotina alle varianti pi\u00f9 intense. Questa adattabilit\u00e0 consente a ogni utente di personalizzare la propria esperienza di svapo in base ai propri gusti personali.<\/p>\n<h3 class=\"text-lg font-bold text-text-100 mt-1 -mb-1.5\">Specifiche tecniche:<\/h3>\n<p class=\"whitespace-normal break-words\"><strong>Numero di treni:<\/strong> Fino a 40.000 soffi<br \/>\n<strong>Volume del liquido elettronico:<\/strong> 40 ml<br \/>\n<strong>Concentrazioni di nicotina:<\/strong> 0 %, 2 %, 3 %, 5 %<br \/>\n<strong>Prestazioni della batteria:<\/strong> 650 mAh (ricaricabile)<br \/>\n<strong>Connessione di ricarica:<\/strong> Tipo-C<br \/>\n<strong>Vaporizzatore:<\/strong> Bobina a doppia maglia (1,2\u03a9)<br \/>\n<strong>Sistema di aromatizzazione:<\/strong> Interruttore a scorrimento a doppio gusto<br \/>\n<strong>Peso:<\/strong> Circa 120 g<\/p>\n<h3 class=\"text-lg font-bold text-text-100 mt-1 -mb-1.5\">Scopri altri BANG VAPE su fumotpuff<\/h3>\n<p class=\"whitespace-normal break-words\">Visitate il nostro <strong><a class=\"underline\" href=\"https:\/\/fumotpuff.com\/it\/\">Negozio online Fumot Puff<\/a><\/strong> per altri prodotti premium per lo svapo e scopri la gamma completa <strong><a class=\"underline\" href=\"https:\/\/fumotpuff.com\/it\/product-category\/bang-vape\/\">Gamma di prodotti BANG VAPE<\/a><\/strong> con sistemi all'avanguardia. Tutti i gusti del <strong><a class=\"underline\" href=\"https:\/\/fumotpuff.com\/it\/product-category\/bang-vape\/bang-blaze-40000\/\">Bang Blaze serie 40000<\/a><\/strong> sono a vostra disposizione.<\/p>","protected":false},"excerpt":{"rendered":"<p class=\"whitespace-normal break-words\">Bang Blaze 40000 Pineapple Mango\/Pineapple Coconut Ice combina la dolcezza tropicale dell'ananas e del mango con una nota ghiacciata di cocco. 40.000 boccate, 40 ml di e-liquid e doppio slide per cambiare immediatamente il gusto. Dual Mesh Coil, batteria da 650 mAh, ricarica Type-C \u2013 disponibile in 4 livelli di nicotina.<\/p>","protected":false},"featured_media":4373,"comment_status":"open","ping_status":"closed","template":"","meta":{"_acf_changed":false},"product_brand":[],"product_cat":[48],"product_tag":[],"class_list":{"0":"post-4371","1":"product","2":"type-product","3":"status-publish","4":"has-post-thumbnail","6":"product_cat-bang-blaze-40000","8":"first","9":"instock","10":"shipping-taxable","11":"purchasable","12":"product-type-variable"},"acf":[],"_links":{"self":[{"href":"https:\/\/fumotpuff.com\/it\/wp-json\/wp\/v2\/product\/4371","targetHints":{"allow":["GET"]}}],"collection":[{"href":"https:\/\/fumotpuff.com\/it\/wp-json\/wp\/v2\/product"}],"about":[{"href":"https:\/\/fumotpuff.com\/it\/wp-json\/wp\/v2\/types\/product"}],"replies":[{"embeddable":true,"href":"https:\/\/fumotpuff.com\/it\/wp-json\/wp\/v2\/comments?post=4371"}],"wp:featuredmedia":[{"embeddable":true,"href":"https:\/\/fumotpuff.com\/it\/wp-json\/wp\/v2\/media\/4373"}],"wp:attachment":[{"href":"https:\/\/fumotpuff.com\/it\/wp-json\/wp\/v2\/media?parent=4371"}],"wp:term":[{"taxonomy":"product_brand","embeddable":true,"href":"https:\/\/fumotpuff.com\/it\/wp-json\/wp\/v2\/product_brand?post=4371"},{"taxonomy":"product_cat","embeddable":true,"href":"https:\/\/fumotpuff.com\/it\/wp-json\/wp\/v2\/product_cat?post=4371"},{"taxonomy":"product_tag","embeddable":true,"href":"https:\/\/fumotpuff.com\/it\/wp-json\/wp\/v2\/product_tag?post=4371"}],"curies":[{"name":"wp","href":"https:\/\/api.w.org\/{rel}","templated":true}]}}