{"id":4357,"date":"2025-11-03T04:42:33","date_gmt":"2025-11-03T03:42:33","guid":{"rendered":"https:\/\/fumotpuff.com\/?post_type=product&#038;p=4357"},"modified":"2025-11-03T04:42:47","modified_gmt":"2025-11-03T03:42:47","slug":"bang-blaze-40000-kiwi-passion-fruit-guava-blueberry-cherry","status":"publish","type":"product","link":"https:\/\/fumotpuff.com\/it\/prodotto\/bang-blaze-40000-kiwi-passion-fruit-guava-blueberry-cherry\/","title":{"rendered":"Bang Blaze 40000 Kiwi Frutto della Passione Guava\/Ciliegia Mirtillo"},"content":{"rendered":"<h2 class=\"text-xl font-bold text-text-100 mt-1 -mb-0.5\">Bang Blaze 40000 Kiwi Passion Fruit Guava\/Blueberry Cherry Vape usa e getta<\/h2>\n<p class=\"whitespace-normal break-words\">Il <strong>Bang Blaze 40000 puff sigaretta elettronica monouso<\/strong> Con gli aromi kiwi, frutto della passione, guava e mirtillo ciliegia, offre fino a 40.000 boccate e combina un imponente volume di 40 ml di e-liquid con una batteria ad alta energia da 650 mAh per un piacere di svapo duraturo. L'innovativo sistema Dual Flavor Slide consente di passare facilmente dalla miscela esotica di kiwi, frutto della passione e guava alla classica variante mirtillo e ciliegia. Dotato di una bobina a doppia maglia ad alte prestazioni (1,2 \u03a9) per un aroma intenso e un vapore morbido, disponibile in 4 livelli di nicotina (0 %, 2 %, 3 %, 5 %). La ricarica rapida di tipo C garantisce tempi di inattivit\u00e0 minimi.<\/p>\n<h3 class=\"text-lg font-bold text-text-100 mt-1 -mb-1.5\">Vantaggi di Bang Blaze 40000 Puffs Kiwi Passion Fruit Guava\/Blueberry Cherry:<\/h3>\n<p class=\"whitespace-normal break-words\">Questo straordinario dispositivo offre ben 40.000 tiri, garantendo cos\u00ec diverse settimane di svapo senza interruzioni. Riempito in fabbrica con 40 ml di e-liquid premium, \u00e8 stato progettato per un uso prolungato e riduce al minimo la necessit\u00e0 di rifornimento. La batteria ricaricabile da 650 mAh garantisce prestazioni stabili per lunghi periodi, mentre la moderna porta USB-C consente una ricarica rapida.<\/p>\n<p class=\"whitespace-normal break-words\">Una caratteristica davvero eccezionale \u00e8 l'intelligente selettore a doppio gusto, che consente di passare immediatamente da un universo di sapori all'altro con un semplice movimento. Godetevi la trinit\u00e0 tropicale di kiwi, frutto della passione e guava oppure alternate con la composizione fruttata di mirtillo e ciliegia, a seconda dell'umore. Questa innovazione evita di dover portare con s\u00e9 pi\u00f9 dispositivi ed \u00e8 perfetta per i vapers esigenti che preferiscono la variet\u00e0 senza ingombri.<\/p>\n<p class=\"whitespace-normal break-words\">Il dispositivo \u00e8 dotato di una sofisticata bobina a doppia maglia con resistenza di 1,2 \u03a9, progettata specificamente per produrre un vapore cremoso e garantire un aroma pieno e costante ad ogni tiro. Questa moderna tecnologia di vaporizzazione garantisce prestazioni eccellenti e un gusto eccellente per tutta la durata del prodotto.<\/p>\n<p class=\"whitespace-normal break-words\">Con la possibilit\u00e0 di scegliere tra quattro livelli di nicotina \u2013 0 %, 2 %, 3 % o 5 % \u2013 questo sistema soddisfa un'ampia gamma di utenti, da chi desidera uno svapo completamente privo di nicotina a chi preferisce esperienze pi\u00f9 intense. Questa flessibilit\u00e0 consente un'esperienza di svapo personalizzata in base alle esigenze individuali.<\/p>\n<h3 class=\"text-lg font-bold text-text-100 mt-1 -mb-1.5\">Specifiche tecniche:<\/h3>\n<p class=\"whitespace-normal break-words\"><strong>Numero di treni:<\/strong> Fino a 40.000 soffi<br \/>\n<strong>Volume del liquido elettronico:<\/strong> 40 ml<br \/>\n<strong>Concentrazioni di nicotina:<\/strong> 0 %, 2 %, 3 %, 5 %<br \/>\n<strong>Prestazioni della batteria:<\/strong> 650 mAh (ricaricabile)<br \/>\n<strong>Connessione di ricarica:<\/strong> Tipo-C<br \/>\n<strong>Vaporizzatore:<\/strong> Bobina a doppia maglia (1,2\u03a9)<br \/>\n<strong>Sistema di aromatizzazione:<\/strong> Interruttore a scorrimento a doppio gusto<br \/>\n<strong>Peso:<\/strong> Circa 120 g<\/p>\n<h3 class=\"text-lg font-bold text-text-100 mt-1 -mb-1.5\">Scopri altri BANG VAPE su fumotpuff<\/h3>\n<p class=\"whitespace-normal break-words\">Date un'occhiata al nostro <strong><a class=\"underline\" href=\"https:\/\/fumotpuff.com\/it\/\">Negozio online Fumot Puff<\/a><\/strong> per altri prodotti di svapo premium e scopri l'intera gamma <strong><a class=\"underline\" href=\"https:\/\/fumotpuff.com\/it\/product-category\/bang-vape\/\">Portafoglio BANG VAPE<\/a><\/strong> con soluzioni innovative. La gamma completa di aromi della <strong><a class=\"underline\" href=\"https:\/\/fumotpuff.com\/it\/product-category\/bang-vape\/bang-blaze-40000\/\">Bang Blaze serie 40000<\/a><\/strong> attende di essere scoperto.<\/p>","protected":false},"excerpt":{"rendered":"<p class=\"whitespace-normal break-words\">Il Bang Blaze 40000 Kiwi Passion Fruit Guava\/Blueberry Cherry unisce l'esotismo tropicale con una nota fruttata di bacche. 40.000 tiri, 40 ml di e-liquid e Dual Flavor Slide per cambiare gusto senza sforzo. Dual Mesh Coil, batteria da 650 mAh, ricarica Type-C \u2013 disponibile in 4 livelli di nicotina.<\/p>","protected":false},"featured_media":4359,"comment_status":"open","ping_status":"closed","template":"","meta":{"_acf_changed":false},"product_brand":[],"product_cat":[48],"product_tag":[],"class_list":{"0":"post-4357","1":"product","2":"type-product","3":"status-publish","4":"has-post-thumbnail","6":"product_cat-bang-blaze-40000","8":"first","9":"instock","10":"shipping-taxable","11":"purchasable","12":"product-type-variable"},"acf":[],"_links":{"self":[{"href":"https:\/\/fumotpuff.com\/it\/wp-json\/wp\/v2\/product\/4357","targetHints":{"allow":["GET"]}}],"collection":[{"href":"https:\/\/fumotpuff.com\/it\/wp-json\/wp\/v2\/product"}],"about":[{"href":"https:\/\/fumotpuff.com\/it\/wp-json\/wp\/v2\/types\/product"}],"replies":[{"embeddable":true,"href":"https:\/\/fumotpuff.com\/it\/wp-json\/wp\/v2\/comments?post=4357"}],"wp:featuredmedia":[{"embeddable":true,"href":"https:\/\/fumotpuff.com\/it\/wp-json\/wp\/v2\/media\/4359"}],"wp:attachment":[{"href":"https:\/\/fumotpuff.com\/it\/wp-json\/wp\/v2\/media?parent=4357"}],"wp:term":[{"taxonomy":"product_brand","embeddable":true,"href":"https:\/\/fumotpuff.com\/it\/wp-json\/wp\/v2\/product_brand?post=4357"},{"taxonomy":"product_cat","embeddable":true,"href":"https:\/\/fumotpuff.com\/it\/wp-json\/wp\/v2\/product_cat?post=4357"},{"taxonomy":"product_tag","embeddable":true,"href":"https:\/\/fumotpuff.com\/it\/wp-json\/wp\/v2\/product_tag?post=4357"}],"curies":[{"name":"wp","href":"https:\/\/api.w.org\/{rel}","templated":true}]}}