{"id":4350,"date":"2025-11-03T04:38:32","date_gmt":"2025-11-03T03:38:32","guid":{"rendered":"https:\/\/fumotpuff.com\/?post_type=product&#038;p=4350"},"modified":"2025-11-03T04:38:33","modified_gmt":"2025-11-03T03:38:33","slug":"bang-blaze-40000-gummy-bear-raspberry-black-glitter","status":"publish","type":"product","link":"https:\/\/fumotpuff.com\/it\/prodotto\/bang-blaze-40000-gummy-bear-raspberry-black-glitter\/","title":{"rendered":"Bang Blaze 40000 orsetto gommoso\/ lampone nero glitterato"},"content":{"rendered":"<h2 class=\"text-xl font-bold text-text-100 mt-1 -mb-0.5\">Bang Blaze 40000 Gummy Bear\/Raspberry Black Glitter Vape usa e getta<\/h2>\n<p class=\"whitespace-normal break-words\">Con il <strong>Bang Blaze 40000 puff sigaretta elettronica monouso<\/strong> Nei gusti Gummy Bear e Raspberry Black Glitter potrete godervi fino a 40.000 boccate di prima qualit\u00e0. Il dispositivo combina un generoso serbatoio di e-liquid da 40 ml con una robusta batteria da 650 mAh per momenti di svapo prolungati. L'avanzato sistema Dual Flavor Slide ti consente di passare rapidamente dalla dolce variante Gummy Bear alla glamour Raspberry Black Glitter. Dotato di una bobina a doppia maglia premium (1,2 \u03a9) per un aroma distintivo e un vapore vellutato, disponibile in 4 varianti di nicotina (0 %, 2 %, 3 %, 5 %). La ricarica rapida di tipo C garantisce brevi intervalli di ricarica.<\/p>\n<h3 class=\"text-lg font-bold text-text-100 mt-1 -mb-1.5\">Vantaggi di Bang Blaze 40000 Puffs Gummy Bear\/Raspberry Black Glitter:<\/h3>\n<p class=\"whitespace-normal break-words\">Con ben 40.000 tiri, questo prodotto ridefinisce il concetto di durata e consente un'esperienza di svapo senza interruzioni per settimane. Il serbatoio pre-riempito da 40 ml di e-liquid \u00e8 calcolato per garantire la massima durata d'uso ed elimina la necessit\u00e0 di frequenti acquisti di ricambi. La batteria integrata da 650 mAh con funzione di ricarica fornisce energia continua per lunghe sessioni di svapo, mentre la moderna porta USB-C consente una ricarica rapidissima.<\/p>\n<p class=\"whitespace-normal break-words\">Il fiore all'occhiello di questo dispositivo \u00e8 senza dubbio il sofisticato meccanismo di selezione Dual Flavor, che consente di passare istantaneamente da un gusto all'altro tramite un comando a scorrimento. Immergetevi nella dolcezza nostalgica dei Gummy Bear o passate alla scintillante esperienza Raspberry Black Glitter, a seconda delle vostre preferenze. Questa tecnologia evita di dover portare con s\u00e9 numerosi dispositivi ed \u00e8 ideale per i vapers che apprezzano la diversit\u00e0 senza complicazioni.<\/p>\n<p class=\"whitespace-normal break-words\">La doppia bobina mesh integrata con resistenza da 1,2 \u03a9 \u00e8 stata appositamente progettata per generare un vapore soffice e offrire un'esperienza di gusto ricca e omogenea ad ogni boccata. Questa sofisticata tecnologia di vaporizzazione garantisce una funzionalit\u00e0 ottimale e un aroma di alta qualit\u00e0 per tutta la durata di funzionamento.<\/p>\n<p class=\"whitespace-normal break-words\">Grazie alle quattro concentrazioni di nicotina selezionabili \u2013 0 %, 2 %, 3 % e 5 % \u2013 il dispositivo si rivolge a diverse categorie di utenti, dalle alternative senza nicotina ai dosaggi pi\u00f9 intensi. Questa adattabilit\u00e0 consente un'esperienza di svapo completamente personalizzata in base ai gusti personali.<\/p>\n<h3 class=\"text-lg font-bold text-text-100 mt-1 -mb-1.5\">Specifiche tecniche:<\/h3>\n<p class=\"whitespace-normal break-words\"><strong>Numero di treni:<\/strong> Fino a 40.000 soffi<br \/>\n<strong>Volume del liquido elettronico:<\/strong> 40 ml<br \/>\n<strong>Concentrazioni di nicotina:<\/strong> 0 %, 2 %, 3 %, 5 %<br \/>\n<strong>Prestazioni della batteria:<\/strong> 650 mAh (ricaricabile)<br \/>\n<strong>Connessione di ricarica:<\/strong> Tipo-C<br \/>\n<strong>Vaporizzatore:<\/strong> Bobina a doppia maglia (1,2\u03a9)<br \/>\n<strong>Sistema di aromatizzazione:<\/strong> Interruttore a scorrimento a doppio gusto<br \/>\n<strong>Peso:<\/strong> Circa 120 g<\/p>\n<h3 class=\"text-lg font-bold text-text-100 mt-1 -mb-1.5\">Scopri altri BANG VAPE su fumotpuff<\/h3>\n<p class=\"whitespace-normal break-words\">Esplorate il nostro <strong><a class=\"underline\" href=\"https:\/\/fumotpuff.com\/it\/\">Negozio online Fumot Puff<\/a><\/strong> altri articoli di alta qualit\u00e0 per la vaporizzazione e sfoglia l'intera gamma <strong><a class=\"underline\" href=\"https:\/\/fumotpuff.com\/it\/product-category\/bang-vape\/\">Selezione BANG VAPE<\/a><\/strong> con tecnologie innovative. Tutte le varianti di gusto della <strong><a class=\"underline\" href=\"https:\/\/fumotpuff.com\/it\/product-category\/bang-vape\/bang-blaze-40000\/\">Collezione Bang Blaze 40000<\/a><\/strong> sono pronti per voi.<\/p>","protected":false},"excerpt":{"rendered":"<p class=\"whitespace-normal break-words\">Il Bang Blaze 40000 Gummy Bear\/Raspberry Black Glitter unisce la dolcezza nostalgica degli orsetti gommosi al glamour dei glitter al lampone. 40.000 tiri, 40 ml di e-liquid e doppio aroma per cambiare gusto all'istante. Dual Mesh Coil, batteria da 650 mAh, ricarica Type-C \u2013 disponibile in 4 livelli di nicotina.<\/p>","protected":false},"featured_media":4352,"comment_status":"open","ping_status":"closed","template":"","meta":{"_acf_changed":false},"product_brand":[],"product_cat":[48],"product_tag":[],"class_list":{"0":"post-4350","1":"product","2":"type-product","3":"status-publish","4":"has-post-thumbnail","6":"product_cat-bang-blaze-40000","8":"first","9":"instock","10":"shipping-taxable","11":"purchasable","12":"product-type-variable"},"acf":[],"_links":{"self":[{"href":"https:\/\/fumotpuff.com\/it\/wp-json\/wp\/v2\/product\/4350","targetHints":{"allow":["GET"]}}],"collection":[{"href":"https:\/\/fumotpuff.com\/it\/wp-json\/wp\/v2\/product"}],"about":[{"href":"https:\/\/fumotpuff.com\/it\/wp-json\/wp\/v2\/types\/product"}],"replies":[{"embeddable":true,"href":"https:\/\/fumotpuff.com\/it\/wp-json\/wp\/v2\/comments?post=4350"}],"wp:featuredmedia":[{"embeddable":true,"href":"https:\/\/fumotpuff.com\/it\/wp-json\/wp\/v2\/media\/4352"}],"wp:attachment":[{"href":"https:\/\/fumotpuff.com\/it\/wp-json\/wp\/v2\/media?parent=4350"}],"wp:term":[{"taxonomy":"product_brand","embeddable":true,"href":"https:\/\/fumotpuff.com\/it\/wp-json\/wp\/v2\/product_brand?post=4350"},{"taxonomy":"product_cat","embeddable":true,"href":"https:\/\/fumotpuff.com\/it\/wp-json\/wp\/v2\/product_cat?post=4350"},{"taxonomy":"product_tag","embeddable":true,"href":"https:\/\/fumotpuff.com\/it\/wp-json\/wp\/v2\/product_tag?post=4350"}],"curies":[{"name":"wp","href":"https:\/\/api.w.org\/{rel}","templated":true}]}}