{"id":4329,"date":"2025-11-03T04:30:06","date_gmt":"2025-11-03T03:30:06","guid":{"rendered":"https:\/\/fumotpuff.com\/?post_type=product&#038;p=4329"},"modified":"2025-11-03T04:30:06","modified_gmt":"2025-11-03T03:30:06","slug":"bang-blaze-40000-beach-sex-raspberry-watermelon","status":"publish","type":"product","link":"https:\/\/fumotpuff.com\/it\/prodotto\/bang-blaze-40000-beach-sex-raspberry-watermelon\/","title":{"rendered":"Bang Blaze 40000 Beach Sex\/Anguria al lampone"},"content":{"rendered":"<h2 class=\"text-xl font-bold text-text-100 mt-1 -mb-0.5\">Bang Blaze 40000 Beach Sex\/Raspberry Watermelon Vape usa e getta<\/h2>\n<p class=\"whitespace-normal break-words\">Esperienza con il <strong>Bang Blaze 40000 puff sigaretta elettronica monouso<\/strong> nei gusti Beach Sex e Raspberry Watermelon per un massimo di 40.000 boccate eccezionali. Con un generoso serbatoio di e-liquid da 40 ml e un'affidabile batteria da 650 mAh con funzione di ricarica, potrete godervi momenti di svapo di lunga durata. Il pionieristico sistema a scorrimento a doppio aroma consente di passare senza sforzo dalla variante tropicale Beach Sex all'opzione fruttata e fresca Raspberry Watermelon. La doppia bobina integrata (1,2\u03a9) garantisce un sapore intenso e un vapore vellutato. Disponibile in 4 livelli di nicotina (0 %, 2 %, 3 %, 5 %) e dotata di ricarica rapida Type-C.<\/p>\n<h3 class=\"text-lg font-bold text-text-100 mt-1 -mb-1.5\">Caratteristiche speciali del Bang Blaze 40000 Beach Sex\/Raspberry Watermelon:<\/h3>\n<p class=\"whitespace-normal break-words\">Questo eccezionale dispositivo offre una fenomenale durata di 40.000 puff, consentendo di svapare per diverse settimane senza compromessi. Riempito in fabbrica con 40 ml di e-liquid premium, \u00e8 stato progettato per garantire il massimo tempo di utilizzo e rende obsoleti i frequenti nuovi acquisti. La batteria ricaricabile da 650 mAh offre un'alimentazione sempre affidabile per sessioni di svapo prolungate, mentre il sistema di ricarica rapida USB-C riduce al minimo i tempi di inattivit\u00e0.<\/p>\n<p class=\"whitespace-normal break-words\">Un punto di forza assoluto \u00e8 l'intelligente interruttore a doppio gusto, che consente di passare in un attimo da un profilo di gusto all'altro. Immergetevi nell'esotico mondo del sesso da spiaggia o passate al succoso sapore di anguria e lampone: la decisione spetta a voi. Questo meccanismo innovativo elimina la necessit\u00e0 di portare con s\u00e9 pi\u00f9 dispositivi ed \u00e8 ideale per i vapers pi\u00f9 esigenti che amano la variet\u00e0.<\/p>\n<p class=\"whitespace-normal break-words\">Il dispositivo \u00e8 dotato di un'avanzata bobina a doppia maglia con resistenza da 1,2\u03a9, appositamente progettata per produrre un vapore omogeneo e offrire un sapore ricco e costante a ogni boccata. Questa avanzata tecnologia di vaporizzazione garantisce prestazioni ottimali e un'eccezionale qualit\u00e0 del sapore per tutta la durata del prodotto.<\/p>\n<p class=\"whitespace-normal break-words\">Con una scelta di quattro intensit\u00e0 di nicotina - 0 %, 2 %, 3 % o 5 % - questo dispositivo soddisfa un'ampia gamma di preferenze dell'utente, dal vaping completamente privo di nicotina alle esperienze pi\u00f9 intense. Questa flessibilit\u00e0 consente a ciascun utente di personalizzare la propria esperienza di svapo in base alle proprie esigenze personali.<\/p>\n<h3 class=\"text-lg font-bold text-text-100 mt-1 -mb-1.5\">Specifiche tecniche:<\/h3>\n<p class=\"whitespace-normal break-words\"><strong>Numero di treni:<\/strong> Fino a 40.000 soffi<br \/>\n<strong>Volume del liquido elettronico:<\/strong> 40 ml<br \/>\n<strong>Concentrazioni di nicotina:<\/strong> 0 %, 2 %, 3 %, 5 %<br \/>\n<strong>Prestazioni della batteria:<\/strong> 650 mAh (ricaricabile)<br \/>\n<strong>Connessione di ricarica:<\/strong> Tipo-C<br \/>\n<strong>Vaporizzatore:<\/strong> Bobina a doppia maglia (1,2\u03a9)<br \/>\n<strong>Sistema di aromatizzazione:<\/strong> Interruttore a scorrimento a doppio gusto<br \/>\n<strong>Peso:<\/strong> Circa 120 g<\/p>\n<h3 class=\"text-lg font-bold text-text-100 mt-1 -mb-1.5\">Scopri altri BANG VAPE su fumotpuff<\/h3>\n<p class=\"whitespace-normal break-words\">Visitate il nostro <strong><a class=\"underline\" href=\"https:\/\/fumotpuff.com\/it\/\">Negozio online Fumot Puff<\/a><\/strong> per altri prodotti di vaping di prima classe e scoprire la gamma completa di <strong><a class=\"underline\" href=\"https:\/\/fumotpuff.com\/it\/product-category\/bang-vape\/\">Gamma di prodotti BANG VAPE<\/a><\/strong> con sistemi all'avanguardia. Tutti i gusti del <strong><a class=\"underline\" href=\"https:\/\/fumotpuff.com\/it\/product-category\/bang-vape\/bang-blaze-40000\/\">Bang Blaze serie 40000<\/a><\/strong> sono a vostra disposizione.<\/p>","protected":false},"excerpt":{"rendered":"<p class=\"whitespace-normal break-words\">Bang Blaze 40000 Beach Sex\/Raspberry Watermelon offre 40.000 boccate con due gusti esotici. Passa senza sforzo dal tropicale Beach Sex al fruttato Raspberry Watermelon. 40 ml di e-liquido, doppia bobina, batteria da 650 mAh, ricarica Type-C - disponibile in 4 gradazioni di nicotina.<\/p>","protected":false},"featured_media":4331,"comment_status":"open","ping_status":"closed","template":"","meta":{"_acf_changed":false},"product_brand":[],"product_cat":[48],"product_tag":[],"class_list":{"0":"post-4329","1":"product","2":"type-product","3":"status-publish","4":"has-post-thumbnail","6":"product_cat-bang-blaze-40000","8":"first","9":"instock","10":"shipping-taxable","11":"purchasable","12":"product-type-variable"},"acf":[],"_links":{"self":[{"href":"https:\/\/fumotpuff.com\/it\/wp-json\/wp\/v2\/product\/4329","targetHints":{"allow":["GET"]}}],"collection":[{"href":"https:\/\/fumotpuff.com\/it\/wp-json\/wp\/v2\/product"}],"about":[{"href":"https:\/\/fumotpuff.com\/it\/wp-json\/wp\/v2\/types\/product"}],"replies":[{"embeddable":true,"href":"https:\/\/fumotpuff.com\/it\/wp-json\/wp\/v2\/comments?post=4329"}],"wp:featuredmedia":[{"embeddable":true,"href":"https:\/\/fumotpuff.com\/it\/wp-json\/wp\/v2\/media\/4331"}],"wp:attachment":[{"href":"https:\/\/fumotpuff.com\/it\/wp-json\/wp\/v2\/media?parent=4329"}],"wp:term":[{"taxonomy":"product_brand","embeddable":true,"href":"https:\/\/fumotpuff.com\/it\/wp-json\/wp\/v2\/product_brand?post=4329"},{"taxonomy":"product_cat","embeddable":true,"href":"https:\/\/fumotpuff.com\/it\/wp-json\/wp\/v2\/product_cat?post=4329"},{"taxonomy":"product_tag","embeddable":true,"href":"https:\/\/fumotpuff.com\/it\/wp-json\/wp\/v2\/product_tag?post=4329"}],"curies":[{"name":"wp","href":"https:\/\/api.w.org\/{rel}","templated":true}]}}