{"id":3723,"date":"2025-10-25T09:17:49","date_gmt":"2025-10-25T07:17:49","guid":{"rendered":"https:\/\/fumotpuff.com\/?post_type=product&#038;p=3723"},"modified":"2025-10-25T09:17:49","modified_gmt":"2025-10-25T07:17:49","slug":"bang-king-50000-strawberry-watermelon-black-dragon-ice","status":"publish","type":"product","link":"https:\/\/fumotpuff.com\/it\/prodotto\/bang-king-50000-strawberry-watermelon-black-dragon-ice\/","title":{"rendered":"Bang King 50000 Anguria fragola\/Ghiaccio drago nero"},"content":{"rendered":"<h2 class=\"text-xl font-bold text-text-100 mt-1 -mb-0.5\">Bang King 50000 Strawberry Watermelon\/Black Dragon Ice vape usa e getta<\/h2>\n<p class=\"whitespace-normal break-words\">Il <strong>Bang King 50000 sigaretta elettronica usa e getta<\/strong> con i gusti Strawberry Watermelon e Black Dragon Ice offre un'eccitante combinazione di dolcezza fruttata e mistico effetto di raffreddamento. Questo dispositivo ad alte prestazioni eroga ben 50.000 boccate e ha una capacit\u00e0 di 50 ml di liquido premium. Scegliete tra il gusto estivo alla fragola e al cocomero o l'intenso gusto Black Dragon Ice con il suo caratteristico effetto rinfrescante. L'avanzata coil a maglia da 1,0 \u03a9 garantisce un'esperienza di aroma completa, mentre la batteria da 850 mAh con ricarica rapida Type-C assicura una disponibilit\u00e0 continua. Il chiaro display LCD e il flusso d'aria regolabile consentono un controllo preciso dell'esperienza di svapo.<\/p>\n<h3 class=\"text-lg font-bold text-text-100 mt-1 -mb-1.5\">Caratteristiche del Bang King 50000 Strawberry Watermelon\/Black Dragon Ice:<\/h3>\n<p class=\"whitespace-normal break-words\">Sperimentate un'eccezionale durata con fino a 50.000 boccate per dispositivo - una prestazione al top tra le sigarette elettroniche usa e getta. La generosa capacit\u00e0 di 50 ml di liquido \u00e8 riempita in fabbrica ed elimina la necessit\u00e0 di ricarica. L'affidabile batteria da 850 mAh garantisce un vapore costante e di alta qualit\u00e0 dalla prima all'ultima boccata.<\/p>\n<p class=\"whitespace-normal break-words\">Con la possibilit\u00e0 di scegliere tra 0%, 2%, 3% o 5% di nicotina, si ha il pieno controllo dell'assunzione di nicotina. Sia che si voglia svapare senza nicotina, che si voglia ridurre gradualmente o che si preferisca un tiro potente, Bang King 50000 soddisfa tutte le esigenze.<\/p>\n<p class=\"whitespace-normal break-words\">Il design elegante e maneggevole rende questo vape il perfetto compagno di tutti i giorni. I profili aromatici contrastanti - la dolce miscela di fragola e anguria e il misterioso black dragon ice con un intenso effetto rinfrescante - offrono una variet\u00e0 entusiasmante per i vapers che amano sperimentare.<\/p>\n<h3 class=\"text-lg font-bold text-text-100 mt-1 -mb-1.5\">Dati tecnici:<\/h3>\n<p class=\"whitespace-normal break-words\"><strong>Numero di treni:<\/strong> Fino a 50.000 soffi<br \/>\n<strong>Vaporizzatore:<\/strong> Bobina a maglia da 1,0 Ohm<br \/>\n<strong>Volume del liquido:<\/strong> 50 ml<br \/>\n<strong>Forza della nicotina:<\/strong> 0% \/ 2% \/ 3% \/ 5%<br \/>\n<strong>Capacit\u00e0 della batteria:<\/strong> 850 mAh<br \/>\n<strong>Funzione di ricarica:<\/strong> Ricaricabile di tipo C<br \/>\n<strong>Display:<\/strong> Display digitale LCD<br \/>\n<strong>Profili di gusto:<\/strong> Doppio gusto<\/p>\n<h3 class=\"text-lg font-bold text-text-100 mt-1 -mb-1.5\">Scopri altri BANG VAPE su fumotpuff<\/h3>\n<p class=\"whitespace-normal break-words\">Volete scoprire altri prodotti per il vaping di alta qualit\u00e0? Scoprite di pi\u00f9 sul nostro <strong><a class=\"underline\" href=\"https:\/\/fumotpuff.com\/it\/\">Pagina iniziale<\/a><\/strong> sulle ultime tendenze e sulle interessanti offerte di risparmio. Potete trovare l'intera gamma di prodotti BANG con tutte le specifiche tecniche nel nostro sito web <strong><a class=\"underline\" href=\"https:\/\/fumotpuff.com\/it\/product-category\/bang-vape\/\">Categoria BANG VAPE<\/a><\/strong> chiaramente organizzato. Tutte le 12 varianti di gusto del Bang King 50000 sono in attesa nel <strong><a class=\"underline\" href=\"https:\/\/fumotpuff.com\/it\/product-category\/bang-vape\/bang-king-50000\/\">Collezione Bang King 50000<\/a><\/strong> alla vostra scoperta.<\/p>","protected":false},"excerpt":{"rendered":"<p class=\"whitespace-normal break-words\">Bang King 50000 Strawberry Watermelon\/Black Dragon Ice combina due sapori contrastanti: l'estiva anguria alla fragola e il mistico black dragon ice con un intenso effetto di raffreddamento. Con 50.000 boccate, 50 ml di e-liquid, batteria da 850 mAh, bobina a rete da 1,0\u03a9, display LCD e ricarica Type-C, questa sigaretta elettronica monouso offre dolcezza fruttata e intensit\u00e0 ghiacciata.<\/p>","protected":false},"featured_media":3724,"comment_status":"open","ping_status":"closed","template":"","meta":{"_acf_changed":false},"product_brand":[],"product_cat":[40],"product_tag":[],"class_list":{"0":"post-3723","1":"product","2":"type-product","3":"status-publish","4":"has-post-thumbnail","6":"product_cat-bang-king-50000","8":"first","9":"instock","10":"shipping-taxable","11":"purchasable","12":"product-type-variable"},"acf":[],"_links":{"self":[{"href":"https:\/\/fumotpuff.com\/it\/wp-json\/wp\/v2\/product\/3723","targetHints":{"allow":["GET"]}}],"collection":[{"href":"https:\/\/fumotpuff.com\/it\/wp-json\/wp\/v2\/product"}],"about":[{"href":"https:\/\/fumotpuff.com\/it\/wp-json\/wp\/v2\/types\/product"}],"replies":[{"embeddable":true,"href":"https:\/\/fumotpuff.com\/it\/wp-json\/wp\/v2\/comments?post=3723"}],"wp:featuredmedia":[{"embeddable":true,"href":"https:\/\/fumotpuff.com\/it\/wp-json\/wp\/v2\/media\/3724"}],"wp:attachment":[{"href":"https:\/\/fumotpuff.com\/it\/wp-json\/wp\/v2\/media?parent=3723"}],"wp:term":[{"taxonomy":"product_brand","embeddable":true,"href":"https:\/\/fumotpuff.com\/it\/wp-json\/wp\/v2\/product_brand?post=3723"},{"taxonomy":"product_cat","embeddable":true,"href":"https:\/\/fumotpuff.com\/it\/wp-json\/wp\/v2\/product_cat?post=3723"},{"taxonomy":"product_tag","embeddable":true,"href":"https:\/\/fumotpuff.com\/it\/wp-json\/wp\/v2\/product_tag?post=3723"}],"curies":[{"name":"wp","href":"https:\/\/api.w.org\/{rel}","templated":true}]}}