{"id":3716,"date":"2025-10-25T09:15:25","date_gmt":"2025-10-25T07:15:25","guid":{"rendered":"https:\/\/fumotpuff.com\/?post_type=product&#038;p=3716"},"modified":"2025-10-25T09:15:26","modified_gmt":"2025-10-25T07:15:26","slug":"bang-king-50000-strawberry-mango-strawberry-kiwi","status":"publish","type":"product","link":"https:\/\/fumotpuff.com\/it\/prodotto\/bang-king-50000-strawberry-mango-strawberry-kiwi\/","title":{"rendered":"Bang King 50000 Fragola Mango\/Fragola Kiwi"},"content":{"rendered":"<h2 class=\"text-xl font-bold text-text-100 mt-1 -mb-0.5\">Bang King 50000 Fragola Mango\/Strawberry Kiwi vape monouso<\/h2>\n<p class=\"whitespace-normal break-words\">Il <strong>Bang King 50000 sigaretta elettronica usa e getta<\/strong> con i gusti fruttati Strawberry Mango e Strawberry Kiwi \u00e8 perfetto per gli amanti dei sapori tropicali. Con un'eccezionale capacit\u00e0 di 50.000 puff e 50 ml di e-liquid di alta qualit\u00e0, questo dispositivo offre settimane di piacere di svapo. La tecnologia a doppio gusto consente di passare spontaneamente dall'esotica miscela fragola-mango alla rinfrescante combinazione fragola-kiwi. Dotato di una precisa coil a mesh da 1,0 \u03a9 e di una batteria ricaricabile da 850 mAh, offre autentici sapori di frutta e prestazioni affidabili. La funzione di ricarica Type-C, il flusso d'aria regolabile e lo schermo LCD informativo completano il concetto generale ben studiato.<\/p>\n<h3 class=\"text-lg font-bold text-text-100 mt-1 -mb-1.5\">Vantaggi di Bang King 50000 Strawberry Mango\/Strawberry Kiwi:<\/h3>\n<p class=\"whitespace-normal break-words\">Beneficiate di un massimo di 50.000 boccate - una delle prestazioni pi\u00f9 impressionanti nel settore dei vape usa e getta. Il liquido da 50 ml \u00e8 pronto per l'uso fin dall'inizio e non richiede alcuna ricarica per tutto il periodo di utilizzo. La potente batteria da 850 mAh assicura una produzione di vapore stabile e costante fino all'ultimo utilizzo.<\/p>\n<p class=\"whitespace-normal break-words\">Le opzioni di nicotina vanno da 0% a 2% e da 3% a 5%, offrendo la soluzione giusta per ogni tipo di vaper. Che siate neofiti, fumatori occasionali o utenti esperti, troverete il vostro dosaggio di nicotina ideale.<\/p>\n<p class=\"whitespace-normal break-words\">Grazie al suo design compatto e facile da usare, Bang King 50000 si adatta facilmente a qualsiasi tasca. I due gusti a base di fragola, uno abbinato al mango tropicale e l'altro al kiwi, sono facili da alternare e offrono una variet\u00e0 fruttata per ogni giorno.<\/p>\n<h3 class=\"text-lg font-bold text-text-100 mt-1 -mb-1.5\">Dati tecnici:<\/h3>\n<p class=\"whitespace-normal break-words\"><strong>Numero di treni:<\/strong> Fino a 50.000 soffi<br \/>\n<strong>Vaporizzatore:<\/strong> Bobina a maglia da 1,0 Ohm<br \/>\n<strong>Volume del liquido:<\/strong> 50 ml<br \/>\n<strong>Forza della nicotina:<\/strong> 0% \/ 2% \/ 3% \/ 5%<br \/>\n<strong>Capacit\u00e0 della batteria:<\/strong> 850 mAh<br \/>\n<strong>Funzione di ricarica:<\/strong> Ricaricabile di tipo C<br \/>\n<strong>Display:<\/strong> Display digitale LCD<br \/>\n<strong>Profili di gusto:<\/strong> Doppio gusto<\/p>\n<h3 class=\"text-lg font-bold text-text-100 mt-1 -mb-1.5\">Scopri altri BANG VAPE su fumotpuff<\/h3>\n<p class=\"whitespace-normal break-words\">Volete ottimizzare ulteriormente la vostra esperienza di vaping? Visitate il nostro <strong><a class=\"underline\" href=\"https:\/\/fumotpuff.com\/it\/\">Pagina iniziale<\/a><\/strong> per le ultime innovazioni di prodotto e le campagne di sconti esclusivi. Nel nostro dettagliato <strong><a class=\"underline\" href=\"https:\/\/fumotpuff.com\/it\/product-category\/bang-vape\/\">Categoria BANG VAPE<\/a><\/strong> presentiamo tutti i modelli BANG disponibili con descrizioni complete. Potete esplorare comodamente l'intera selezione di sapori del Bang King 50000 nel nostro sito <strong><a class=\"underline\" href=\"https:\/\/fumotpuff.com\/it\/product-category\/bang-vape\/bang-king-50000\/\">Collezione Bang King 50000<\/a><\/strong>.<\/p>","protected":false},"excerpt":{"rendered":"<p class=\"whitespace-normal break-words\">Bang King 50000 Strawberry Mango\/Strawberry Kiwi offre 50.000 boccate con due gusti fruttati alla fragola: mango tropicale alla fragola e kiwi alla fragola. Con 50 ml di e-liquid, batteria da 850 mAh, bobina da 1,0\u03a9, display LCD e ricarica Type-C, questa sigaretta elettronica monouso offre autentici sapori di frutta e un divertimento versatile ed esotico.<\/p>","protected":false},"featured_media":3717,"comment_status":"open","ping_status":"closed","template":"","meta":{"_acf_changed":false},"product_brand":[],"product_cat":[40],"product_tag":[],"class_list":{"0":"post-3716","1":"product","2":"type-product","3":"status-publish","4":"has-post-thumbnail","6":"product_cat-bang-king-50000","8":"first","9":"instock","10":"shipping-taxable","11":"purchasable","12":"product-type-variable"},"acf":[],"_links":{"self":[{"href":"https:\/\/fumotpuff.com\/it\/wp-json\/wp\/v2\/product\/3716","targetHints":{"allow":["GET"]}}],"collection":[{"href":"https:\/\/fumotpuff.com\/it\/wp-json\/wp\/v2\/product"}],"about":[{"href":"https:\/\/fumotpuff.com\/it\/wp-json\/wp\/v2\/types\/product"}],"replies":[{"embeddable":true,"href":"https:\/\/fumotpuff.com\/it\/wp-json\/wp\/v2\/comments?post=3716"}],"wp:featuredmedia":[{"embeddable":true,"href":"https:\/\/fumotpuff.com\/it\/wp-json\/wp\/v2\/media\/3717"}],"wp:attachment":[{"href":"https:\/\/fumotpuff.com\/it\/wp-json\/wp\/v2\/media?parent=3716"}],"wp:term":[{"taxonomy":"product_brand","embeddable":true,"href":"https:\/\/fumotpuff.com\/it\/wp-json\/wp\/v2\/product_brand?post=3716"},{"taxonomy":"product_cat","embeddable":true,"href":"https:\/\/fumotpuff.com\/it\/wp-json\/wp\/v2\/product_cat?post=3716"},{"taxonomy":"product_tag","embeddable":true,"href":"https:\/\/fumotpuff.com\/it\/wp-json\/wp\/v2\/product_tag?post=3716"}],"curies":[{"name":"wp","href":"https:\/\/api.w.org\/{rel}","templated":true}]}}