{"id":3709,"date":"2025-10-25T09:13:00","date_gmt":"2025-10-25T07:13:00","guid":{"rendered":"https:\/\/fumotpuff.com\/?post_type=product&#038;p=3709"},"modified":"2025-10-25T09:13:00","modified_gmt":"2025-10-25T07:13:00","slug":"bang-king-50000-strawberry-mango-watermelon-bubble-gum","status":"publish","type":"product","link":"https:\/\/fumotpuff.com\/it\/prodotto\/bang-king-50000-strawberry-mango-watermelon-bubble-gum\/","title":{"rendered":"Bang King 50000 Gomma da masticare alla fragola, mango e cocomero"},"content":{"rendered":"<div data-test-render-count=\"2\">\n<div>\n<div class=\"group  relative pb-8\" data-is-streaming=\"false\">\n<div class=\"font-claude-response  relative  leading-[1.65rem]  [&amp;_pre&gt;div]:bg-bg-000\/50  [&amp;_pre&gt;div]:border-0.5  [&amp;_pre&gt;div]:border-border-400  [&amp;_.ignore-pre-bg&gt;div]:bg-transparent  [&amp;_.standard-markdown_:is(p,blockquote,h1,h2,h3,h4,h5,h6)]:pl-2  [&amp;_.standard-markdown_:is(p,blockquote,ul,ol,h1,h2,h3,h4,h5,h6)]:pr-8  [&amp;_.progressive-markdown_:is(p,blockquote,h1,h2,h3,h4,h5,h6)]:pl-2  [&amp;_.progressive-markdown_:is(p,blockquote,ul,ol,h1,h2,h3,h4,h5,h6)]:pr-8\">\n<div>\n<div class=\"grid-cols-1 grid gap-2.5 [&amp;_&gt;_*]:min-w-0 standard-markdown\">\n<h2 class=\"text-xl font-bold text-text-100 mt-1 -mb-0.5\">Bang King 50000 Strawberry Mango\/Watermelon Bubble Gum Einweg-Vape<\/h2>\n<p class=\"whitespace-normal break-words\">Die <strong>Bang King 50000 Einweg-E-Zigarette<\/strong> mit den au\u00dfergew\u00f6hnlichen Geschmacksrichtungen Strawberry Mango und Watermelon Bubble Gum bietet ein verspieltes Dampferlebnis. Dieses leistungsstarke Ger\u00e4t stellt beeindruckende 50.000 Z\u00fcge zur Verf\u00fcgung und verf\u00fcgt \u00fcber eine 50-ml-Premium-Liquidf\u00fcllung. Wechseln Sie zwischen der tropischen Erdbeer-Mango-Kombination und dem nostalgischen Wassermelonen-Kaugummi-Aroma nach Belieben. Die hocheffiziente 1,0-\u03a9-Mesh-Coil extrahiert jeden Hauch von Geschmack, w\u00e4hrend der 850-mAh-Akku mit Type-C-Schnellladung permanente Verf\u00fcgbarkeit garantiert. Das intuitive LCD-Display, der verstellbare Airflow und die robuste Verarbeitung machen die Bang King 50000 zur perfekten Wahl f\u00fcr anspruchsvolle Dampfer.<\/p>\n<h3 class=\"text-lg font-bold text-text-100 mt-1 -mb-1.5\">Highlights der Bang King 50000 Strawberry Mango\/Watermelon Bubble Gum:<\/h3>\n<p class=\"whitespace-normal break-words\">Diese Einweg-Vape bietet eine au\u00dfergew\u00f6hnliche Nutzungsdauer von bis zu 50.000 Z\u00fcgen \u2013 ideal f\u00fcr alle, die Wert auf Langlebigkeit legen. Die gro\u00dfz\u00fcgige 50-ml-Liquidkapazit\u00e4t ist werksseitig installiert und macht Nachf\u00fcllen \u00fcberfl\u00fcssig. Der leistungsstarke 850-mAh-Akku sorgt f\u00fcr durchg\u00e4ngig konstante Dampfqualit\u00e4t \u00fcber die gesamte Produktlebensdauer hinweg.<\/p>\n<\/div>\n<\/div>\n<\/div>\n<\/div>\n<\/div>\n<\/div>\n<div data-test-render-count=\"1\">\n<div class=\"group  relative pb-3\" data-is-streaming=\"false\">\n<div class=\"font-claude-response  relative  leading-[1.65rem]  [&amp;_pre&gt;div]:bg-bg-000\/50  [&amp;_pre&gt;div]:border-0.5  [&amp;_pre&gt;div]:border-border-400  [&amp;_.ignore-pre-bg&gt;div]:bg-transparent  [&amp;_.standard-markdown_:is(p,blockquote,h1,h2,h3,h4,h5,h6)]:pl-2  [&amp;_.standard-markdown_:is(p,blockquote,ul,ol,h1,h2,h3,h4,h5,h6)]:pr-8  [&amp;_.progressive-markdown_:is(p,blockquote,h1,h2,h3,h4,h5,h6)]:pl-2  [&amp;_.progressive-markdown_:is(p,blockquote,ul,ol,h1,h2,h3,h4,h5,h6)]:pr-8\">\n<div class=\"grid-cols-1 grid gap-2.5 [&amp;_&gt;_*]:min-w-0 standard-markdown\">\n<p class=\"whitespace-normal break-words\">Mit vier verf\u00fcgbaren Nikotinst\u00e4rken \u2013 0%, 2%, 3% oder 5% \u2013 k\u00f6nnen Sie Ihre Dampferfahrung pr\u00e4zise an Ihre Vorlieben anpassen. Ob Sie nikotinfrei genie\u00dfen oder einen intensiveren Nikotinkick bevorzugen, hier finden Sie die optimale Einstellung.<\/p>\n<p class=\"whitespace-normal break-words\">Das schlanke, moderne Design macht die Bang King 50000 zum idealen Begleiter f\u00fcr jeden Tag. Die beiden au\u00dfergew\u00f6hnlichen Geschmacksrichtungen \u2013 tropisch-s\u00fc\u00dfe Erdbeer-Mango-Note und die nostalgische Wassermelonen-Kaugummi-Variante \u2013 sorgen f\u00fcr Abwechslung und spielerischen Dampfgenuss.<\/p>\n<h3 class=\"text-lg font-bold text-text-100 mt-1 -mb-1.5\">Technische Daten:<\/h3>\n<p class=\"whitespace-normal break-words\"><strong>Zuganzahl:<\/strong> Bis zu 50.000 Puffs<br \/>\n<strong>Verdampfer:<\/strong> Mesh-Coil 1,0 Ohm<br \/>\n<strong>Liquidvolumen:<\/strong> 50 ml<br \/>\n<strong>Nikotinst\u00e4rke:<\/strong> 0% \/ 2% \/ 3% \/ 5%<br \/>\n<strong>Batteriekapazit\u00e4t:<\/strong> 850 mAh<br \/>\n<strong>Ladefunktion:<\/strong> Type-C wiederaufladbar<br \/>\n<strong>Anzeige:<\/strong> LCD-Digital-Display<br \/>\n<strong>Geschmacksprofile:<\/strong> Dualer Geschmack<\/p>\n<h3 class=\"text-lg font-bold text-text-100 mt-1 -mb-1.5\">Mehr BANG VAPE bei fumotpuff entdecken<\/h3>\n<p class=\"whitespace-normal break-words\">Sind Sie auf der Suche nach noch mehr Vaping-Vielfalt? Schauen Sie regelm\u00e4\u00dfig auf unserer <strong><a class=\"underline\" href=\"https:\/\/fumotpuff.com\/\">Startseite<\/a><\/strong> vorbei, um keine limitierten Editionen oder Sonderangebote zu verpassen. Die gesamte Produktpalette von BANG finden Sie strukturiert in unserer <strong><a class=\"underline\" href=\"https:\/\/fumotpuff.com\/product-category\/bang-vape\/\">BANG VAPE Kategorie<\/a><\/strong> mit allen wichtigen Produktinformationen. Entdecken Sie die volle Geschmacksvielfalt mit allen 12 Varianten in der <strong><a class=\"underline\" href=\"https:\/\/fumotpuff.com\/product-category\/bang-vape\/bang-king-50000\/\">Bang King 50000 Kollektion<\/a><\/strong>.<\/p>\n<\/div>\n<\/div>\n<\/div>\n<\/div>\n","protected":false},"excerpt":{"rendered":"<p class=\"whitespace-normal break-words\">Bang King 50000 Strawberry Mango\/Watermelon Bubble Gum offre 50.000 boccate con due sapori giocosi: il tropicale mango alla fragola e il nostalgico bubble gum all'anguria. Con 50 ml di e-liquid, batteria da 850 mAh, bobina da 1,0\u03a9, display LCD e ricarica Type-C, questa sigaretta elettronica monouso offre un dolce sapore di frutta e un divertimento eccezionale.<\/p>","protected":false},"featured_media":3710,"comment_status":"open","ping_status":"closed","template":"","meta":{"_acf_changed":false},"product_brand":[],"product_cat":[40],"product_tag":[],"class_list":{"0":"post-3709","1":"product","2":"type-product","3":"status-publish","4":"has-post-thumbnail","6":"product_cat-bang-king-50000","8":"first","9":"instock","10":"shipping-taxable","11":"purchasable","12":"product-type-variable"},"acf":[],"_links":{"self":[{"href":"https:\/\/fumotpuff.com\/it\/wp-json\/wp\/v2\/product\/3709","targetHints":{"allow":["GET"]}}],"collection":[{"href":"https:\/\/fumotpuff.com\/it\/wp-json\/wp\/v2\/product"}],"about":[{"href":"https:\/\/fumotpuff.com\/it\/wp-json\/wp\/v2\/types\/product"}],"replies":[{"embeddable":true,"href":"https:\/\/fumotpuff.com\/it\/wp-json\/wp\/v2\/comments?post=3709"}],"wp:featuredmedia":[{"embeddable":true,"href":"https:\/\/fumotpuff.com\/it\/wp-json\/wp\/v2\/media\/3710"}],"wp:attachment":[{"href":"https:\/\/fumotpuff.com\/it\/wp-json\/wp\/v2\/media?parent=3709"}],"wp:term":[{"taxonomy":"product_brand","embeddable":true,"href":"https:\/\/fumotpuff.com\/it\/wp-json\/wp\/v2\/product_brand?post=3709"},{"taxonomy":"product_cat","embeddable":true,"href":"https:\/\/fumotpuff.com\/it\/wp-json\/wp\/v2\/product_cat?post=3709"},{"taxonomy":"product_tag","embeddable":true,"href":"https:\/\/fumotpuff.com\/it\/wp-json\/wp\/v2\/product_tag?post=3709"}],"curies":[{"name":"wp","href":"https:\/\/api.w.org\/{rel}","templated":true}]}}