{"id":3681,"date":"2025-10-25T09:03:16","date_gmt":"2025-10-25T07:03:16","guid":{"rendered":"https:\/\/fumotpuff.com\/?post_type=product&#038;p=3681"},"modified":"2025-10-25T09:03:16","modified_gmt":"2025-10-25T07:03:16","slug":"bang-king-50000-blueberry-raspberry-mixed-berry","status":"publish","type":"product","link":"https:\/\/fumotpuff.com\/it\/prodotto\/bang-king-50000-blueberry-raspberry-mixed-berry\/","title":{"rendered":"Bang King 50000 Mirtillo lampone\/bacche miste"},"content":{"rendered":"<h2 class=\"text-xl font-bold text-text-100 mt-1 -mb-0.5\">Bang King 50000 Mirtillo lampone\/bacche miste Vape usa e getta<\/h2>\n<p class=\"whitespace-normal break-words\">Il <strong>Bang King 50000 sigaretta elettronica usa e getta<\/strong> nei gusti Blueberry Raspberry e Mixed Berry \u00e8 un sogno per tutti gli amanti della frutta. Questo potente dispositivo offre la fenomenale capacit\u00e0 di 50.000 puff con una capacit\u00e0 di 50 ml di e-liquid di alta qualit\u00e0. Passate senza fatica dalla combinazione di mirtillo e lampone o godetevi il mix multistrato di bacche miste. La tecnologia avanzata della bobina a maglia da 1,0 \u03a9 assicura sapori di frutta autentici, mentre la batteria ricaricabile da 850 mAh garantisce prestazioni di lunga durata. Grazie al flusso d'aria regolabile, alla ricarica rapida Type-C e al chiaro display LCD, avrete sempre il pieno controllo della vostra esperienza di svapo.<\/p>\n<h3 class=\"text-lg font-bold text-text-100 mt-1 -mb-1.5\">Punti di forza di Bang King 50000 Blueberry Raspberry\/Mixed Berry:<\/h3>\n<p class=\"whitespace-normal break-words\">Sperimentate un'eccezionale resistenza con fino a 50.000 soffi per unit\u00e0. La generosa capacit\u00e0 di 50 ml di liquido \u00e8 integrata fin dall'inizio e rende superflua la ricarica. La potente batteria da 850 mAh garantisce una qualit\u00e0 del vapore costante per tutta la durata del prodotto.<\/p>\n<p class=\"whitespace-normal break-words\">\u00c8 possibile scegliere tra quattro gradazioni di nicotina: 0%, 2%, 3% o 5%. Questa gamma consente di controllare con precisione l'assunzione di nicotina, sia che si voglia ridurre gradualmente o mantenere il livello abituale.<\/p>\n<p class=\"whitespace-normal break-words\">Il design sottile e facile da usare di Bang King 50000 lo rende il compagno perfetto per tutti i giorni. I due gusti di bacche - il fruttato e aspro mirtillo e lampone o la complessa composizione di bacche miste - possono essere cambiati al volo e offrono un piacere versatile per tutti i gusti.<\/p>\n<h3 class=\"text-lg font-bold text-text-100 mt-1 -mb-1.5\">Dati tecnici:<\/h3>\n<p class=\"whitespace-normal break-words\"><strong>Numero di treni:<\/strong> Fino a 50.000 soffi<br \/>\n<strong>Vaporizzatore:<\/strong> Bobina a maglia da 1,0 Ohm<br \/>\n<strong>Volume del liquido:<\/strong> 50 ml<br \/>\n<strong>Forza della nicotina:<\/strong> 0% \/ 2% \/ 3% \/ 5%<br \/>\n<strong>Capacit\u00e0 della batteria:<\/strong> 850 mAh<br \/>\n<strong>Funzione di ricarica:<\/strong> Ricaricabile di tipo C<br \/>\n<strong>Display:<\/strong> Display digitale LCD<br \/>\n<strong>Profili di gusto:<\/strong> Doppio gusto<\/p>\n<h3 class=\"text-lg font-bold text-text-100 mt-1 -mb-1.5\">Scopri altri BANG VAPE su fumotpuff<\/h3>\n<p class=\"whitespace-normal break-words\">Immergetevi nel mondo di Fumotpuff: iniziate il vostro viaggio di scoperta sul nostro sito <strong><a class=\"underline\" href=\"https:\/\/fumotpuff.com\/it\/\">Pagina iniziale<\/a><\/strong> con offerte esclusive e nuovi prodotti. L'intera gamma di prodotti BANG vi aspetta nella nostra <strong><a class=\"underline\" href=\"https:\/\/fumotpuff.com\/it\/product-category\/bang-vape\/\">Categoria BANG VAPE<\/a><\/strong> con informazioni dettagliate su ciascun modello. Tutte le varianti di gusto del Bang King 50000 sono presentate in modo chiaro nel <strong><a class=\"underline\" href=\"https:\/\/fumotpuff.com\/it\/product-category\/bang-vape\/bang-king-50000\/\">Collezione Bang King 50000<\/a><\/strong>.<\/p>","protected":false},"excerpt":{"rendered":"<p class=\"whitespace-normal break-words\">Bang King 50000 Blueberry Raspberry\/Mixed Berry offre 50.000 boccate con due intensi sapori di frutti di bosco: mirtillo e lampone dal gusto fruttato e mix di frutti di bosco multistrato. Con 50 ml di e-liquid, batteria da 850 mAh, bobina da 1,0\u03a9, display LCD e ricarica Type-C, questa sigaretta elettronica usa e getta offre autentici sapori di frutta e un divertimento di lunga durata.<\/p>","protected":false},"featured_media":3682,"comment_status":"open","ping_status":"closed","template":"","meta":{"_acf_changed":false},"product_brand":[],"product_cat":[40],"product_tag":[],"class_list":{"0":"post-3681","1":"product","2":"type-product","3":"status-publish","4":"has-post-thumbnail","6":"product_cat-bang-king-50000","8":"first","9":"instock","10":"shipping-taxable","11":"purchasable","12":"product-type-variable"},"acf":[],"_links":{"self":[{"href":"https:\/\/fumotpuff.com\/it\/wp-json\/wp\/v2\/product\/3681","targetHints":{"allow":["GET"]}}],"collection":[{"href":"https:\/\/fumotpuff.com\/it\/wp-json\/wp\/v2\/product"}],"about":[{"href":"https:\/\/fumotpuff.com\/it\/wp-json\/wp\/v2\/types\/product"}],"replies":[{"embeddable":true,"href":"https:\/\/fumotpuff.com\/it\/wp-json\/wp\/v2\/comments?post=3681"}],"wp:featuredmedia":[{"embeddable":true,"href":"https:\/\/fumotpuff.com\/it\/wp-json\/wp\/v2\/media\/3682"}],"wp:attachment":[{"href":"https:\/\/fumotpuff.com\/it\/wp-json\/wp\/v2\/media?parent=3681"}],"wp:term":[{"taxonomy":"product_brand","embeddable":true,"href":"https:\/\/fumotpuff.com\/it\/wp-json\/wp\/v2\/product_brand?post=3681"},{"taxonomy":"product_cat","embeddable":true,"href":"https:\/\/fumotpuff.com\/it\/wp-json\/wp\/v2\/product_cat?post=3681"},{"taxonomy":"product_tag","embeddable":true,"href":"https:\/\/fumotpuff.com\/it\/wp-json\/wp\/v2\/product_tag?post=3681"}],"curies":[{"name":"wp","href":"https:\/\/api.w.org\/{rel}","templated":true}]}}