{"id":3667,"date":"2025-10-25T08:57:08","date_gmt":"2025-10-25T06:57:08","guid":{"rendered":"https:\/\/fumotpuff.com\/?post_type=product&#038;p=3667"},"modified":"2025-10-25T08:57:27","modified_gmt":"2025-10-25T06:57:27","slug":"bang-king-50000-blueberry-ice-peach-mango-watermelon","status":"publish","type":"product","link":"https:\/\/fumotpuff.com\/it\/prodotto\/bang-king-50000-blueberry-ice-peach-mango-watermelon\/","title":{"rendered":"Bang King 50000 Mirtillo Ghiacciato\/Pesce Mango Anguria"},"content":{"rendered":"<h2 class=\"text-xl font-bold text-text-100 mt-1 -mb-0.5\">Bang King 50000 Blueberry Ice\/Peach Mango Watermelon Vape usa e getta<\/h2>\n<p class=\"whitespace-normal break-words\">Il <strong>Bang King 50000 sigaretta elettronica usa e getta<\/strong> con i gusti Blueberry Ice e Peach Mango Watermelon combina la freschezza del ghiaccio con il gusto della frutta tropicale. Con un'enorme capacit\u00e0 di 50.000 puff e 50 ml di e-liquid premium, questo dispositivo offre settimane di piacere di svapo. La funzione dual flavour consente di passare rapidamente dalle fresche note di mirtillo ai cocktail di frutta esotica. Il flusso d'aria regolabile, la bobina a maglia da 1,0 \u03a9 di alta qualit\u00e0 e la batteria ricaricabile da 850 mAh garantiscono una qualit\u00e0 di vapore costante ed esperienze di gusto intense. Il moderno display LCD vi tiene costantemente informati sullo stato del dispositivo, mentre la funzione di ricarica Type-C consente una ricarica rapida.<\/p>\n<h3 class=\"text-lg font-bold text-text-100 mt-1 -mb-1.5\">Vantaggi del Bang King 50000 Blueberry Ice\/Peach Mango Watermelon:<\/h3>\n<p class=\"whitespace-normal break-words\">Questa svapata monouso offre uno dei tempi di utilizzo pi\u00f9 lunghi sul mercato: fino a 50.000 boccate da un singolo dispositivo. La capacit\u00e0 di 50 ml di liquido \u00e8 preinstallata e pronta all'uso senza bisogno di essere ricaricata. La potente batteria da 850 mAh garantisce una qualit\u00e0 del vapore costante dalla prima all'ultima boccata.<\/p>\n<p class=\"whitespace-normal break-words\">Con quattro opzioni di nicotina - 0%, 2%, 3% e 5% - Bang King 50000 si adatta a un'ampia gamma di preferenze. Sia che vogliate evitare completamente la nicotina o che preferiate un tiro pi\u00f9 forte, troverete la giusta intensit\u00e0 per le vostre esigenze individuali.<\/p>\n<p class=\"whitespace-normal break-words\">Il design portatile e la funzione di doppio gusto rendono questo apparecchio particolarmente attraente. Potrete gustare i mirtilli ghiacciati per un tocco rinfrescante o passare alla miscela tropicale di pesca, mango e anguria, perfetta per una variet\u00e0 in movimento.<\/p>\n<h3 class=\"text-lg font-bold text-text-100 mt-1 -mb-1.5\">Dati tecnici:<\/h3>\n<p class=\"whitespace-normal break-words\"><strong>Numero di treni:<\/strong> Fino a 50.000 soffi<br \/>\n<strong>Vaporizzatore:<\/strong> Bobina a maglia da 1,0 Ohm<br \/>\n<strong>Volume del liquido:<\/strong> 50 ml<br \/>\n<strong>Forza della nicotina:<\/strong> 0% \/ 2% \/ 3% \/ 5%<br \/>\n<strong>Capacit\u00e0 della batteria:<\/strong> 850 mAh<br \/>\n<strong>Funzione di ricarica:<\/strong> Ricaricabile di tipo C<br \/>\n<strong>Display:<\/strong> Display digitale LCD<br \/>\n<strong>Profili di gusto:<\/strong> Doppio gusto<\/p>\n<h3 class=\"text-lg font-bold text-text-100 mt-1 -mb-1.5\">Scopri altri BANG VAPE su fumotpuff<\/h3>\n<p class=\"whitespace-normal break-words\">Volete saperne di pi\u00f9 sui nostri prodotti premium per il vapore? Cliccate sul nostro sito <strong><a class=\"underline\" href=\"https:\/\/fumotpuff.com\/it\/\">Pagina iniziale<\/a><\/strong> per trovare ispirazione e le migliori offerte. L'intero assortimento di elettrodomestici BANG vi attende nel <strong><a class=\"underline\" href=\"https:\/\/fumotpuff.com\/it\/product-category\/bang-vape\/\">Categoria BANG VAPE<\/a><\/strong> per voi. \u00c8 possibile scoprire tutte le varianti di gusto del Bang King 50000 nel nostro <strong><a class=\"underline\" href=\"https:\/\/fumotpuff.com\/it\/product-category\/bang-vape\/bang-king-50000\/\">Collezione Bang King 50000<\/a><\/strong>.<\/p>","protected":false},"excerpt":{"rendered":"<p class=\"whitespace-normal break-words\">Bang King 50000 Blueberry Ice\/Peach Mango Watermelon combina due sapori contrastanti: il mirtillo ghiacciato e la pesca-mango tropicale. Con 50.000 boccate, 50 ml di e-liquid, batteria da 850 mAh, bobina da 1,0\u03a9, display LCD e ricarica Type-C, questa sigaretta elettronica usa e getta offre una freschezza rinfrescante e un sapore di frutta esotica.<\/p>","protected":false},"featured_media":3668,"comment_status":"open","ping_status":"closed","template":"","meta":{"_acf_changed":false},"product_brand":[],"product_cat":[40],"product_tag":[],"class_list":{"0":"post-3667","1":"product","2":"type-product","3":"status-publish","4":"has-post-thumbnail","6":"product_cat-bang-king-50000","8":"first","9":"instock","10":"shipping-taxable","11":"purchasable","12":"product-type-variable"},"acf":[],"_links":{"self":[{"href":"https:\/\/fumotpuff.com\/it\/wp-json\/wp\/v2\/product\/3667","targetHints":{"allow":["GET"]}}],"collection":[{"href":"https:\/\/fumotpuff.com\/it\/wp-json\/wp\/v2\/product"}],"about":[{"href":"https:\/\/fumotpuff.com\/it\/wp-json\/wp\/v2\/types\/product"}],"replies":[{"embeddable":true,"href":"https:\/\/fumotpuff.com\/it\/wp-json\/wp\/v2\/comments?post=3667"}],"wp:featuredmedia":[{"embeddable":true,"href":"https:\/\/fumotpuff.com\/it\/wp-json\/wp\/v2\/media\/3668"}],"wp:attachment":[{"href":"https:\/\/fumotpuff.com\/it\/wp-json\/wp\/v2\/media?parent=3667"}],"wp:term":[{"taxonomy":"product_brand","embeddable":true,"href":"https:\/\/fumotpuff.com\/it\/wp-json\/wp\/v2\/product_brand?post=3667"},{"taxonomy":"product_cat","embeddable":true,"href":"https:\/\/fumotpuff.com\/it\/wp-json\/wp\/v2\/product_cat?post=3667"},{"taxonomy":"product_tag","embeddable":true,"href":"https:\/\/fumotpuff.com\/it\/wp-json\/wp\/v2\/product_tag?post=3667"}],"curies":[{"name":"wp","href":"https:\/\/api.w.org\/{rel}","templated":true}]}}