{"id":3371,"date":"2025-10-21T05:23:48","date_gmt":"2025-10-21T03:23:48","guid":{"rendered":"https:\/\/fumotpuff.com\/?post_type=product&#038;p=3371"},"modified":"2025-10-21T05:23:48","modified_gmt":"2025-10-21T03:23:48","slug":"bang-legend-110k-blueberry-ice-cantaloupe-apple-lime-romance","status":"publish","type":"product","link":"https:\/\/fumotpuff.com\/it\/prodotto\/bang-legend-110k-blueberry-ice-cantaloupe-apple-lime-romance\/","title":{"rendered":"Bang Legend 110K Ghiaccio al mirtillo\/Mela cantalupo\/Romanza al lime"},"content":{"rendered":"<h2 class=\"text-xl font-bold text-text-100 mt-1 -mb-0.5\">Bang Legend 110K Vape monouso al mirtillo ghiaccio\/mela cantalupo\/lime romance<\/h2>\n<p class=\"whitespace-normal break-words\">Bang Legend 110K con Blueberry Ice, Cantaloupe Apple e Lime Romance combina tre profili di gusto indipendenti in un unico dispositivo. Con un massimo di 110.000 boccate, potrete sperimentare i mirtilli ghiacciati, l'armonia tropicale di melone e mela e le note romantiche del lime, modificabili in qualsiasi momento per soddisfare i vostri gusti personali.<\/p>\n<p class=\"whitespace-normal break-words\"><strong>La freschezza dei frutti di bosco incontra l'eleganza tropicale<\/strong><\/p>\n<p class=\"whitespace-normal break-words\">Questa sigaretta elettronica Bang Legend 110000 puff \u00e8 stata progettata per i vapers pi\u00f9 esigenti che apprezzano la versatilit\u00e0. Passate spontaneamente da un mondo all'altro: Blueberry Ice offre un'intensa freschezza ai frutti di bosco, Cantaloupe Apple delizia con un'armonia di frutti esotici, mentre Lime Romance combina la freschezza degli agrumi con una profondit\u00e0 romantica. Ogni sapore si sviluppa in modo indipendente e autentico.<\/p>\n<p class=\"whitespace-normal break-words\">La potente batteria da 600 mAh con ricarica rapida Type-C garantisce prestazioni costanti senza lunghi tempi di attesa. La tecnologia a mesh coil da 1,0\u03a9 di alta qualit\u00e0 produce un vapore denso e saporito con una perfetta circolazione dell'aria.<\/p>\n<p class=\"whitespace-normal break-words\">La capacit\u00e0 dell'e-liquido di 20 ml, combinata con le intensit\u00e0 di nicotina flessibili (0%, 2%, 3%, 5%), offre a ogni utente l'equilibrio ideale tra piacere e intensit\u00e0.<\/p>\n<p class=\"whitespace-normal break-words\"><strong>Dati tecnici:<\/strong><\/p>\n<p class=\"whitespace-normal break-words\"><strong>Numero di treni:<\/strong> 110.000 treni<br \/>\n<strong>Batteria:<\/strong> 600mAh ricaricabile di tipo-C<br \/>\n<strong>Capacit\u00e0 del liquido elettronico:<\/strong> 20ml<br \/>\n<strong>Bobina:<\/strong> 1,0\u03a9 Bobina a maglie<br \/>\n<strong>Potenzialit\u00e0 della nicotina:<\/strong> 0%, 2%, 3%, 5%<br \/>\n<strong>Sistema di aromatizzazione:<\/strong> Aromi commutabili 3 in 1<br \/>\n<strong>Attivazione:<\/strong> Treno attivato<br \/>\n<strong>Tempo di caricamento:<\/strong> 40 minuti<\/p>\n<h3 class=\"text-lg font-bold text-text-100 mt-1 -mb-1.5\">Scopri altri BANG VAPE su fumotpuff<\/h3>\n<p class=\"whitespace-normal break-words\">Visita <strong><a class=\"underline\" href=\"https:\/\/fumotpuff.com\/it\/\">Fumot Puff<\/a><\/strong> per prodotti di vaping di prima qualit\u00e0 e consigli di esperti. L'intero <strong><a class=\"underline\" href=\"https:\/\/fumotpuff.com\/it\/product-category\/bang-vape\/\">Serie BANG VAPE<\/a><\/strong> vi aspetta con caratteristiche all'avanguardia. Esplorate l'intero <strong><a class=\"underline\" href=\"https:\/\/fumotpuff.com\/it\/product-category\/bang-vape\/bang-legend-110k\/\">Bang Legend 110k sapore mondo<\/a><\/strong> e scoprire i nuovi preferiti.<\/p>","protected":false},"excerpt":{"rendered":"<p class=\"whitespace-normal break-words\">Bang Legend 110K Blueberry Ice\/Cantalupo Apple\/Lime Romance offre 110.000 boccate con tre aromi intercambiabili. Con 20 ml di e-liquid, batteria ricaricabile da 600 mAh e bobina a rete da 1,0\u03a9 per un sapore autentico. Selezionabile in modo flessibile tra 0-5% di nicotina. Ricarica rapida Type-C in 40 minuti.<\/p>","protected":false},"featured_media":3373,"comment_status":"open","ping_status":"closed","template":"","meta":{"_acf_changed":false},"product_brand":[],"product_cat":[37],"product_tag":[],"class_list":{"0":"post-3371","1":"product","2":"type-product","3":"status-publish","4":"has-post-thumbnail","6":"product_cat-bang-legend-110k","8":"first","9":"instock","10":"shipping-taxable","11":"purchasable","12":"product-type-variable"},"acf":[],"_links":{"self":[{"href":"https:\/\/fumotpuff.com\/it\/wp-json\/wp\/v2\/product\/3371","targetHints":{"allow":["GET"]}}],"collection":[{"href":"https:\/\/fumotpuff.com\/it\/wp-json\/wp\/v2\/product"}],"about":[{"href":"https:\/\/fumotpuff.com\/it\/wp-json\/wp\/v2\/types\/product"}],"replies":[{"embeddable":true,"href":"https:\/\/fumotpuff.com\/it\/wp-json\/wp\/v2\/comments?post=3371"}],"wp:featuredmedia":[{"embeddable":true,"href":"https:\/\/fumotpuff.com\/it\/wp-json\/wp\/v2\/media\/3373"}],"wp:attachment":[{"href":"https:\/\/fumotpuff.com\/it\/wp-json\/wp\/v2\/media?parent=3371"}],"wp:term":[{"taxonomy":"product_brand","embeddable":true,"href":"https:\/\/fumotpuff.com\/it\/wp-json\/wp\/v2\/product_brand?post=3371"},{"taxonomy":"product_cat","embeddable":true,"href":"https:\/\/fumotpuff.com\/it\/wp-json\/wp\/v2\/product_cat?post=3371"},{"taxonomy":"product_tag","embeddable":true,"href":"https:\/\/fumotpuff.com\/it\/wp-json\/wp\/v2\/product_tag?post=3371"}],"curies":[{"name":"wp","href":"https:\/\/api.w.org\/{rel}","templated":true}]}}