{"id":3251,"date":"2025-10-18T05:49:51","date_gmt":"2025-10-18T03:49:51","guid":{"rendered":"https:\/\/fumotpuff.com\/?post_type=product&#038;p=3251"},"modified":"2025-10-18T05:49:51","modified_gmt":"2025-10-18T03:49:51","slug":"bang-leader-80000-strawberry-kiwi-peach-ice-cherry-cola","status":"publish","type":"product","link":"https:\/\/fumotpuff.com\/it\/prodotto\/bang-leader-80000-strawberry-kiwi-peach-ice-cherry-cola\/","title":{"rendered":"Bang Leader 80000 Fragola Kiwi\/Peach Ice\/Cherry Cola"},"content":{"rendered":"<h2 class=\"text-xl font-bold text-text-100 mt-1 -mb-0.5\">Bang Leader 80000 vape usa e getta Kiwi fragola\/pesca ghiaccio\/ciliegia cola<\/h2>\n<p class=\"whitespace-normal break-words\">Bang Leader 80000 \u00e8 un sistema di svapo monouso ad alta capacit\u00e0, sviluppato per utenti con grandi aspettative in termini di variet\u00e0 di sapori e durata. L'esclusivo sistema 3-in-1 comprende tre cartucce indipendenti da 26 ml con un totale di 78 ml di e-liquid e consente di passare senza problemi da un gusto all'altro: la combinazione fruttata fragola-kiwi, la rinfrescante pesca con un pizzico di ghiaccio e la dolce ciliegia-cola.<\/p>\n<p class=\"whitespace-normal break-words\">L'unit\u00e0 di vaporizzazione a rete da 1,0 \u03a9 produce un vapore vellutato e dal sapore autentico. La batteria da 850 mAh con funzione di ricarica garantisce un funzionamento duraturo, mentre la ricarica rapida Type-C riduce al minimo le interruzioni.<\/p>\n<p class=\"whitespace-normal break-words\">Disponibile con un contenuto di nicotina di 0 %, 2 %, 3 % e 5 %, Bang Leader 80K soddisfa un'ampia gamma di esigenze.<\/p>\n<h3 class=\"text-lg font-bold text-text-100 mt-1 -mb-1.5\">Vantaggi di Bang Leader 80000 Puff:<\/h3>\n<p class=\"whitespace-normal break-words\">Questo prodotto ridefinisce le prestazioni con la sua spettacolare capacit\u00e0 di 80.000 puff e offre una resistenza impareggiabile unita a un profilo di sapore intenso. La soluzione perfetta per i vapers pi\u00f9 esigenti che si aspettano volume ed eccellenza in un corpo sottile e moderno.<\/p>\n<p class=\"whitespace-normal break-words\">Ogni dispositivo \u00e8 dotato di un sistema di camere di aromi 3-in-1 che combina tre aromi separati in un'unica sigaretta elettronica compatta. \u00c8 possibile passare da un aroma all'altro a piacimento o miscelarli come si desidera, sperimentando nuovi sapori e puro piacere a ogni boccata.<\/p>\n<p class=\"whitespace-normal break-words\">Con una quantit\u00e0 di riempimento di 78 ml di e-liquid premium, \u00e8 garantito un utilizzo a lungo termine senza ricariche. Ideale per l'uso mobile e per sessioni di vaping prolungate.<\/p>\n<p class=\"whitespace-normal break-words\">Dotata di una potente batteria ricaricabile da 850 mAh con funzione di ricarica, consente diverse ore di funzionamento e una ricarica rapida tramite Type-C, in modo che la sigaretta elettronica sia sempre pronta all'uso.<\/p>\n<p class=\"whitespace-normal break-words\">Il sistema dual-coil implementato con resistenza da 1,0 \u03a9 produce un vapore voluminoso e aromatico e garantisce un'esperienza di svapo fluida e costante dalla prima all'ultima boccata.<\/p>\n<p class=\"whitespace-normal break-words\">Disponibile con nicotina 0 %, 2 %, 3 % e 5 %, la Bang Leader 80000 \u00e8 adatta a vapers occasionali e intensivi.<\/p>\n<h3 class=\"text-lg font-bold text-text-100 mt-1 -mb-1.5\">Specifiche del prodotto:<\/h3>\n<p class=\"whitespace-normal break-words\"><strong>Numero di treni:<\/strong> Fino a 80.000 treni<br \/>\n<strong>Contenuto di nicotina:<\/strong> 0 % \/ 2 % \/ 3 % \/ 5 %<br \/>\n<strong>Aromi:<\/strong> Fragola Kiwi, Pesca Ghiaccio, Ciliegia Cola<br \/>\n<strong>Volume del liquido elettronico:<\/strong> 78 ml preriempito (3 cialde da 26 ml ciascuna)<br \/>\n<strong>Batteria:<\/strong> 850 mAh ricaricabile<br \/>\n<strong>Vaporizzatore:<\/strong> 1,0 \u03a9 Bobina di maglia<br \/>\n<strong>Interfaccia di ricarica:<\/strong> Tipo-C<\/p>\n<h3 class=\"text-lg font-bold text-text-100 mt-1 -mb-1.5\">Scopri altri BANG VAPE su fumotpuff<\/h3>\n<p class=\"whitespace-normal break-words\">Provate la tecnologia a vapore di prima classe su <strong><a class=\"underline\" href=\"https:\/\/fumotpuff.com\/it\/\">fumotpuff.com<\/a><\/strong> con la nostra vasta gamma. Il <strong><a class=\"underline\" href=\"https:\/\/fumotpuff.com\/it\/product-category\/bang-vape\/\">Serie BANG VAPE<\/a><\/strong> \u00e8 sinonimo di innovazione e qualit\u00e0. L'intero <strong><a class=\"underline\" href=\"https:\/\/fumotpuff.com\/it\/product-category\/bang-vape\/bang-leader-80000\/\">Variet\u00e0 di gusti Bang Leader 80000<\/a><\/strong> \u00e8 in attesa di essere scoperto da voi.<\/p>","protected":false},"excerpt":{"rendered":"<p class=\"whitespace-normal break-words\">Bang Leader 80000 Strawberry Kiwi\/Peach Ice\/Cherry Cola offre tre gusti entusiasmanti: la combinazione fruttata fragola-kiwi, la rinfrescante pesca con ghiaccio e la dolce ciliegia-cola. Con 78 ML di e-liquid, 80.000 puff, bobina a rete da 1,0\u03a9 e batteria da 850 mAh: il massimo del gusto e della flessibilit\u00e0 in un unico dispositivo!<\/p>","protected":false},"featured_media":3252,"comment_status":"open","ping_status":"closed","template":"","meta":{"_acf_changed":false},"product_brand":[],"product_cat":[35],"product_tag":[],"class_list":{"0":"post-3251","1":"product","2":"type-product","3":"status-publish","4":"has-post-thumbnail","6":"product_cat-bang-leader-80000","8":"first","9":"instock","10":"shipping-taxable","11":"purchasable","12":"product-type-variable"},"acf":[],"_links":{"self":[{"href":"https:\/\/fumotpuff.com\/it\/wp-json\/wp\/v2\/product\/3251","targetHints":{"allow":["GET"]}}],"collection":[{"href":"https:\/\/fumotpuff.com\/it\/wp-json\/wp\/v2\/product"}],"about":[{"href":"https:\/\/fumotpuff.com\/it\/wp-json\/wp\/v2\/types\/product"}],"replies":[{"embeddable":true,"href":"https:\/\/fumotpuff.com\/it\/wp-json\/wp\/v2\/comments?post=3251"}],"wp:featuredmedia":[{"embeddable":true,"href":"https:\/\/fumotpuff.com\/it\/wp-json\/wp\/v2\/media\/3252"}],"wp:attachment":[{"href":"https:\/\/fumotpuff.com\/it\/wp-json\/wp\/v2\/media?parent=3251"}],"wp:term":[{"taxonomy":"product_brand","embeddable":true,"href":"https:\/\/fumotpuff.com\/it\/wp-json\/wp\/v2\/product_brand?post=3251"},{"taxonomy":"product_cat","embeddable":true,"href":"https:\/\/fumotpuff.com\/it\/wp-json\/wp\/v2\/product_cat?post=3251"},{"taxonomy":"product_tag","embeddable":true,"href":"https:\/\/fumotpuff.com\/it\/wp-json\/wp\/v2\/product_tag?post=3251"}],"curies":[{"name":"wp","href":"https:\/\/api.w.org\/{rel}","templated":true}]}}