{"id":3237,"date":"2025-10-18T05:43:29","date_gmt":"2025-10-18T03:43:29","guid":{"rendered":"https:\/\/fumotpuff.com\/?post_type=product&#038;p=3237"},"modified":"2025-10-18T05:44:25","modified_gmt":"2025-10-18T03:44:25","slug":"bang-leader-80000-red-bull-blueberry-watermelon-apple-pear","status":"publish","type":"product","link":"https:\/\/fumotpuff.com\/it\/prodotto\/bang-leader-80000-red-bull-blueberry-watermelon-apple-pear\/","title":{"rendered":"Bang Leader 80000 Red Bull\/Anguria\/Blueberry\/Pera Mela"},"content":{"rendered":"<h2 class=\"text-xl font-bold text-text-100 mt-1 -mb-0.5\">Bang Leader 80000 Red Bull\/Blueberry Watermelon\/Apple Pear vape usa e getta<\/h2>\n<p class=\"whitespace-normal break-words\">Bang Leader 80000 \u00e8 un dispositivo usa e getta ad alte prestazioni con un'enorme capacit\u00e0, progettato per gli utenti che preferiscono flessibilit\u00e0 e resistenza quando svapano. L'avanzato sistema di aromi 3-in-1 comprende tre serbatoi indipendenti da 26 ml con un totale di 78 ml di e-liquid e consente di passare facilmente da un aroma all'altro: l'energico Red Bull, la miscela fruttata di mirtilli e cocomero e la rinfrescante combinazione di mela e pera.<\/p>\n<p class=\"whitespace-normal break-words\">La tecnologia di vaporizzazione a maglia da 1,0 \u03a9 utilizzata produce un vapore omogeneo con un sapore intenso. L'unit\u00e0 di accumulo di energia ricaricabile da 850 mAh garantisce tempi di funzionamento prolungati, mentre la tecnologia di ricarica rapida Type-C riduce al minimo i tempi di attesa.<\/p>\n<p class=\"whitespace-normal break-words\">Disponibile con un contenuto di nicotina di 0 %, 2 %, 3 % e 5 %, Bang Leader 80K si rivolge a diversi gruppi di utenti.<\/p>\n<h3 class=\"text-lg font-bold text-text-100 mt-1 -mb-1.5\">Caratteristiche del Bang Leader 80000:<\/h3>\n<p class=\"whitespace-normal break-words\">Questo prodotto per lo svapo rivoluziona gli standard con la sua enorme capacit\u00e0 fino a 80.000 puff e si distingue per l'eccezionale consistenza e intensit\u00e0 del sapore. La prima scelta per i forti consumatori che desiderano un volume elevato e una qualit\u00e0 di prima classe in un formato elegante e moderno.<\/p>\n<p class=\"whitespace-normal break-words\">Lo speciale sistema di camere 3-in-1 consente di assaporare tre aromi distinti in un unico dispositivo compatto. Alternate gli aromi a vostro piacimento o combinateli singolarmente - sperimentate nuove sfumature di sapore e il massimo piacere ad ogni boccata.<\/p>\n<p class=\"whitespace-normal break-words\">Dotato di 78 ml di e-liquid di qualit\u00e0 superiore, il dispositivo garantisce un uso duraturo senza necessit\u00e0 di ricarica. Perfetto per l'uso mobile e continuo.<\/p>\n<p class=\"whitespace-normal break-words\">La potente batteria da 850 mAh con funzione di ricarica offre diverse ore di autonomia e ricarica rapida tramite porta Type-C, in modo che il dispositivo sia sempre pronto all'uso.<\/p>\n<p class=\"whitespace-normal break-words\">La tecnologia dual-coil implementata con resistenza da 1,0 \u03a9 crea un vapore voluminoso e aromatico e offre un'esperienza di vapore uniforme e regolare dalla prima all'ultima boccata.<\/p>\n<p class=\"whitespace-normal break-words\">Disponibile nelle versioni 0 %, 2 %, 3 % e 5 % di nicotina, la Bang Leader 80000 \u00e8 destinata sia ai fumatori occasionali che a quelli abituali.<\/p>\n<h3 class=\"text-lg font-bold text-text-100 mt-1 -mb-1.5\">Specifiche del prodotto:<\/h3>\n<p class=\"whitespace-normal break-words\"><strong>Numero di treni:<\/strong> Fino a 80.000 treni<br \/>\n<strong>Contenuto di nicotina:<\/strong> 0 % \/ 2 % \/ 3 % \/ 5 %<br \/>\n<strong>Aromi:<\/strong> Red Bull, mirtillo e anguria, mela e pera<br \/>\n<strong>Volume del liquido elettronico:<\/strong> 78 ml preriempito (3 cialde da 26 ml ciascuna)<br \/>\n<strong>Batteria:<\/strong> 850 mAh ricaricabile<br \/>\n<strong>Vaporizzatore:<\/strong> 1,0 \u03a9 Bobina di maglia<br \/>\n<strong>Interfaccia di ricarica:<\/strong> Tipo-C<\/p>\n<h3 class=\"text-lg font-bold text-text-100 mt-1 -mb-1.5\">Scopri altri BANG VAPE su fumotpuff<\/h3>\n<p class=\"whitespace-normal break-words\">Il vostro rivenditore specializzato in prodotti premium per il vapore: <strong><a class=\"underline\" href=\"https:\/\/fumotpuff.com\/it\/\">fumotpuff.com<\/a><\/strong> offre una qualit\u00e0 selezionata. Nel <strong><a class=\"underline\" href=\"https:\/\/fumotpuff.com\/it\/product-category\/bang-vape\/\">Categoria BANG VAPE<\/a><\/strong> troverete innovativi vapers usa e getta. L'intero <strong><a class=\"underline\" href=\"https:\/\/fumotpuff.com\/it\/product-category\/bang-vape\/bang-leader-80000\/\">Tavolozza dei sapori Bang Leader 80000<\/a><\/strong> \u00e8 pronto per voi.<\/p>","protected":false},"excerpt":{"rendered":"<p class=\"whitespace-normal break-words\">Il Bang Leader 80000 Red Bull\/Blueberry Watermelon\/Apple Pear combina tre sapori entusiasmanti: l'energica Red Bull, il fruttato mirtillo-aceto e la rinfrescante combinazione mela-pere. Con 78 ML di e-liquid, 80.000 puff, bobina a rete da 1,0\u03a9 e batteria da 850 mAh: una variet\u00e0 di sapori illimitata in un unico dispositivo!<\/p>","protected":false},"featured_media":3238,"comment_status":"open","ping_status":"closed","template":"","meta":{"_acf_changed":false},"product_brand":[],"product_cat":[35],"product_tag":[],"class_list":{"0":"post-3237","1":"product","2":"type-product","3":"status-publish","4":"has-post-thumbnail","6":"product_cat-bang-leader-80000","8":"first","9":"instock","10":"shipping-taxable","11":"purchasable","12":"product-type-variable"},"acf":[],"_links":{"self":[{"href":"https:\/\/fumotpuff.com\/it\/wp-json\/wp\/v2\/product\/3237","targetHints":{"allow":["GET"]}}],"collection":[{"href":"https:\/\/fumotpuff.com\/it\/wp-json\/wp\/v2\/product"}],"about":[{"href":"https:\/\/fumotpuff.com\/it\/wp-json\/wp\/v2\/types\/product"}],"replies":[{"embeddable":true,"href":"https:\/\/fumotpuff.com\/it\/wp-json\/wp\/v2\/comments?post=3237"}],"wp:featuredmedia":[{"embeddable":true,"href":"https:\/\/fumotpuff.com\/it\/wp-json\/wp\/v2\/media\/3238"}],"wp:attachment":[{"href":"https:\/\/fumotpuff.com\/it\/wp-json\/wp\/v2\/media?parent=3237"}],"wp:term":[{"taxonomy":"product_brand","embeddable":true,"href":"https:\/\/fumotpuff.com\/it\/wp-json\/wp\/v2\/product_brand?post=3237"},{"taxonomy":"product_cat","embeddable":true,"href":"https:\/\/fumotpuff.com\/it\/wp-json\/wp\/v2\/product_cat?post=3237"},{"taxonomy":"product_tag","embeddable":true,"href":"https:\/\/fumotpuff.com\/it\/wp-json\/wp\/v2\/product_tag?post=3237"}],"curies":[{"name":"wp","href":"https:\/\/api.w.org\/{rel}","templated":true}]}}