{"id":3230,"date":"2025-10-18T05:06:24","date_gmt":"2025-10-18T03:06:24","guid":{"rendered":"https:\/\/fumotpuff.com\/?post_type=product&#038;p=3230"},"modified":"2025-10-18T05:06:24","modified_gmt":"2025-10-18T03:06:24","slug":"bang-leader-80000-blueberry-ice-strawberry-and-banana-mixed-berries","status":"publish","type":"product","link":"https:\/\/fumotpuff.com\/it\/prodotto\/bang-leader-80000-blueberry-ice-strawberry-and-banana-mixed-berries\/","title":{"rendered":"Bang Leader 80000 Ghiaccio al mirtillo\/Fragola e banana\/Bacche miste"},"content":{"rendered":"<h2 class=\"text-xl font-bold text-text-100 mt-1 -mb-0.5\">Bang Leader 80000 Blueberry Ice\/Strawberry And Banana\/Mixed Berries Vape usa e getta<\/h2>\n<p class=\"whitespace-normal break-words\">Bang Leader 80000 \u00e8 un potente dispositivo di vaping usa e getta con una capacit\u00e0 impressionante, progettato per i vapers che danno priorit\u00e0 alla variet\u00e0 e alla durata. L'innovativo sistema di aromi 3-in-1 integra tre cialde separate da 26 ml con un totale di 78 ml di e-liquid e consente di passare facilmente da un aroma all'altro: mirtillo ghiacciato, combinazione fruttata di fragola e banana e mix variegato di frutti di bosco.<\/p>\n<p class=\"whitespace-normal break-words\">La bobina integrata da 1,0 \u03a9 produce un vapore omogeneo con un aroma intenso. La batteria ricaricabile da 850 mAh garantisce un uso prolungato e, grazie alla ricarica rapida Type-C, i tempi di inattivit\u00e0 sono ridotti al minimo.<\/p>\n<p class=\"whitespace-normal break-words\">Disponibile nelle concentrazioni di nicotina 0 %, 2 %, 3 % e 5 %, Bang Leader 80K copre un'ampia gamma di preferenze.<\/p>\n<h3 class=\"text-lg font-bold text-text-100 mt-1 -mb-1.5\">Caratteristiche delle prestazioni di Bang Leader 80000:<\/h3>\n<p class=\"whitespace-normal break-words\">La sigaretta elettronica Bang Leader 80000 colpisce per la sua eccezionale capacit\u00e0 di 80.000 boccate e offre un'eccezionale longevit\u00e0 unita a un eccellente profilo aromatico. Perfetta per gli utenti esperti che desiderano vedere combinate massa e classe in un design elegante e contemporaneo.<\/p>\n<p class=\"whitespace-normal break-words\">Il sistema integrato di camera di aromatizzazione 3-in-1 consente di gustare tre diversi sapori in un unico pratico dispositivo. \u00c8 possibile ruotare in modo flessibile tra i tre aromi o sviluppare combinazioni di aromi personalizzate: ogni boccata apre nuovi momenti di piacere e una variet\u00e0 di sapori.<\/p>\n<p class=\"whitespace-normal break-words\">I 78 ml di e-liquid di alta qualit\u00e0 garantiscono un lungo periodo di utilizzo senza necessit\u00e0 di ricarica. Ideale per i viaggi e l'uso prolungato.<\/p>\n<p class=\"whitespace-normal break-words\">L'efficiente batteria da 850 mAh con opzione di ricarica offre ore di funzionamento e brevi tempi di ricarica tramite Type-C, garantendo che il dispositivo sia sempre pronto all'uso.<\/p>\n<p class=\"whitespace-normal break-words\">L'architettura a doppia bobina con resistenza da 1,0 \u03a9 genera un vapore ricco e saporito e garantisce un'esperienza di svapo omogenea e piacevole dall'inizio alla fine.<\/p>\n<p class=\"whitespace-normal break-words\">Disponibile nei livelli di nicotina 0 %, 2 %, 3 % e 5 %, la Bang Leader 80000 \u00e8 adatta sia ai vapers amatoriali che agli utenti appassionati.<\/p>\n<h3 class=\"text-lg font-bold text-text-100 mt-1 -mb-1.5\">Specifiche del prodotto:<\/h3>\n<p class=\"whitespace-normal break-words\"><strong>Numero di treni:<\/strong> Fino a 80.000 treni<br \/>\n<strong>Contenuto di nicotina:<\/strong> 0 % \/ 2 % \/ 3 % \/ 5 %<br \/>\n<strong>Aromi:<\/strong> Ghiaccio al mirtillo, fragola e banana, frutti di bosco misti<br \/>\n<strong>Volume del liquido elettronico:<\/strong> 78 ml preriempito (3 cialde da 26 ml ciascuna)<br \/>\n<strong>Batteria:<\/strong> 850 mAh ricaricabile<br \/>\n<strong>Vaporizzatore:<\/strong> 1,0 \u03a9 Bobina di maglia<br \/>\n<strong>Interfaccia di ricarica:<\/strong> Tipo-C<\/p>\n<h3 class=\"text-lg font-bold text-text-100 mt-1 -mb-1.5\">Scopri altri BANG VAPE su fumotpuff<\/h3>\n<p class=\"whitespace-normal break-words\">Visita <strong><a class=\"underline\" href=\"https:\/\/fumotpuff.com\/it\/\">fumotpuff.com<\/a><\/strong> e immergetevi nel mondo dell'innovativa tecnologia del vapore. Il nostro <strong><a class=\"underline\" href=\"https:\/\/fumotpuff.com\/it\/product-category\/bang-vape\/\">Gamma di prodotti BANG VAPE<\/a><\/strong> convince per la sua lavorazione di prima classe. Esplorate la gamma completa <strong><a class=\"underline\" href=\"https:\/\/fumotpuff.com\/it\/product-category\/bang-vape\/bang-leader-80000\/\">Selezione di gusti Bang Leader 80000<\/a><\/strong> nel nostro negozio online.<\/p>","protected":false},"excerpt":{"rendered":"<p class=\"whitespace-normal break-words\">Bang Leader 80000 Blueberry Ice\/Strawberry And Banana\/Mixed Berries offre tre gusti fruttati: mirtillo ghiacciato, dolce combinazione di fragola e banana e variegato mix di bacche. Con 78 ML di e-liquid, 80.000 boccate, bobina da 1,0\u03a9 e batteria da 850 mAh: il massimo del divertimento e della variet\u00e0 in un unico dispositivo!<\/p>","protected":false},"featured_media":3231,"comment_status":"open","ping_status":"closed","template":"","meta":{"_acf_changed":false},"product_brand":[],"product_cat":[35],"product_tag":[],"class_list":{"0":"post-3230","1":"product","2":"type-product","3":"status-publish","4":"has-post-thumbnail","6":"product_cat-bang-leader-80000","8":"first","9":"instock","10":"shipping-taxable","11":"purchasable","12":"product-type-variable"},"acf":[],"_links":{"self":[{"href":"https:\/\/fumotpuff.com\/it\/wp-json\/wp\/v2\/product\/3230","targetHints":{"allow":["GET"]}}],"collection":[{"href":"https:\/\/fumotpuff.com\/it\/wp-json\/wp\/v2\/product"}],"about":[{"href":"https:\/\/fumotpuff.com\/it\/wp-json\/wp\/v2\/types\/product"}],"replies":[{"embeddable":true,"href":"https:\/\/fumotpuff.com\/it\/wp-json\/wp\/v2\/comments?post=3230"}],"wp:featuredmedia":[{"embeddable":true,"href":"https:\/\/fumotpuff.com\/it\/wp-json\/wp\/v2\/media\/3231"}],"wp:attachment":[{"href":"https:\/\/fumotpuff.com\/it\/wp-json\/wp\/v2\/media?parent=3230"}],"wp:term":[{"taxonomy":"product_brand","embeddable":true,"href":"https:\/\/fumotpuff.com\/it\/wp-json\/wp\/v2\/product_brand?post=3230"},{"taxonomy":"product_cat","embeddable":true,"href":"https:\/\/fumotpuff.com\/it\/wp-json\/wp\/v2\/product_cat?post=3230"},{"taxonomy":"product_tag","embeddable":true,"href":"https:\/\/fumotpuff.com\/it\/wp-json\/wp\/v2\/product_tag?post=3230"}],"curies":[{"name":"wp","href":"https:\/\/api.w.org\/{rel}","templated":true}]}}