{"id":3216,"date":"2025-10-18T04:59:46","date_gmt":"2025-10-18T02:59:46","guid":{"rendered":"https:\/\/fumotpuff.com\/?post_type=product&#038;p=3216"},"modified":"2025-10-18T04:59:46","modified_gmt":"2025-10-18T02:59:46","slug":"bang-leader-80000-blueberry-watermelon-strawberry-mango-blackcurrant","status":"publish","type":"product","link":"https:\/\/fumotpuff.com\/it\/prodotto\/bang-leader-80000-blueberry-watermelon-strawberry-mango-blackcurrant\/","title":{"rendered":"Bang Leader 80000 Mirtillo Anguria\/Fragola Mango\/Blackcurrant"},"content":{"rendered":"<h2 class=\"text-xl font-bold text-text-100 mt-1 -mb-0.5\">Bang Leader 80000 Mirtillo anguria\/mango fragola ribes nero Vape usa e getta<\/h2>\n<p class=\"whitespace-normal break-words\">Bang Leader 80000 \u00e8 un dispositivo di vaping monouso ad alta capacit\u00e0 progettato per gli utenti che cercano variet\u00e0 e coerenza. Il rivoluzionario concetto 3-in-1 comprende tre cialde separate da 26 ml per un totale di 78 ml di e-liquid e consente di passare senza sforzo da un gusto all'altro: la miscela fruttata mirtillo-aceto, la combinazione dolce fragola-mango e l'intenso ribes nero.<\/p>\n<p class=\"whitespace-normal break-words\">La bobina integrata da 1,0 \u03a9 genera un vapore omogeneo con un profilo aromatico completo. La batteria ricaricabile da 850 mAh consente sessioni di svapo prolungate, mentre la ricarica rapida Type-C riduce al minimo i tempi di inattivit\u00e0.<\/p>\n<p class=\"whitespace-normal break-words\">Disponibile nelle gradazioni di nicotina 0 %, 2 %, 3 % e 5 %, Bang Leader 80K soddisfa un'ampia gamma di esigenze.<\/p>\n<h3 class=\"text-lg font-bold text-text-100 mt-1 -mb-1.5\">Vantaggi di Bang Leader 80000:<\/h3>\n<p class=\"whitespace-normal break-words\">Questa sigaretta elettronica fissa gli standard con la sua monumentale capacit\u00e0 di 80.000 boccate e colpisce per la sua insuperabile longevit\u00e0 e qualit\u00e0 del sapore. Ideale per gli utenti pi\u00f9 esigenti che desiderano vedere combinate quantit\u00e0 e qualit\u00e0 premium in un design elegante e contemporaneo.<\/p>\n<p class=\"whitespace-normal break-words\">L'innovativo sistema a camera di aromatizzazione 3-in-1 presenta tre diversi aromi in un unico pratico dispositivo. Passate in modo flessibile da un aroma all'altro o create miscele personalizzate: scoprite nuovi orizzonti di gusto e il massimo divertimento a ogni boccata.<\/p>\n<p class=\"whitespace-normal break-words\">La generosa fornitura di e-liquid da 78 ml garantisce un uso duraturo senza bisogno di ricariche. Ideale per i viaggi e per l'uso a lungo termine.<\/p>\n<p class=\"whitespace-normal break-words\">Una batteria ricaricabile altamente efficiente da 850 mAh con funzione di ricarica garantisce ore di funzionamento e una ricarica rapida tramite la connessione Type-C, in modo che il dispositivo per lo svapo sia sempre pronto all'uso.<\/p>\n<p class=\"whitespace-normal break-words\">L'architettura a doppia bobina integrata con resistenza da 1,0 \u03a9 produce un vapore denso e ricco di aromi e garantisce un'esperienza di vapore omogenea e costante dall'inizio alla fine.<\/p>\n<p class=\"whitespace-normal break-words\">Con concentrazioni di nicotina di 0 %, 2 %, 3 % e 5 %, Bang Leader 80000 si rivolge a vapers occasionali e appassionati.<\/p>\n<h3 class=\"text-lg font-bold text-text-100 mt-1 -mb-1.5\">Specifiche del prodotto:<\/h3>\n<p class=\"whitespace-normal break-words\"><strong>Numero di treni:<\/strong> Fino a 80.000 treni<br \/>\n<strong>Contenuto di nicotina:<\/strong> 0 % \/ 2 % \/ 3 % \/ 5 %<br \/>\n<strong>Aromi:<\/strong> Mirtillo anguria, fragola mango, ribes nero<br \/>\n<strong>Volume del liquido elettronico:<\/strong> 78 ml preriempito (3 cialde da 26 ml ciascuna)<br \/>\n<strong>Batteria:<\/strong> 850 mAh ricaricabile<br \/>\n<strong>Vaporizzatore:<\/strong> 1,0 \u03a9 Bobina di maglia<br \/>\n<strong>Interfaccia di ricarica:<\/strong> Tipo-C<\/p>\n<h3 class=\"text-lg font-bold text-text-100 mt-1 -mb-1.5\">Scopri altri BANG VAPE su fumotpuff<\/h3>\n<p class=\"whitespace-normal break-words\">Scoprite la qualit\u00e0 e l'innovazione premium di <strong><a class=\"underline\" href=\"https:\/\/fumotpuff.com\/it\/\">fumotpuff.com<\/a><\/strong> - Il vostro specialista in prodotti per il vapore di alta qualit\u00e0. Il <strong><a class=\"underline\" href=\"https:\/\/fumotpuff.com\/it\/product-category\/bang-vape\/\">Famiglia di prodotti BANG VAPE<\/a><\/strong> vi offre sigarette elettroniche monouso di prima qualit\u00e0. Vi presentiamo tutte le varianti di gusto di Bang Leader 80000 nel nostro sito <strong><a class=\"underline\" href=\"https:\/\/fumotpuff.com\/it\/product-category\/bang-vape\/bang-leader-80000\/\">Collezione di sapori<\/a><\/strong>.<\/p>","protected":false},"excerpt":{"rendered":"<p class=\"whitespace-normal break-words\">Bang Leader 80000 Blueberry Watermelon\/Strawberry Mango\/Blackcurrant combina tre deliziosi sapori: il fruttato blueberry watermelon, il dolce strawberry mango e l'intenso blackcurrant. Con 78 ML di e-liquid, 80.000 boccate, bobina da 1,0\u03a9 e batteria da 850 mAh: puro divertimento e massima variet\u00e0 in un unico dispositivo!<\/p>","protected":false},"featured_media":3217,"comment_status":"open","ping_status":"closed","template":"","meta":{"_acf_changed":false},"product_brand":[],"product_cat":[35],"product_tag":[],"class_list":{"0":"post-3216","1":"product","2":"type-product","3":"status-publish","4":"has-post-thumbnail","6":"product_cat-bang-leader-80000","8":"first","9":"instock","10":"shipping-taxable","11":"purchasable","12":"product-type-variable"},"acf":[],"_links":{"self":[{"href":"https:\/\/fumotpuff.com\/it\/wp-json\/wp\/v2\/product\/3216","targetHints":{"allow":["GET"]}}],"collection":[{"href":"https:\/\/fumotpuff.com\/it\/wp-json\/wp\/v2\/product"}],"about":[{"href":"https:\/\/fumotpuff.com\/it\/wp-json\/wp\/v2\/types\/product"}],"replies":[{"embeddable":true,"href":"https:\/\/fumotpuff.com\/it\/wp-json\/wp\/v2\/comments?post=3216"}],"wp:featuredmedia":[{"embeddable":true,"href":"https:\/\/fumotpuff.com\/it\/wp-json\/wp\/v2\/media\/3217"}],"wp:attachment":[{"href":"https:\/\/fumotpuff.com\/it\/wp-json\/wp\/v2\/media?parent=3216"}],"wp:term":[{"taxonomy":"product_brand","embeddable":true,"href":"https:\/\/fumotpuff.com\/it\/wp-json\/wp\/v2\/product_brand?post=3216"},{"taxonomy":"product_cat","embeddable":true,"href":"https:\/\/fumotpuff.com\/it\/wp-json\/wp\/v2\/product_cat?post=3216"},{"taxonomy":"product_tag","embeddable":true,"href":"https:\/\/fumotpuff.com\/it\/wp-json\/wp\/v2\/product_tag?post=3216"}],"curies":[{"name":"wp","href":"https:\/\/api.w.org\/{rel}","templated":true}]}}