{"id":3209,"date":"2025-10-18T04:53:16","date_gmt":"2025-10-18T02:53:16","guid":{"rendered":"https:\/\/fumotpuff.com\/?post_type=product&#038;p=3209"},"modified":"2025-10-18T04:53:16","modified_gmt":"2025-10-18T02:53:16","slug":"bang-leader-80000-cola-ice-blueberry-raspberry-peach-mango-watermelon","status":"publish","type":"product","link":"https:\/\/fumotpuff.com\/it\/prodotto\/bang-leader-80000-cola-ice-blueberry-raspberry-peach-mango-watermelon\/","title":{"rendered":"Bang Leader 80000 Cola Ice\/Blueberry Lampone\/Pesce Mango Anguria"},"content":{"rendered":"<h2 class=\"text-xl font-bold text-text-100 mt-1 -mb-0.5\">Bang Leader 80000 Cola Ice\/Bluberry Raspberry\/Peach Mango Watermelon Vape usa e getta<\/h2>\n<p class=\"whitespace-normal break-words\">Bang Leader 80000 \u00e8 un dispositivo usa e getta ad alte prestazioni con un'enorme capacit\u00e0, progettato per gli utenti che preferiscono flessibilit\u00e0 e resistenza quando svapano. L'avanzato sistema di aromi 3-in-1 integra tre serbatoi indipendenti da 26 ml con un totale di 78 ml di e-liquid e consente di passare facilmente da un aroma all'altro: cola ghiacciata, miscela fruttata di mirtillo e lampone e combinazione tropicale di pesca, mango e cocomero.<\/p>\n<p class=\"whitespace-normal break-words\">La tecnologia di vaporizzazione a maglia da 1,0 \u03a9 utilizzata produce un vapore omogeneo con un sapore intenso. L'unit\u00e0 di accumulo di energia ricaricabile da 850 mAh garantisce tempi di funzionamento prolungati, mentre la tecnologia di ricarica rapida Type-C riduce al minimo i tempi di attesa.<\/p>\n<p class=\"whitespace-normal break-words\">Disponibile con un contenuto di nicotina di 0 %, 2 %, 3 % e 5 %, Bang Leader 80K si rivolge a diversi gruppi di utenti.<\/p>\n<h3 class=\"text-lg font-bold text-text-100 mt-1 -mb-1.5\">Caratteristiche del Bang Leader 80000:<\/h3>\n<p class=\"whitespace-normal break-words\">Questo prodotto per lo svapo sta rivoluzionando il settore grazie alla sua enorme capacit\u00e0 di 80.000 puff e ai suoi eccezionali risultati in termini di consistenza e intensit\u00e0 del sapore. La prima scelta per i forti consumatori che desiderano un volume elevato e una qualit\u00e0 di prima classe in un formato elegante e moderno.<\/p>\n<p class=\"whitespace-normal break-words\">Lo speciale sistema di camere 3-in-1 consente di assaporare tre aromi distinti in un unico dispositivo compatto. Alternate gli aromi a vostro piacimento o combinateli singolarmente - sperimentate nuove sfumature di sapore e il massimo piacere ad ogni boccata.<\/p>\n<p class=\"whitespace-normal break-words\">Dotato di 78 ml di e-liquid di qualit\u00e0 superiore, il dispositivo garantisce un uso duraturo senza necessit\u00e0 di ricarica. Perfetto per l'uso mobile e continuo.<\/p>\n<p class=\"whitespace-normal break-words\">La potente batteria da 850 mAh con funzione di ricarica offre diverse ore di autonomia e ricarica rapida tramite porta Type-C, in modo che il dispositivo sia sempre pronto all'uso.<\/p>\n<p class=\"whitespace-normal break-words\">La tecnologia dual-coil implementata con resistenza da 1,0 \u03a9 crea un vapore voluminoso e aromatico e offre un'esperienza di vapore uniforme e regolare dalla prima all'ultima boccata.<\/p>\n<p class=\"whitespace-normal break-words\">Disponibile nelle versioni 0 %, 2 %, 3 % e 5 % di nicotina, la Bang Leader 80000 \u00e8 destinata sia ai fumatori occasionali che a quelli abituali.<\/p>\n<h3 class=\"text-lg font-bold text-text-100 mt-1 -mb-1.5\">Specifiche del prodotto:<\/h3>\n<p class=\"whitespace-normal break-words\"><strong>Numero di treni:<\/strong> Fino a 80.000 treni<br \/>\n<strong>Contenuto di nicotina:<\/strong> 0 % \/ 2 % \/ 3 % \/ 5 %<br \/>\n<strong>Aromi:<\/strong> Ghiaccio alla cola, lampone al mirtillo, anguria al mango alla pesca<br \/>\n<strong>Volume del liquido elettronico:<\/strong> 78 ml preriempito (3 cialde da 26 ml ciascuna)<br \/>\n<strong>Batteria:<\/strong> 850 mAh ricaricabile<br \/>\n<strong>Vaporizzatore:<\/strong> 1,0 \u03a9 Bobina di maglia<br \/>\n<strong>Interfaccia di ricarica:<\/strong> Tipo-C<\/p>\n<h3 class=\"text-lg font-bold text-text-100 mt-1 -mb-1.5\">Scopri altri BANG VAPE su fumotpuff<\/h3>\n<p class=\"whitespace-normal break-words\">Immergetevi nel mondo del vapore premium di <strong><a class=\"underline\" href=\"https:\/\/fumotpuff.com\/it\/\">fumotpuff.com<\/a><\/strong> e scoprire prodotti innovativi di altissima qualit\u00e0. Nel <strong><a class=\"underline\" href=\"https:\/\/fumotpuff.com\/it\/product-category\/bang-vape\/\">Categoria BANG VAPE<\/a><\/strong> si pu\u00f2 sperare in potenti vapers usa e getta. Potete trovare tutti gli aromi di Bang Leader 80000 nel nostro sito <strong><a class=\"underline\" href=\"https:\/\/fumotpuff.com\/it\/product-category\/bang-vape\/bang-leader-80000\/\">Assortimento di gusti<\/a><\/strong>.<\/p>","protected":false},"excerpt":{"rendered":"<p class=\"whitespace-normal break-words\">Il Bang Leader 80000 Cola Ice\/Blueberry Raspberry\/Peach Mango Watermelon combina tre gusti entusiasmanti: cola ghiacciata, mix fruttato di mirtilli e lamponi e pesca-mango tropicale. Con 78 ML di e-liquid, 80.000 puff, bobina da 1,0\u03a9 e batteria da 850 mAh: una variet\u00e0 di sapori illimitata in un unico dispositivo!<\/p>","protected":false},"featured_media":3210,"comment_status":"open","ping_status":"closed","template":"","meta":{"_acf_changed":false},"product_brand":[],"product_cat":[35],"product_tag":[],"class_list":{"0":"post-3209","1":"product","2":"type-product","3":"status-publish","4":"has-post-thumbnail","6":"product_cat-bang-leader-80000","8":"first","9":"instock","10":"shipping-taxable","11":"purchasable","12":"product-type-variable"},"acf":[],"_links":{"self":[{"href":"https:\/\/fumotpuff.com\/it\/wp-json\/wp\/v2\/product\/3209","targetHints":{"allow":["GET"]}}],"collection":[{"href":"https:\/\/fumotpuff.com\/it\/wp-json\/wp\/v2\/product"}],"about":[{"href":"https:\/\/fumotpuff.com\/it\/wp-json\/wp\/v2\/types\/product"}],"replies":[{"embeddable":true,"href":"https:\/\/fumotpuff.com\/it\/wp-json\/wp\/v2\/comments?post=3209"}],"wp:featuredmedia":[{"embeddable":true,"href":"https:\/\/fumotpuff.com\/it\/wp-json\/wp\/v2\/media\/3210"}],"wp:attachment":[{"href":"https:\/\/fumotpuff.com\/it\/wp-json\/wp\/v2\/media?parent=3209"}],"wp:term":[{"taxonomy":"product_brand","embeddable":true,"href":"https:\/\/fumotpuff.com\/it\/wp-json\/wp\/v2\/product_brand?post=3209"},{"taxonomy":"product_cat","embeddable":true,"href":"https:\/\/fumotpuff.com\/it\/wp-json\/wp\/v2\/product_cat?post=3209"},{"taxonomy":"product_tag","embeddable":true,"href":"https:\/\/fumotpuff.com\/it\/wp-json\/wp\/v2\/product_tag?post=3209"}],"curies":[{"name":"wp","href":"https:\/\/api.w.org\/{rel}","templated":true}]}}