{"id":3202,"date":"2025-10-18T04:50:57","date_gmt":"2025-10-18T02:50:57","guid":{"rendered":"https:\/\/fumotpuff.com\/?post_type=product&#038;p=3202"},"modified":"2025-10-18T04:50:57","modified_gmt":"2025-10-18T02:50:57","slug":"bang-leader-80000-strawberry-and-watermelon-grape-ice-rainbow-candy","status":"publish","type":"product","link":"https:\/\/fumotpuff.com\/it\/prodotto\/bang-leader-80000-strawberry-and-watermelon-grape-ice-rainbow-candy\/","title":{"rendered":"Bang Leader 80000 Fragola e anguria\/Ghiaccio d'uva\/Caramella arcobaleno"},"content":{"rendered":"<h2 class=\"text-xl font-bold text-text-100 mt-1 -mb-0.5\">Bang Leader 80000 Fragola e anguria\/Grape Ice\/Caramelle arcobaleno Vape usa e getta<\/h2>\n<p class=\"whitespace-normal break-words\">Bang Leader 80000 \u00e8 un potente dispositivo di vaping usa e getta con una capacit\u00e0 impressionante, creato per i vapers che apprezzano la variet\u00e0 e la longevit\u00e0. L'innovativo sistema di aromi 3-in-1 \u00e8 dotato di tre cialde separate da 26 ml per un totale di 78 ml di e-liquid e consente di passare facilmente da un gusto all'altro: la dolce combinazione fragola-aceto, la rinfrescante uva con un pizzico di ghiaccio e le colorate caramelle arcobaleno.<\/p>\n<p class=\"whitespace-normal break-words\">La bobina integrata da 1,0 \u03a9 in mesh eroga un vapore omogeneo con un aroma intenso. La batteria ricaricabile da 850 mAh garantisce un uso prolungato e, grazie alla ricarica rapida Type-C, i tempi di inattivit\u00e0 sono ridotti al minimo.<\/p>\n<p class=\"whitespace-normal break-words\">Disponibile nelle concentrazioni di nicotina 0 %, 2 %, 3 % e 5 %, Bang Leader 80K copre un'ampia gamma di preferenze.<\/p>\n<h3 class=\"text-lg font-bold text-text-100 mt-1 -mb-1.5\">Bang Leader 80000 Puffs Vantaggi:<\/h3>\n<p class=\"whitespace-normal break-words\">La sigaretta elettronica Bang Leader 80000 Puffs colpisce per la sua impressionante capacit\u00e0 fino a 80.000 puff e offre un'eccezionale longevit\u00e0 combinata con un eccellente profilo aromatico. Perfetta per i vapers esperti che vogliono vedere combinate massa e classe in un design elegante e contemporaneo.<\/p>\n<p class=\"whitespace-normal break-words\">Grazie al sistema integrato di camere di aromatizzazione 3-in-1, gli utenti possono godere di tre esperienze aromatiche distinte in un unico dispositivo. \u00c8 possibile ruotare in modo flessibile tra i tre aromi o creare combinazioni di sapori personalizzate: ogni boccata apre nuovi momenti di piacere e una variet\u00e0 di sapori.<\/p>\n<p class=\"whitespace-normal break-words\">I 78 ml di e-liquid di alta qualit\u00e0 garantiscono una lunga durata senza necessit\u00e0 di ricarica. Ideale per i viaggi e l'uso prolungato.<\/p>\n<p class=\"whitespace-normal break-words\">Un'efficiente batteria ricaricabile da 850 mAh con opzione di ricarica offre ore di funzionamento e brevi tempi di ricarica tramite Type-C, che garantiscono che il dispositivo per lo svapo sia sempre pronto all'uso.<\/p>\n<p class=\"whitespace-normal break-words\">L'architettura a doppia bobina con resistenza da 1,0 \u03a9 produce un vapore ricco e saporito e garantisce un'esperienza di vapore omogenea e piacevole dall'inizio alla fine.<\/p>\n<p class=\"whitespace-normal break-words\">Disponibile nei livelli di nicotina 0 %, 2 %, 3 % e 5 %, la Bang Leader 80000 \u00e8 adatta sia ai vapers amatoriali che agli appassionati.<\/p>\n<h3 class=\"text-lg font-bold text-text-100 mt-1 -mb-1.5\">Specifiche del prodotto:<\/h3>\n<p class=\"whitespace-normal break-words\"><strong>Numero di treni:<\/strong> Fino a 80.000 treni<br \/>\n<strong>Contenuto di nicotina:<\/strong> 0 % \/ 2 % \/ 3 % \/ 5 %<br \/>\n<strong>Aromi:<\/strong> Fragola e anguria, ghiaccio all'uva, caramelle arcobaleno<br \/>\n<strong>Volume del liquido elettronico:<\/strong> 78 ml preriempito (3 cialde da 26 ml ciascuna)<br \/>\n<strong>Batteria:<\/strong> 850 mAh ricaricabile<br \/>\n<strong>Vaporizzatore:<\/strong> 1,0 \u03a9 Bobina di maglia<br \/>\n<strong>Interfaccia di ricarica:<\/strong> Tipo-C<\/p>\n<h3 class=\"text-lg font-bold text-text-100 mt-1 -mb-1.5\">Scopri altri BANG VAPE su fumotpuff<\/h3>\n<p class=\"whitespace-normal break-words\">Esplorate il mondo del vaping premium su <strong><a class=\"underline\" href=\"https:\/\/fumotpuff.com\/it\/\">fumotpuff.com<\/a><\/strong> con il nostro ampio portafoglio di prodotti. Il nostro <strong><a class=\"underline\" href=\"https:\/\/fumotpuff.com\/it\/product-category\/bang-vape\/\">Selezione BANG VAPE<\/a><\/strong> presenta apparecchi di punta per utenti esigenti. La gamma completa <strong><a class=\"underline\" href=\"https:\/\/fumotpuff.com\/it\/product-category\/bang-vape\/bang-leader-80000\/\">Tavolozza dei sapori Bang Leader 80000<\/a><\/strong> \u00e8 disponibile per la scelta.<\/p>","protected":false},"excerpt":{"rendered":"<p class=\"whitespace-normal break-words\">Bang Leader 80000 Strawberry And Watermelon\/Grape Ice\/Rainbow Candy offre tre sapori stuzzicanti: dolce fragola e anguria, rinfrescante uva con ghiaccio e colorate caramelle arcobaleno. Con 78 ML di e-liquid, 80.000 puff, coil a rete da 1,0\u03a9 e batteria da 850 mAh: il massimo del gusto e della variet\u00e0 in un unico dispositivo!<\/p>","protected":false},"featured_media":3203,"comment_status":"open","ping_status":"closed","template":"","meta":{"_acf_changed":false},"product_brand":[],"product_cat":[35],"product_tag":[],"class_list":{"0":"post-3202","1":"product","2":"type-product","3":"status-publish","4":"has-post-thumbnail","6":"product_cat-bang-leader-80000","8":"first","9":"instock","10":"shipping-taxable","11":"purchasable","12":"product-type-variable"},"acf":[],"_links":{"self":[{"href":"https:\/\/fumotpuff.com\/it\/wp-json\/wp\/v2\/product\/3202","targetHints":{"allow":["GET"]}}],"collection":[{"href":"https:\/\/fumotpuff.com\/it\/wp-json\/wp\/v2\/product"}],"about":[{"href":"https:\/\/fumotpuff.com\/it\/wp-json\/wp\/v2\/types\/product"}],"replies":[{"embeddable":true,"href":"https:\/\/fumotpuff.com\/it\/wp-json\/wp\/v2\/comments?post=3202"}],"wp:featuredmedia":[{"embeddable":true,"href":"https:\/\/fumotpuff.com\/it\/wp-json\/wp\/v2\/media\/3203"}],"wp:attachment":[{"href":"https:\/\/fumotpuff.com\/it\/wp-json\/wp\/v2\/media?parent=3202"}],"wp:term":[{"taxonomy":"product_brand","embeddable":true,"href":"https:\/\/fumotpuff.com\/it\/wp-json\/wp\/v2\/product_brand?post=3202"},{"taxonomy":"product_cat","embeddable":true,"href":"https:\/\/fumotpuff.com\/it\/wp-json\/wp\/v2\/product_cat?post=3202"},{"taxonomy":"product_tag","embeddable":true,"href":"https:\/\/fumotpuff.com\/it\/wp-json\/wp\/v2\/product_tag?post=3202"}],"curies":[{"name":"wp","href":"https:\/\/api.w.org\/{rel}","templated":true}]}}