{"id":3195,"date":"2025-10-18T04:48:10","date_gmt":"2025-10-18T02:48:10","guid":{"rendered":"https:\/\/fumotpuff.com\/?post_type=product&#038;p=3195"},"modified":"2025-10-18T04:48:10","modified_gmt":"2025-10-18T02:48:10","slug":"bang-leader-80000-raspberry-mojito-peach-ice-strawberry-and-watermelon-kiwi-passion-fruit-guava","status":"publish","type":"product","link":"https:\/\/fumotpuff.com\/it\/prodotto\/bang-leader-80000-raspberry-mojito-peach-ice-strawberry-and-watermelon-kiwi-passion-fruit-guava\/","title":{"rendered":"Bang Leader 80000 Lampone Mojito Pesca Ghiaccio\/Fragola E Anguria\/Kiwi Frutto della Passione Guava"},"content":{"rendered":"<h2 class=\"text-xl font-bold text-text-100 mt-1 -mb-0.5\">Bang Leader 80000 Lampone Mojito Pesca Ghiaccio\/Mirtillo e Anguria\/Kiwi Frutto della Passione Guava Vape usa e getta<\/h2>\n<p class=\"whitespace-normal break-words\">Bang Leader 80000 \u00e8 una sigaretta elettronica monouso ad alta capacit\u00e0, sviluppata per gli utenti che richiedono variet\u00e0 e coerenza di sapori. L'esclusivo concetto 3-in-1 combina tre cartucce separate da 26 ml con un totale di 78 ml di e-liquid e consente di passare senza sforzo da un gusto all'altro: mojito al lampone frizzante con ghiaccio alla pesca, combinazione dolce di fragola e cocomero e mix tropicale di kiwi e frutto della passione e guava.<\/p>\n<p class=\"whitespace-normal break-words\">La bobina a rete da 1,0 \u03a9 produce un vapore morbido e vellutato con un sapore autentico. La batteria integrata da 850 mAh con funzione di ricarica garantisce un funzionamento duraturo e la ricarica rapida Type-C riduce al minimo le interruzioni.<\/p>\n<p class=\"whitespace-normal break-words\">Disponibile nelle gradazioni di nicotina 0 %, 2 %, 3 % e 5 %, Bang Leader 80K soddisfa un'ampia gamma di esigenze.<\/p>\n<h3 class=\"text-lg font-bold text-text-100 mt-1 -mb-1.5\">Vantaggi di Bang Leader 80000 Puff:<\/h3>\n<p class=\"whitespace-normal break-words\">Questo dispositivo per il vaping stabilisce nuovi standard con le sue impressionanti prestazioni fino a 80.000 puff e colpisce per la sua incomparabile durata e qualit\u00e0 del sapore. Ideale per i vapers pi\u00f9 esigenti che cercano quantit\u00e0 e qualit\u00e0 premium in un involucro elegante e moderno.<\/p>\n<p class=\"whitespace-normal break-words\">Ogni dispositivo offre un sistema di camere aromatiche 3-in-1 che combina tre diversi aromi in un'unica sigaretta elettronica. Potete passare liberamente da un aroma all'altro o miscelarli a vostro piacimento, scoprendo nuove esperienze di gusto e puro divertimento a ogni boccata.<\/p>\n<p class=\"whitespace-normal break-words\">Con una capacit\u00e0 di 78 ml di e-liquid premium, \u00e8 garantito un uso prolungato senza bisogno di ricaricare. Ideale per i viaggi e l'uso prolungato.<\/p>\n<p class=\"whitespace-normal break-words\">Dotata di una batteria ricaricabile ad alte prestazioni da 850 mAh con funzione di ricarica, offre ore di funzionamento e una ricarica rapida tramite Type-C, in modo che la sigaretta elettronica sia sempre pronta all'uso.<\/p>\n<p class=\"whitespace-normal break-words\">Il sistema a doppia bobina incorporato con resistenza da 1,0 \u03a9 produce un vapore denso e aromatico e garantisce un'esperienza di vapore uniforme e costante dalla prima all'ultima boccata.<\/p>\n<p class=\"whitespace-normal break-words\">Disponibile con nicotina 0 %, 2 %, 3 % e 5 %, la Bang Leader 80000 \u00e8 adatta sia ai vapers occasionali che a quelli intensivi.<\/p>\n<h3 class=\"text-lg font-bold text-text-100 mt-1 -mb-1.5\">Specifiche del prodotto:<\/h3>\n<p class=\"whitespace-normal break-words\"><strong>Numero di treni:<\/strong> Fino a 80.000 treni<br \/>\n<strong>Contenuto di nicotina:<\/strong> 0 % \/ 2 % \/ 3 % \/ 5 %<br \/>\n<strong>Aromi:<\/strong> Mojito al lampone, ghiaccio alla pesca, fragola e anguria, kiwi, frutto della passione, guava.<br \/>\n<strong>Volume del liquido elettronico:<\/strong> 78 ml preriempito (3 cialde da 26 ml ciascuna)<br \/>\n<strong>Batteria:<\/strong> 850 mAh ricaricabile<br \/>\n<strong>Vaporizzatore:<\/strong> 1,0 \u03a9 Bobina di maglia<br \/>\n<strong>Interfaccia di ricarica:<\/strong> Tipo-C<\/p>\n<h3 class=\"text-lg font-bold text-text-100 mt-1 -mb-1.5\">Scopri altri BANG VAPE su fumotpuff<\/h3>\n<p class=\"whitespace-normal break-words\">Sfoglia la nostra vasta gamma su <strong><a class=\"underline\" href=\"https:\/\/fumotpuff.com\/it\/\">fumotpuff.com<\/a><\/strong> e sperimentare una tecnologia a vapore di prima classe. Il <strong><a class=\"underline\" href=\"https:\/\/fumotpuff.com\/it\/product-category\/bang-vape\/\">Linea di prodotti BANG VAPE<\/a><\/strong> offre soluzioni innovative per ogni esigenza. Tutti i gusti del Bang Leader 80000 sono disponibili nel nostro <strong><a class=\"underline\" href=\"https:\/\/fumotpuff.com\/it\/product-category\/bang-vape\/bang-leader-80000\/\">selezione di sapori speciali<\/a><\/strong> per voi.<\/p>","protected":false},"excerpt":{"rendered":"<p class=\"whitespace-normal break-words\">Il Bang Leader 80000 Raspberry Mojito Peach Ice\/Strawberry And Watermelon\/Kiwi Passion Fruit Guava combina tre sapori esotici: frizzante mojito al lampone con ghiaccio alla pesca, dolce anguria alla fragola e tropicale kiwi passion fruit guava. 78 ML di e-liquid, 80.000 puff, bobina a rete da 1,0\u03a9, batteria da 850mAh - divertimento illimitato!<\/p>","protected":false},"featured_media":3196,"comment_status":"open","ping_status":"closed","template":"","meta":{"_acf_changed":false},"product_brand":[],"product_cat":[35],"product_tag":[],"class_list":{"0":"post-3195","1":"product","2":"type-product","3":"status-publish","4":"has-post-thumbnail","6":"product_cat-bang-leader-80000","8":"first","9":"instock","10":"shipping-taxable","11":"purchasable","12":"product-type-variable"},"acf":[],"_links":{"self":[{"href":"https:\/\/fumotpuff.com\/it\/wp-json\/wp\/v2\/product\/3195","targetHints":{"allow":["GET"]}}],"collection":[{"href":"https:\/\/fumotpuff.com\/it\/wp-json\/wp\/v2\/product"}],"about":[{"href":"https:\/\/fumotpuff.com\/it\/wp-json\/wp\/v2\/types\/product"}],"replies":[{"embeddable":true,"href":"https:\/\/fumotpuff.com\/it\/wp-json\/wp\/v2\/comments?post=3195"}],"wp:featuredmedia":[{"embeddable":true,"href":"https:\/\/fumotpuff.com\/it\/wp-json\/wp\/v2\/media\/3196"}],"wp:attachment":[{"href":"https:\/\/fumotpuff.com\/it\/wp-json\/wp\/v2\/media?parent=3195"}],"wp:term":[{"taxonomy":"product_brand","embeddable":true,"href":"https:\/\/fumotpuff.com\/it\/wp-json\/wp\/v2\/product_brand?post=3195"},{"taxonomy":"product_cat","embeddable":true,"href":"https:\/\/fumotpuff.com\/it\/wp-json\/wp\/v2\/product_cat?post=3195"},{"taxonomy":"product_tag","embeddable":true,"href":"https:\/\/fumotpuff.com\/it\/wp-json\/wp\/v2\/product_tag?post=3195"}],"curies":[{"name":"wp","href":"https:\/\/api.w.org\/{rel}","templated":true}]}}